{"id":33014,"date":"2023-09-23T10:31:16","date_gmt":"2023-09-23T10:31:16","guid":{"rendered":"https:\/\/tinyknit.eu\/product\/senza-categoria\/plushie-sleeping-toy-comforter-giraffe\/"},"modified":"2025-07-30T17:15:33","modified_gmt":"2025-07-30T17:15:33","slug":"peluche-per-dormire-doudou-giraffa","status":"publish","type":"product","link":"https:\/\/tinyknit.eu\/it\/product\/giocattoli-da-coccolare\/peluche-per-dormire-doudou-giraffa\/","title":{"rendered":"Peluche per Dormire, Doudou \u2013 Giraffa"},"content":{"rendered":"<p data-start=\"81\" data-end=\"394\">Stai cercando un compagno unico e coccoloso per il sonno del tuo bambino? Non cercare oltre: questo adorabile giocattolo all\u2019uncinetto \u00e8 proprio ci\u00f2 che fa per te! Perfetto per le coccole durante la nanna e per i momenti di gioco durante il giorno, \u00e8 un regalo ideale per ogni neonato o bambino, di qualsiasi et\u00e0.<\/p>\n<p data-start=\"396\" data-end=\"786\"><strong data-start=\"396\" data-end=\"416\">Caratteristiche:<\/strong><br \/>\n\u2022 Il peluche per dormire stimola il tatto grazie alla combinazione di filati con diverse texture, che incuriosiscono il bambino e lo aiutano a scoprire il mondo che lo circonda.<br data-start=\"594\" data-end=\"597\" \/>\u2022 Tutti i giocattoli sono realizzati con materiali ipoallergenici, sicuri per il bambino.<br data-start=\"686\" data-end=\"689\" \/>\u2022 Il giocattolo pu\u00f2 essere anche un elemento decorativo interessante nella cameretta del bambino.<\/p>\n<p data-start=\"788\" data-end=\"1013\"><strong data-start=\"788\" data-end=\"803\">Dimensioni:<\/strong> circa 55 x 19 cm<br data-start=\"820\" data-end=\"823\" \/><strong data-start=\"823\" data-end=\"837\">Materiale:<\/strong> Questo articolo \u00e8 realizzato a mano con filato ipoallergenico, in peluche e cotone. \u00c8 imbottito con holofiber e realizzato in un ambiente senza fumo e senza animali domestici.<\/p>\n<p data-start=\"1015\" data-end=\"1057\"><strong data-start=\"1015\" data-end=\"1057\">Realizzato in Estonia, Unione Europea.<\/strong><\/p>\n<p data-start=\"1059\" data-end=\"1106\"><strong data-start=\"1059\" data-end=\"1079\">Il Set Contiene:<\/strong><br data-start=\"1079\" data-end=\"1082\" \/>\u2022 1x Peluche per Dormire<\/p>\n<p data-start=\"1108\" data-end=\"1225\"><strong data-start=\"1108\" data-end=\"1146\">Il Regalo Perfetto per un Neonato!<\/strong><br data-start=\"1146\" data-end=\"1149\" \/>Confezione pronta per ogni baby shower, lista nascita o festa di compleanno.<\/p>\n<p data-start=\"1227\" data-end=\"1500\"><strong data-start=\"1227\" data-end=\"1252\">Consigli per la cura:<\/strong><br data-start=\"1252\" data-end=\"1255\" \/>\u2022 Per prevenire reazioni allergiche, utilizzare detergenti liquidi e ipoallergenici.<br data-start=\"1339\" data-end=\"1342\" \/>\u2022 Lavare in lavatrice con ciclo delicato, impostando la temperatura a 30 gradi per 30 minuti.<br data-start=\"1435\" data-end=\"1438\" \/>\u2022 Dopo il lavaggio, lasciare asciugare il giocattolo in piano.<\/p>\n","protected":false},"excerpt":{"rendered":"<p>Stai cercando un compagno unico e coccoloso per il sonno del tuo bambino? Non cercare oltre: questo adorabile giocattolo all\u2019uncinetto \u00e8 proprio ci\u00f2 che fa per te! Perfetto per le coccole durante la nanna e per i momenti di gioco durante il giorno, \u00e8 un regalo ideale per ogni neonato o bambino, di qualsiasi et\u00e0.<\/p>\n","protected":false},"featured_media":33026,"comment_status":"open","ping_status":"closed","template":"","meta":[],"product_brand":[],"product_cat":[691,683],"product_tag":[],"class_list":{"0":"post-33014","1":"product","2":"type-product","3":"status-publish","4":"has-post-thumbnail","6":"product_cat-giocattoli-da-coccolare","7":"product_cat-su-ordinazione","9":"first","10":"onbackorder","11":"taxable","12":"shipping-taxable","13":"purchasable","14":"product-type-simple"},"_links":{"self":[{"href":"https:\/\/tinyknit.eu\/it\/wp-json\/wp\/v2\/product\/33014","targetHints":{"allow":["GET"]}}],"collection":[{"href":"https:\/\/tinyknit.eu\/it\/wp-json\/wp\/v2\/product"}],"about":[{"href":"https:\/\/tinyknit.eu\/it\/wp-json\/wp\/v2\/types\/product"}],"replies":[{"embeddable":true,"href":"https:\/\/tinyknit.eu\/it\/wp-json\/wp\/v2\/comments?post=33014"}],"version-history":[{"count":2,"href":"https:\/\/tinyknit.eu\/it\/wp-json\/wp\/v2\/product\/33014\/revisions"}],"predecessor-version":[{"id":33076,"href":"https:\/\/tinyknit.eu\/it\/wp-json\/wp\/v2\/product\/33014\/revisions\/33076"}],"wp:featuredmedia":[{"embeddable":true,"href":"https:\/\/tinyknit.eu\/it\/wp-json\/wp\/v2\/media\/33026"}],"wp:attachment":[{"href":"https:\/\/tinyknit.eu\/it\/wp-json\/wp\/v2\/media?parent=33014"}],"wp:term":[{"taxonomy":"product_brand","embeddable":true,"href":"https:\/\/tinyknit.eu\/it\/wp-json\/wp\/v2\/product_brand?post=33014"},{"taxonomy":"product_cat","embeddable":true,"href":"https:\/\/tinyknit.eu\/it\/wp-json\/wp\/v2\/product_cat?post=33014"},{"taxonomy":"product_tag","embeddable":true,"href":"https:\/\/tinyknit.eu\/it\/wp-json\/wp\/v2\/product_tag?post=33014"}],"curies":[{"name":"wp","href":"https:\/\/api.w.org\/{rel}","templated":true}]}}