{"id":32928,"date":"2023-10-07T17:39:06","date_gmt":"2023-10-07T17:39:06","guid":{"rendered":"https:\/\/tinyknit.eu\/product\/senza-categoria\/plushie-sleeping-toy-comforter-dragon-3\/"},"modified":"2026-04-25T19:51:31","modified_gmt":"2026-04-25T19:51:31","slug":"peluches-da-nanna-compagno-del-sonno-drago-2","status":"publish","type":"product","link":"https:\/\/tinyknit.eu\/it\/product\/giocattoli-da-coccolare\/peluches-da-nanna-compagno-del-sonno-drago-2\/","title":{"rendered":"Peluches da Nanna, Compagno del Sonno \u2013 Drago"},"content":{"rendered":"<p data-start=\"51\" data-end=\"348\">Stai cercando un compagno unico e accogliente per il sonno del tuo bambino? Non cercare oltre: questo adorabile peluche all\u2019uncinetto \u00e8 proprio ci\u00f2 che fa per te! Perfetto per le coccole durante la notte e per il gioco durante il giorno, \u00e8 un regalo ideale per qualsiasi bambino, di qualsiasi et\u00e0.<\/p>\n<p data-start=\"350\" data-end=\"739\"><strong data-start=\"350\" data-end=\"370\">Caratteristiche:<\/strong><br data-start=\"370\" data-end=\"373\" \/>\u2022 Il peluche da nanna stimola le sensazioni tattili grazie alla combinazione di filati con diverse texture, che incuriosiscono il bambino e lo aiutano a conoscere il mondo circostante.<br data-start=\"557\" data-end=\"560\" \/>\u2022 Tutti i peluche sono realizzati con materiali ipoallergenici, quindi sicuri per il bambino.<br data-start=\"653\" data-end=\"656\" \/>\u2022 Pu\u00f2 diventare un\u2019interessante aggiunta decorativa alla cameretta di ogni bambino.<\/p>\n<p data-start=\"741\" data-end=\"960\"><strong data-start=\"741\" data-end=\"756\">Dimensioni:<\/strong> circa 55 x 18 cm<br data-start=\"773\" data-end=\"776\" \/><strong data-start=\"776\" data-end=\"790\">Materiale:<\/strong> Questo articolo \u00e8 realizzato a mano con filati ipoallergenici in peluche e cotone. \u00c8 imbottito con holofiber e prodotto in un ambiente privo di fumo e animali domestici.<\/p>\n<p data-start=\"962\" data-end=\"1002\"><strong data-start=\"962\" data-end=\"1002\">Prodotto in Estonia, Unione Europea.<\/strong><\/p>\n<p data-start=\"1004\" data-end=\"1050\"><strong data-start=\"1004\" data-end=\"1026\">Contenuto del Set:<\/strong><br data-start=\"1026\" data-end=\"1029\" \/>\u2022 1x Peluche da Nanna<\/p>\n<p data-start=\"1052\" data-end=\"1187\"><strong data-start=\"1052\" data-end=\"1090\">Il Regalo Perfetto per un Neonato!<\/strong><br data-start=\"1090\" data-end=\"1093\" \/>Confezione pronta per essere regalata in occasione di baby shower, lista nascita o compleanno.<\/p>\n<p data-start=\"1189\" data-end=\"1435\" data-is-last-node=\"\" data-is-only-node=\"\"><strong data-start=\"1189\" data-end=\"1214\">Consigli per la Cura:<\/strong><br data-start=\"1214\" data-end=\"1217\" \/>\u2022 Per prevenire reazioni allergiche, utilizzare detergenti liquidi e ipoallergenici.<br data-start=\"1301\" data-end=\"1304\" \/>\u2022 Lavare in lavatrice con ciclo delicato a 30\u00b0C per 30 minuti.<br data-start=\"1366\" data-end=\"1369\" \/>\u2022 Dopo il lavaggio, asciugare il peluche in posizione orizzontale.<\/p>\n","protected":false},"excerpt":{"rendered":"<p>Stai cercando un compagno unico e accogliente per il sonno del tuo bambino? Non cercare oltre: questo adorabile peluche all\u2019uncinetto \u00e8 proprio ci\u00f2 che fa per te! Perfetto per le coccole durante la notte e per il gioco durante il giorno, \u00e8 un regalo ideale per qualsiasi bambino, di qualsiasi et\u00e0.<\/p>\n","protected":false},"featured_media":32952,"comment_status":"open","ping_status":"closed","template":"","meta":[],"product_brand":[],"product_cat":[691,683],"product_tag":[],"class_list":{"0":"post-32928","1":"product","2":"type-product","3":"status-publish","4":"has-post-thumbnail","6":"product_cat-giocattoli-da-coccolare","7":"product_cat-su-ordinazione","9":"first","10":"onbackorder","11":"taxable","12":"shipping-taxable","13":"purchasable","14":"product-type-simple"},"_links":{"self":[{"href":"https:\/\/tinyknit.eu\/it\/wp-json\/wp\/v2\/product\/32928","targetHints":{"allow":["GET"]}}],"collection":[{"href":"https:\/\/tinyknit.eu\/it\/wp-json\/wp\/v2\/product"}],"about":[{"href":"https:\/\/tinyknit.eu\/it\/wp-json\/wp\/v2\/types\/product"}],"replies":[{"embeddable":true,"href":"https:\/\/tinyknit.eu\/it\/wp-json\/wp\/v2\/comments?post=32928"}],"version-history":[{"count":2,"href":"https:\/\/tinyknit.eu\/it\/wp-json\/wp\/v2\/product\/32928\/revisions"}],"predecessor-version":[{"id":32981,"href":"https:\/\/tinyknit.eu\/it\/wp-json\/wp\/v2\/product\/32928\/revisions\/32981"}],"wp:featuredmedia":[{"embeddable":true,"href":"https:\/\/tinyknit.eu\/it\/wp-json\/wp\/v2\/media\/32952"}],"wp:attachment":[{"href":"https:\/\/tinyknit.eu\/it\/wp-json\/wp\/v2\/media?parent=32928"}],"wp:term":[{"taxonomy":"product_brand","embeddable":true,"href":"https:\/\/tinyknit.eu\/it\/wp-json\/wp\/v2\/product_brand?post=32928"},{"taxonomy":"product_cat","embeddable":true,"href":"https:\/\/tinyknit.eu\/it\/wp-json\/wp\/v2\/product_cat?post=32928"},{"taxonomy":"product_tag","embeddable":true,"href":"https:\/\/tinyknit.eu\/it\/wp-json\/wp\/v2\/product_tag?post=32928"}],"curies":[{"name":"wp","href":"https:\/\/api.w.org\/{rel}","templated":true}]}}