{"id":32904,"date":"2023-10-24T05:53:58","date_gmt":"2023-10-24T05:53:58","guid":{"rendered":"https:\/\/tinyknit.eu\/product\/senza-categoria\/plushie-sleeping-toy-comforter-giraffe-3\/"},"modified":"2025-07-30T17:03:50","modified_gmt":"2025-07-30T17:03:50","slug":"peluches-da-nanna-compagno-del-sonno-giraffa-2","status":"publish","type":"product","link":"https:\/\/tinyknit.eu\/it\/product\/giocattoli-da-coccolare\/peluches-da-nanna-compagno-del-sonno-giraffa-2\/","title":{"rendered":"Peluches da Nanna, Compagno del Sonno \u2013 Giraffa"},"content":{"rendered":"<p data-start=\"53\" data-end=\"350\">Stai cercando un compagno unico e accogliente per il sonno del tuo bambino? Non cercare oltre: questo adorabile peluche all\u2019uncinetto \u00e8 proprio ci\u00f2 che fa per te! Perfetto per le coccole durante la notte e per il gioco durante il giorno, \u00e8 un regalo ideale per qualsiasi bambino, di qualsiasi et\u00e0.<\/p>\n<p data-start=\"352\" data-end=\"741\"><strong data-start=\"352\" data-end=\"372\">Caratteristiche:<\/strong><br data-start=\"372\" data-end=\"375\" \/>\u2022 Il peluche da nanna stimola le sensazioni tattili grazie alla combinazione di filati con diverse texture, che incuriosiscono il bambino e lo aiutano a conoscere il mondo circostante.<br data-start=\"559\" data-end=\"562\" \/>\u2022 Tutti i peluche sono realizzati con materiali ipoallergenici, quindi sicuri per il bambino.<br data-start=\"655\" data-end=\"658\" \/>\u2022 Pu\u00f2 diventare un\u2019interessante aggiunta decorativa alla cameretta di ogni bambino.<\/p>\n<p data-start=\"743\" data-end=\"962\"><strong data-start=\"743\" data-end=\"758\">Dimensioni:<\/strong> circa 60 x 20 cm<br data-start=\"775\" data-end=\"778\" \/><strong data-start=\"778\" data-end=\"792\">Materiale:<\/strong> Questo articolo \u00e8 lavorato a mano con filati ipoallergenici in peluche e cotone. \u00c8 imbottito con holofiber e realizzato in un ambiente privo di fumo e animali domestici.<\/p>\n<p data-start=\"964\" data-end=\"1081\">Ogni componente \u00e8 realizzato a maglia, senza occhi in plastica o altre parti potenzialmente pericolose per i bambini.<\/p>\n<p data-start=\"1083\" data-end=\"1123\"><strong data-start=\"1083\" data-end=\"1123\">Prodotto in Estonia, Unione Europea.<\/strong><\/p>\n<p data-start=\"1125\" data-end=\"1171\"><strong data-start=\"1125\" data-end=\"1147\">Contenuto del Set:<\/strong><br data-start=\"1147\" data-end=\"1150\" \/>\u2022 1x Peluche da Nanna<\/p>\n<p data-start=\"1173\" data-end=\"1308\"><strong data-start=\"1173\" data-end=\"1211\">Il Regalo Perfetto per un Neonato!<\/strong><br data-start=\"1211\" data-end=\"1214\" \/>Confezione pronta per essere regalata in occasione di baby shower, lista nascita o compleanno.<\/p>\n<p data-start=\"1310\" data-end=\"1556\" data-is-last-node=\"\" data-is-only-node=\"\"><strong data-start=\"1310\" data-end=\"1335\">Consigli per la Cura:<\/strong><br data-start=\"1335\" data-end=\"1338\" \/>\u2022 Per prevenire reazioni allergiche, utilizzare detergenti liquidi e ipoallergenici.<br data-start=\"1422\" data-end=\"1425\" \/>\u2022 Lavare in lavatrice con ciclo delicato a 30\u00b0C per 30 minuti.<br data-start=\"1487\" data-end=\"1490\" \/>\u2022 Dopo il lavaggio, asciugare il peluche in posizione orizzontale.<\/p>\n","protected":false},"excerpt":{"rendered":"<p>Stai cercando un compagno unico e accogliente per il sonno del tuo bambino? Non cercare oltre: questo adorabile peluche all\u2019uncinetto \u00e8 proprio ci\u00f2 che fa per te! Perfetto per le coccole durante la notte e per il gioco durante il giorno, \u00e8 un regalo ideale per qualsiasi bambino, di qualsiasi et\u00e0.<\/p>\n","protected":false},"featured_media":32906,"comment_status":"open","ping_status":"closed","template":"","meta":[],"product_brand":[],"product_cat":[691,689],"product_tag":[],"class_list":{"0":"post-32904","1":"product","2":"type-product","3":"status-publish","4":"has-post-thumbnail","6":"product_cat-giocattoli-da-coccolare","7":"product_cat-pronto-per-la-spedizione","9":"first","10":"instock","11":"taxable","12":"shipping-taxable","13":"purchasable","14":"product-type-simple"},"_links":{"self":[{"href":"https:\/\/tinyknit.eu\/it\/wp-json\/wp\/v2\/product\/32904","targetHints":{"allow":["GET"]}}],"collection":[{"href":"https:\/\/tinyknit.eu\/it\/wp-json\/wp\/v2\/product"}],"about":[{"href":"https:\/\/tinyknit.eu\/it\/wp-json\/wp\/v2\/types\/product"}],"replies":[{"embeddable":true,"href":"https:\/\/tinyknit.eu\/it\/wp-json\/wp\/v2\/comments?post=32904"}],"version-history":[{"count":2,"href":"https:\/\/tinyknit.eu\/it\/wp-json\/wp\/v2\/product\/32904\/revisions"}],"predecessor-version":[{"id":32914,"href":"https:\/\/tinyknit.eu\/it\/wp-json\/wp\/v2\/product\/32904\/revisions\/32914"}],"wp:featuredmedia":[{"embeddable":true,"href":"https:\/\/tinyknit.eu\/it\/wp-json\/wp\/v2\/media\/32906"}],"wp:attachment":[{"href":"https:\/\/tinyknit.eu\/it\/wp-json\/wp\/v2\/media?parent=32904"}],"wp:term":[{"taxonomy":"product_brand","embeddable":true,"href":"https:\/\/tinyknit.eu\/it\/wp-json\/wp\/v2\/product_brand?post=32904"},{"taxonomy":"product_cat","embeddable":true,"href":"https:\/\/tinyknit.eu\/it\/wp-json\/wp\/v2\/product_cat?post=32904"},{"taxonomy":"product_tag","embeddable":true,"href":"https:\/\/tinyknit.eu\/it\/wp-json\/wp\/v2\/product_tag?post=32904"}],"curies":[{"name":"wp","href":"https:\/\/api.w.org\/{rel}","templated":true}]}}