{"id":32895,"date":"2023-10-24T06:37:16","date_gmt":"2023-10-24T06:37:16","guid":{"rendered":"https:\/\/tinyknit.eu\/product\/senza-categoria\/plushie-sleeping-toy-comforter-giraffe-4\/"},"modified":"2025-07-30T17:03:11","modified_gmt":"2025-07-30T17:03:11","slug":"peluches-da-nanna-compagno-del-sonno-giraffa","status":"publish","type":"product","link":"https:\/\/tinyknit.eu\/it\/product\/giocattoli-da-coccolare\/peluches-da-nanna-compagno-del-sonno-giraffa\/","title":{"rendered":"Peluches da Nanna, Compagno del Sonno \u2013 Giraffa"},"content":{"rendered":"<p data-start=\"53\" data-end=\"350\">Stai cercando un compagno unico e accogliente per il sonno del tuo bambino? Non cercare oltre: questo adorabile peluche all\u2019uncinetto \u00e8 proprio ci\u00f2 che fa per te. Perfetto per le coccole durante la notte e per il gioco durante il giorno, \u00e8 un regalo ideale per qualsiasi bambino, di qualsiasi et\u00e0.<\/p>\n<p data-start=\"352\" data-end=\"741\"><strong data-start=\"352\" data-end=\"372\">Caratteristiche:<\/strong><br data-start=\"372\" data-end=\"375\" \/>\u2022 Il peluche da nanna stimola le sensazioni tattili grazie alla combinazione di filati con diverse texture, che incuriosiscono il bambino e lo aiutano a conoscere il mondo circostante.<br data-start=\"559\" data-end=\"562\" \/>\u2022 Tutti i peluche sono realizzati con materiali ipoallergenici, quindi sicuri per il bambino.<br data-start=\"655\" data-end=\"658\" \/>\u2022 Pu\u00f2 diventare un\u2019interessante aggiunta decorativa alla cameretta di ogni bambino.<\/p>\n<p data-start=\"743\" data-end=\"941\"><strong data-start=\"743\" data-end=\"758\">Dimensioni:<\/strong> circa 60 x 20 cm<br data-start=\"775\" data-end=\"778\" \/><strong data-start=\"778\" data-end=\"792\">Materiale:<\/strong> Realizzato a mano con filati ipoallergenici in peluche e cotone. Imbottito con holofiber. Prodotto in un ambiente privo di fumo e animali domestici.<\/p>\n<p data-start=\"943\" data-end=\"1067\">Ogni componente \u00e8 realizzato a maglia a mano, senza occhi in plastica o altre parti potenzialmente pericolose per i bambini.<\/p>\n<p data-start=\"1069\" data-end=\"1109\"><strong data-start=\"1069\" data-end=\"1109\">Prodotto in Estonia, Unione Europea.<\/strong><\/p>\n<p data-start=\"1111\" data-end=\"1154\"><strong data-start=\"1111\" data-end=\"1130\">Il Set Include:<\/strong><br data-start=\"1130\" data-end=\"1133\" \/>\u2022 1x Peluche da Nanna<\/p>\n<p data-start=\"1156\" data-end=\"1268\"><strong data-start=\"1156\" data-end=\"1191\">Il regalo perfetto per neonati!<\/strong><br data-start=\"1191\" data-end=\"1194\" \/>Confezione regalo pronta per ogni baby shower, lista nascita o compleanno.<\/p>\n<p data-start=\"1270\" data-end=\"1516\" data-is-last-node=\"\" data-is-only-node=\"\"><strong data-start=\"1270\" data-end=\"1295\">Consigli per la cura:<\/strong><br data-start=\"1295\" data-end=\"1298\" \/>\u2022 Per prevenire reazioni allergiche, utilizzare detergenti liquidi e ipoallergenici.<br data-start=\"1382\" data-end=\"1385\" \/>\u2022 Lavare in lavatrice con ciclo delicato a 30\u00b0C per 30 minuti.<br data-start=\"1447\" data-end=\"1450\" \/>\u2022 Dopo il lavaggio, asciugare il peluche in posizione orizzontale.<\/p>\n","protected":false},"excerpt":{"rendered":"<p>Stai cercando un compagno unico e accogliente per il sonno del tuo bambino? Non cercare oltre: questo adorabile peluche all\u2019uncinetto \u00e8 proprio ci\u00f2 che fa per te. Perfetto per le coccole durante la notte e per il gioco durante il giorno, \u00e8 un regalo ideale per qualsiasi bambino, di qualsiasi et\u00e0.<\/p>\n","protected":false},"featured_media":32903,"comment_status":"open","ping_status":"closed","template":"","meta":[],"product_brand":[],"product_cat":[691,683],"product_tag":[],"class_list":{"0":"post-32895","1":"product","2":"type-product","3":"status-publish","4":"has-post-thumbnail","6":"product_cat-giocattoli-da-coccolare","7":"product_cat-su-ordinazione","9":"first","10":"onbackorder","11":"taxable","12":"shipping-taxable","13":"purchasable","14":"product-type-simple"},"_links":{"self":[{"href":"https:\/\/tinyknit.eu\/it\/wp-json\/wp\/v2\/product\/32895","targetHints":{"allow":["GET"]}}],"collection":[{"href":"https:\/\/tinyknit.eu\/it\/wp-json\/wp\/v2\/product"}],"about":[{"href":"https:\/\/tinyknit.eu\/it\/wp-json\/wp\/v2\/types\/product"}],"replies":[{"embeddable":true,"href":"https:\/\/tinyknit.eu\/it\/wp-json\/wp\/v2\/comments?post=32895"}],"version-history":[{"count":2,"href":"https:\/\/tinyknit.eu\/it\/wp-json\/wp\/v2\/product\/32895\/revisions"}],"predecessor-version":[{"id":32912,"href":"https:\/\/tinyknit.eu\/it\/wp-json\/wp\/v2\/product\/32895\/revisions\/32912"}],"wp:featuredmedia":[{"embeddable":true,"href":"https:\/\/tinyknit.eu\/it\/wp-json\/wp\/v2\/media\/32903"}],"wp:attachment":[{"href":"https:\/\/tinyknit.eu\/it\/wp-json\/wp\/v2\/media?parent=32895"}],"wp:term":[{"taxonomy":"product_brand","embeddable":true,"href":"https:\/\/tinyknit.eu\/it\/wp-json\/wp\/v2\/product_brand?post=32895"},{"taxonomy":"product_cat","embeddable":true,"href":"https:\/\/tinyknit.eu\/it\/wp-json\/wp\/v2\/product_cat?post=32895"},{"taxonomy":"product_tag","embeddable":true,"href":"https:\/\/tinyknit.eu\/it\/wp-json\/wp\/v2\/product_tag?post=32895"}],"curies":[{"name":"wp","href":"https:\/\/api.w.org\/{rel}","templated":true}]}}