{"id":32891,"date":"2023-10-25T11:46:19","date_gmt":"2023-10-25T11:46:19","guid":{"rendered":"https:\/\/tinyknit.eu\/product\/senza-categoria\/plushie-sleeping-toy-comforter-dinosaur\/"},"modified":"2025-07-30T17:04:59","modified_gmt":"2025-07-30T17:04:59","slug":"peluches-da-nanna-compagno-del-sonno-dinosauro","status":"publish","type":"product","link":"https:\/\/tinyknit.eu\/it\/product\/giocattoli-da-coccolare\/peluches-da-nanna-compagno-del-sonno-dinosauro\/","title":{"rendered":"Peluches da Nanna, Compagno del Sonno \u2013 Dinosauro"},"content":{"rendered":"<p data-start=\"55\" data-end=\"352\">Stai cercando un compagno unico e accogliente per il sonno del tuo bambino? Non cercare oltre: questo adorabile peluche all\u2019uncinetto \u00e8 proprio ci\u00f2 che fa per te. Perfetto per le coccole durante la notte e per il gioco durante il giorno, \u00e8 un regalo ideale per qualsiasi bambino, di qualsiasi et\u00e0.<\/p>\n<p data-start=\"354\" data-end=\"743\"><strong data-start=\"354\" data-end=\"374\">Caratteristiche:<\/strong><br data-start=\"374\" data-end=\"377\" \/>\u2022 Il peluche da nanna stimola le sensazioni tattili grazie alla combinazione di filati con diverse texture, che incuriosiscono il bambino e lo aiutano a conoscere il mondo circostante.<br data-start=\"561\" data-end=\"564\" \/>\u2022 Tutti i peluche sono realizzati con materiali ipoallergenici, quindi sicuri per il bambino.<br data-start=\"657\" data-end=\"660\" \/>\u2022 Pu\u00f2 diventare un\u2019interessante aggiunta decorativa alla cameretta di ogni bambino.<\/p>\n<p data-start=\"745\" data-end=\"943\"><strong data-start=\"745\" data-end=\"760\">Dimensioni:<\/strong> circa 55 x 18 cm<br data-start=\"777\" data-end=\"780\" \/><strong data-start=\"780\" data-end=\"794\">Materiale:<\/strong> Realizzato a mano con filati ipoallergenici in peluche e cotone. Imbottito con holofiber. Prodotto in un ambiente privo di fumo e animali domestici.<\/p>\n<p data-start=\"945\" data-end=\"985\"><strong data-start=\"945\" data-end=\"985\">Prodotto in Estonia, Unione Europea.<\/strong><\/p>\n<p data-start=\"987\" data-end=\"1030\"><strong data-start=\"987\" data-end=\"1006\">Il Set Include:<\/strong><br data-start=\"1006\" data-end=\"1009\" \/>\u2022 1x Peluche da Nanna<\/p>\n<p data-start=\"1032\" data-end=\"1144\"><strong data-start=\"1032\" data-end=\"1067\">Il regalo perfetto per neonati!<\/strong><br data-start=\"1067\" data-end=\"1070\" \/>Confezione regalo pronta per ogni baby shower, lista nascita o compleanno.<\/p>\n<p data-start=\"1146\" data-end=\"1392\" data-is-last-node=\"\" data-is-only-node=\"\"><strong data-start=\"1146\" data-end=\"1171\">Consigli per la cura:<\/strong><br data-start=\"1171\" data-end=\"1174\" \/>\u2022 Per prevenire reazioni allergiche, utilizzare detergenti liquidi e ipoallergenici.<br data-start=\"1258\" data-end=\"1261\" \/>\u2022 Lavare in lavatrice con ciclo delicato a 30\u00b0C per 30 minuti.<br data-start=\"1323\" data-end=\"1326\" \/>\u2022 Dopo il lavaggio, asciugare il peluche in posizione orizzontale.<\/p>\n","protected":false},"excerpt":{"rendered":"<p>Stai cercando un compagno unico e accogliente per il sonno del tuo bambino? Non cercare oltre: questo adorabile peluche all\u2019uncinetto \u00e8 proprio ci\u00f2 che fa per te. Perfetto per le coccole durante la notte e per il gioco durante il giorno, \u00e8 un regalo ideale per qualsiasi bambino, di qualsiasi et\u00e0.<\/p>\n","protected":false},"featured_media":34421,"comment_status":"open","ping_status":"closed","template":"","meta":[],"product_brand":[],"product_cat":[691,683],"product_tag":[],"class_list":{"0":"post-32891","1":"product","2":"type-product","3":"status-publish","4":"has-post-thumbnail","6":"product_cat-giocattoli-da-coccolare","7":"product_cat-su-ordinazione","9":"first","10":"onbackorder","11":"taxable","12":"shipping-taxable","13":"purchasable","14":"product-type-simple"},"_links":{"self":[{"href":"https:\/\/tinyknit.eu\/it\/wp-json\/wp\/v2\/product\/32891","targetHints":{"allow":["GET"]}}],"collection":[{"href":"https:\/\/tinyknit.eu\/it\/wp-json\/wp\/v2\/product"}],"about":[{"href":"https:\/\/tinyknit.eu\/it\/wp-json\/wp\/v2\/types\/product"}],"replies":[{"embeddable":true,"href":"https:\/\/tinyknit.eu\/it\/wp-json\/wp\/v2\/comments?post=32891"}],"version-history":[{"count":2,"href":"https:\/\/tinyknit.eu\/it\/wp-json\/wp\/v2\/product\/32891\/revisions"}],"predecessor-version":[{"id":32909,"href":"https:\/\/tinyknit.eu\/it\/wp-json\/wp\/v2\/product\/32891\/revisions\/32909"}],"wp:featuredmedia":[{"embeddable":true,"href":"https:\/\/tinyknit.eu\/it\/wp-json\/wp\/v2\/media\/34421"}],"wp:attachment":[{"href":"https:\/\/tinyknit.eu\/it\/wp-json\/wp\/v2\/media?parent=32891"}],"wp:term":[{"taxonomy":"product_brand","embeddable":true,"href":"https:\/\/tinyknit.eu\/it\/wp-json\/wp\/v2\/product_brand?post=32891"},{"taxonomy":"product_cat","embeddable":true,"href":"https:\/\/tinyknit.eu\/it\/wp-json\/wp\/v2\/product_cat?post=32891"},{"taxonomy":"product_tag","embeddable":true,"href":"https:\/\/tinyknit.eu\/it\/wp-json\/wp\/v2\/product_tag?post=32891"}],"curies":[{"name":"wp","href":"https:\/\/api.w.org\/{rel}","templated":true}]}}