{"id":32888,"date":"2023-10-25T11:58:57","date_gmt":"2023-10-25T11:58:57","guid":{"rendered":"https:\/\/tinyknit.eu\/product\/senza-categoria\/plushie-sleeping-toy-comforter-dinosaur-2\/"},"modified":"2025-07-30T17:05:04","modified_gmt":"2025-07-30T17:05:04","slug":"peluche-da-nanna-doudou-dinosauro","status":"publish","type":"product","link":"https:\/\/tinyknit.eu\/it\/product\/giocattoli-da-coccolare\/peluche-da-nanna-doudou-dinosauro\/","title":{"rendered":"Peluche da Nanna, Doudou \u2013 Dinosauro"},"content":{"rendered":"<p data-start=\"136\" data-end=\"438\">Stai cercando un compagno di nanna unico e coccoloso per il tuo piccolo? Non cercare oltre: questo adorabile giocattolo all\u2019uncinetto \u00e8 proprio ci\u00f2 che fa al caso tuo! Perfetto per le coccole durante la nanna e per il gioco durante il giorno, \u00e8 un regalo ideale per qualsiasi bambino, di qualsiasi et\u00e0.<\/p>\n<p data-start=\"440\" data-end=\"826\"><strong data-start=\"440\" data-end=\"460\">Caratteristiche:<\/strong><br data-start=\"460\" data-end=\"463\" \/>\u2022 Il peluche da nanna stimola le sensazioni tattili grazie alla combinazione di filati con diverse texture, che incuriosiscono il bambino e lo aiutano a esplorare il mondo circostante.<br data-start=\"647\" data-end=\"650\" \/>\u2022 Tutti i giocattoli sono realizzati con materiali ipoallergenici, sicuri per il bambino.<br data-start=\"739\" data-end=\"742\" \/>\u2022 Pu\u00f2 diventare anche un&#8217;aggiunta decorativa originale per la cameretta del bambino.<\/p>\n<p data-start=\"828\" data-end=\"1024\"><strong data-start=\"828\" data-end=\"843\">Dimensioni:<\/strong> circa 55 x 18 cm<br data-start=\"860\" data-end=\"863\" \/><strong data-start=\"863\" data-end=\"877\">Materiali:<\/strong> Realizzato a mano con filati ipoallergenici, peluche e cotone. Imbottito con holofiber. Prodotto in un ambiente privo di fumo e animali domestici.<\/p>\n<p data-start=\"1026\" data-end=\"1062\">Prodotto in Estonia, Unione Europea.<\/p>\n<p data-start=\"1064\" data-end=\"1108\"><strong data-start=\"1064\" data-end=\"1084\">Il set contiene:<\/strong><br data-start=\"1084\" data-end=\"1087\" \/>\u2022 1x Peluche da Nanna<\/p>\n<p data-start=\"1110\" data-end=\"1233\"><strong data-start=\"1110\" data-end=\"1148\">Il regalo perfetto per un neonato!<\/strong><br data-start=\"1148\" data-end=\"1151\" \/>Confezione pronta per essere regalata per baby shower, lista nascita o compleanno.<\/p>\n<p data-start=\"1235\" data-end=\"1485\"><strong data-start=\"1235\" data-end=\"1260\">Consigli per la cura:<\/strong><br data-start=\"1260\" data-end=\"1263\" \/>\u2022 Per prevenire reazioni allergiche, utilizzare detersivi liquidi e ipoallergenici.<br data-start=\"1346\" data-end=\"1349\" \/>\u2022 Lavare in lavatrice con ciclo delicato a 30 gradi per 30 minuti.<br data-start=\"1415\" data-end=\"1418\" \/>\u2022 Dopo il lavaggio, stendere il giocattolo in piano per asciugarlo.<\/p>\n","protected":false},"excerpt":{"rendered":"<p>Stai cercando un compagno di nanna unico e coccoloso per il tuo piccolo? Non cercare oltre: questo adorabile giocattolo all\u2019uncinetto \u00e8 proprio ci\u00f2 che fa al caso tuo! Perfetto per le coccole durante la nanna e per il gioco durante il giorno, \u00e8 un regalo ideale per qualsiasi bambino, di qualsiasi et\u00e0.<\/p>\n","protected":false},"featured_media":32889,"comment_status":"open","ping_status":"closed","template":"","meta":[],"product_brand":[],"product_cat":[691,683],"product_tag":[],"class_list":{"0":"post-32888","1":"product","2":"type-product","3":"status-publish","4":"has-post-thumbnail","6":"product_cat-giocattoli-da-coccolare","7":"product_cat-su-ordinazione","9":"first","10":"onbackorder","11":"taxable","12":"shipping-taxable","13":"purchasable","14":"product-type-simple"},"_links":{"self":[{"href":"https:\/\/tinyknit.eu\/it\/wp-json\/wp\/v2\/product\/32888","targetHints":{"allow":["GET"]}}],"collection":[{"href":"https:\/\/tinyknit.eu\/it\/wp-json\/wp\/v2\/product"}],"about":[{"href":"https:\/\/tinyknit.eu\/it\/wp-json\/wp\/v2\/types\/product"}],"replies":[{"embeddable":true,"href":"https:\/\/tinyknit.eu\/it\/wp-json\/wp\/v2\/comments?post=32888"}],"version-history":[{"count":1,"href":"https:\/\/tinyknit.eu\/it\/wp-json\/wp\/v2\/product\/32888\/revisions"}],"predecessor-version":[{"id":32907,"href":"https:\/\/tinyknit.eu\/it\/wp-json\/wp\/v2\/product\/32888\/revisions\/32907"}],"wp:featuredmedia":[{"embeddable":true,"href":"https:\/\/tinyknit.eu\/it\/wp-json\/wp\/v2\/media\/32889"}],"wp:attachment":[{"href":"https:\/\/tinyknit.eu\/it\/wp-json\/wp\/v2\/media?parent=32888"}],"wp:term":[{"taxonomy":"product_brand","embeddable":true,"href":"https:\/\/tinyknit.eu\/it\/wp-json\/wp\/v2\/product_brand?post=32888"},{"taxonomy":"product_cat","embeddable":true,"href":"https:\/\/tinyknit.eu\/it\/wp-json\/wp\/v2\/product_cat?post=32888"},{"taxonomy":"product_tag","embeddable":true,"href":"https:\/\/tinyknit.eu\/it\/wp-json\/wp\/v2\/product_tag?post=32888"}],"curies":[{"name":"wp","href":"https:\/\/api.w.org\/{rel}","templated":true}]}}