{"id":32872,"date":"2023-10-30T12:43:32","date_gmt":"2023-10-30T12:43:32","guid":{"rendered":"https:\/\/tinyknit.eu\/product\/senza-categoria\/plushie-sleeping-toy-comforter-zebra\/"},"modified":"2025-08-28T11:18:00","modified_gmt":"2025-08-28T11:18:00","slug":"peluche-da-nanna-doudou-zebra","status":"publish","type":"product","link":"https:\/\/tinyknit.eu\/it\/product\/giocattoli-da-coccolare\/peluche-da-nanna-doudou-zebra\/","title":{"rendered":"Peluche da Nanna, Doudou \u2013 Zebra"},"content":{"rendered":"<p data-start=\"97\" data-end=\"399\">Stai cercando un compagno di nanna unico e coccoloso per il tuo piccolo? Non cercare oltre: questo adorabile giocattolo all\u2019uncinetto \u00e8 proprio ci\u00f2 che fa al caso tuo! Perfetto per le coccole durante la nanna e per il gioco durante il giorno, \u00e8 un regalo ideale per qualsiasi bambino, di qualsiasi et\u00e0.<\/p>\n<p data-start=\"401\" data-end=\"807\"><strong data-start=\"401\" data-end=\"421\">Caratteristiche:<\/strong><br data-start=\"421\" data-end=\"424\" \/>\u2022 Il peluche da nanna arricchisce le sensazioni tattili grazie alla combinazione di filati con diverse texture, che incuriosiscono il bambino e lo aiutano a conoscere il mondo che lo circonda.<br data-start=\"616\" data-end=\"619\" \/>\u2022 Tutti i giocattoli sono realizzati con materiali ipoallergenici, sicuri per il bambino.<br data-start=\"708\" data-end=\"711\" \/>\u2022 Il giocattolo pu\u00f2 diventare un elemento decorativo originale per la cameretta di ogni bambino.<\/p>\n<p data-start=\"809\" data-end=\"1008\"><strong data-start=\"809\" data-end=\"824\">Dimensioni:<\/strong> circa 58 x 16 cm<br data-start=\"841\" data-end=\"844\" \/><strong data-start=\"844\" data-end=\"858\">Materiali:<\/strong> Realizzato a mano con filati ipoallergenici, peluche e cotone. Imbottito con holofiber. Prodotto in un ambiente senza fumo e senza animali domestici.<\/p>\n<p data-start=\"1010\" data-end=\"1046\">Prodotto in Estonia, Unione Europea.<\/p>\n<p data-start=\"1048\" data-end=\"1092\"><strong data-start=\"1048\" data-end=\"1068\">Il set contiene:<\/strong><br data-start=\"1068\" data-end=\"1071\" \/>\u2022 1x Peluche da Nanna<\/p>\n<p data-start=\"1094\" data-end=\"1217\"><strong data-start=\"1094\" data-end=\"1132\">Il regalo perfetto per un neonato!<\/strong><br data-start=\"1132\" data-end=\"1135\" \/>Confezione pronta per essere regalata per baby shower, lista nascita o compleanno.<\/p>\n<p data-start=\"1219\" data-end=\"1475\"><strong data-start=\"1219\" data-end=\"1244\">Consigli per la cura:<\/strong><br data-start=\"1244\" data-end=\"1247\" \/>\u2022 Per evitare reazioni allergiche, utilizzare detersivi liquidi e ipoallergenici.<br data-start=\"1328\" data-end=\"1331\" \/>\u2022 Lavare in lavatrice con il ciclo delicato a 30 gradi per 30 minuti.<br data-start=\"1400\" data-end=\"1403\" \/>\u2022 Dopo il lavaggio, stendere il giocattolo in piano per farlo asciugare.<\/p>\n","protected":false},"excerpt":{"rendered":"<p>Stai cercando un compagno di nanna unico e coccoloso per il tuo piccolo? Non cercare oltre: questo adorabile giocattolo all\u2019uncinetto \u00e8 proprio ci\u00f2 che fa al caso tuo! Perfetto per le coccole durante la nanna e per il gioco durante il giorno, \u00e8 un regalo ideale per qualsiasi bambino, di qualsiasi et\u00e0.<\/p>\n","protected":false},"featured_media":44527,"comment_status":"open","ping_status":"closed","template":"","meta":[],"product_brand":[],"product_cat":[691,683],"product_tag":[],"class_list":{"0":"post-32872","1":"product","2":"type-product","3":"status-publish","4":"has-post-thumbnail","6":"product_cat-giocattoli-da-coccolare","7":"product_cat-su-ordinazione","9":"first","10":"onbackorder","11":"taxable","12":"shipping-taxable","13":"purchasable","14":"product-type-simple"},"_links":{"self":[{"href":"https:\/\/tinyknit.eu\/it\/wp-json\/wp\/v2\/product\/32872","targetHints":{"allow":["GET"]}}],"collection":[{"href":"https:\/\/tinyknit.eu\/it\/wp-json\/wp\/v2\/product"}],"about":[{"href":"https:\/\/tinyknit.eu\/it\/wp-json\/wp\/v2\/types\/product"}],"replies":[{"embeddable":true,"href":"https:\/\/tinyknit.eu\/it\/wp-json\/wp\/v2\/comments?post=32872"}],"version-history":[{"count":2,"href":"https:\/\/tinyknit.eu\/it\/wp-json\/wp\/v2\/product\/32872\/revisions"}],"predecessor-version":[{"id":32884,"href":"https:\/\/tinyknit.eu\/it\/wp-json\/wp\/v2\/product\/32872\/revisions\/32884"}],"wp:featuredmedia":[{"embeddable":true,"href":"https:\/\/tinyknit.eu\/it\/wp-json\/wp\/v2\/media\/44527"}],"wp:attachment":[{"href":"https:\/\/tinyknit.eu\/it\/wp-json\/wp\/v2\/media?parent=32872"}],"wp:term":[{"taxonomy":"product_brand","embeddable":true,"href":"https:\/\/tinyknit.eu\/it\/wp-json\/wp\/v2\/product_brand?post=32872"},{"taxonomy":"product_cat","embeddable":true,"href":"https:\/\/tinyknit.eu\/it\/wp-json\/wp\/v2\/product_cat?post=32872"},{"taxonomy":"product_tag","embeddable":true,"href":"https:\/\/tinyknit.eu\/it\/wp-json\/wp\/v2\/product_tag?post=32872"}],"curies":[{"name":"wp","href":"https:\/\/api.w.org\/{rel}","templated":true}]}}