{"id":32868,"date":"2024-04-04T08:42:11","date_gmt":"2024-04-04T08:42:11","guid":{"rendered":"https:\/\/tinyknit.eu\/product\/senza-categoria\/plushie-sleeping-toy-comforter-lion\/"},"modified":"2025-07-30T16:42:59","modified_gmt":"2025-07-30T16:42:59","slug":"plushie-sleeping-toy-comforter-lion","status":"publish","type":"product","link":"https:\/\/tinyknit.eu\/it\/product\/giocattoli-da-coccolare\/plushie-sleeping-toy-comforter-lion\/","title":{"rendered":"Peluche da Nanna, Doudou \u2013 Leone"},"content":{"rendered":"<p data-start=\"97\" data-end=\"399\">Stai cercando un compagno di nanna unico e coccoloso per il tuo piccolo? Non cercare oltre: questo adorabile giocattolo all\u2019uncinetto \u00e8 proprio ci\u00f2 che fa al caso tuo! Perfetto per le coccole durante la nanna e per il gioco durante il giorno, \u00e8 un regalo ideale per qualsiasi bambino, di qualsiasi et\u00e0.<\/p>\n<p data-start=\"401\" data-end=\"807\"><strong data-start=\"401\" data-end=\"421\">Caratteristiche:<\/strong><br data-start=\"421\" data-end=\"424\" \/>\u2022 Il peluche da nanna arricchisce le sensazioni tattili grazie alla combinazione di filati con diverse texture, che incuriosiscono il bambino e lo aiutano a conoscere il mondo che lo circonda.<br data-start=\"616\" data-end=\"619\" \/>\u2022 Tutti i giocattoli sono realizzati con materiali ipoallergenici, sicuri per il bambino.<br data-start=\"708\" data-end=\"711\" \/>\u2022 Il giocattolo pu\u00f2 diventare un elemento decorativo originale per la cameretta di ogni bambino.<\/p>\n<p data-start=\"809\" data-end=\"998\"><strong data-start=\"809\" data-end=\"821\">Altezza:<\/strong> ca. 43 cm<br data-start=\"831\" data-end=\"834\" \/><strong data-start=\"834\" data-end=\"848\">Materiali:<\/strong> Realizzato a mano con filati ipoallergenici, peluche e cotone. Imbottito con holofiber. Prodotto in un ambiente senza fumo e senza animali domestici.<\/p>\n<p data-start=\"1000\" data-end=\"1036\">Prodotto in Estonia, Unione Europea.<\/p>\n<p data-start=\"1038\" data-end=\"1082\"><strong data-start=\"1038\" data-end=\"1058\">Il set contiene:<\/strong><br data-start=\"1058\" data-end=\"1061\" \/>\u2022 1x Peluche da Nanna<\/p>\n<p data-start=\"1084\" data-end=\"1207\"><strong data-start=\"1084\" data-end=\"1122\">Il regalo perfetto per un neonato!<\/strong><br data-start=\"1122\" data-end=\"1125\" \/>Confezione pronta per essere regalata per baby shower, lista nascita o compleanno.<\/p>\n<p data-start=\"1209\" data-end=\"1465\"><strong data-start=\"1209\" data-end=\"1234\">Consigli per la cura:<\/strong><br data-start=\"1234\" data-end=\"1237\" \/>\u2022 Per evitare reazioni allergiche, utilizzare detersivi liquidi e ipoallergenici.<br data-start=\"1318\" data-end=\"1321\" \/>\u2022 Lavare in lavatrice con il ciclo delicato a 30 gradi per 30 minuti.<br data-start=\"1390\" data-end=\"1393\" \/>\u2022 Dopo il lavaggio, stendere il giocattolo in piano per farlo asciugare.<\/p>\n","protected":false},"excerpt":{"rendered":"<p>Stai cercando un compagno di nanna unico e coccoloso per il tuo piccolo? Non cercare oltre: questo adorabile giocattolo all\u2019uncinetto \u00e8 proprio ci\u00f2 che fa al caso tuo! Perfetto per le coccole durante la nanna e per il gioco durante il giorno, \u00e8 un regalo ideale per qualsiasi bambino, di qualsiasi et\u00e0.<\/p>\n","protected":false},"featured_media":32871,"comment_status":"open","ping_status":"closed","template":"","meta":[],"product_brand":[],"product_cat":[691,683],"product_tag":[],"class_list":{"0":"post-32868","1":"product","2":"type-product","3":"status-publish","4":"has-post-thumbnail","6":"product_cat-giocattoli-da-coccolare","7":"product_cat-su-ordinazione","9":"first","10":"onbackorder","11":"taxable","12":"shipping-taxable","13":"purchasable","14":"product-type-simple"},"_links":{"self":[{"href":"https:\/\/tinyknit.eu\/it\/wp-json\/wp\/v2\/product\/32868","targetHints":{"allow":["GET"]}}],"collection":[{"href":"https:\/\/tinyknit.eu\/it\/wp-json\/wp\/v2\/product"}],"about":[{"href":"https:\/\/tinyknit.eu\/it\/wp-json\/wp\/v2\/types\/product"}],"replies":[{"embeddable":true,"href":"https:\/\/tinyknit.eu\/it\/wp-json\/wp\/v2\/comments?post=32868"}],"version-history":[{"count":2,"href":"https:\/\/tinyknit.eu\/it\/wp-json\/wp\/v2\/product\/32868\/revisions"}],"predecessor-version":[{"id":32882,"href":"https:\/\/tinyknit.eu\/it\/wp-json\/wp\/v2\/product\/32868\/revisions\/32882"}],"wp:featuredmedia":[{"embeddable":true,"href":"https:\/\/tinyknit.eu\/it\/wp-json\/wp\/v2\/media\/32871"}],"wp:attachment":[{"href":"https:\/\/tinyknit.eu\/it\/wp-json\/wp\/v2\/media?parent=32868"}],"wp:term":[{"taxonomy":"product_brand","embeddable":true,"href":"https:\/\/tinyknit.eu\/it\/wp-json\/wp\/v2\/product_brand?post=32868"},{"taxonomy":"product_cat","embeddable":true,"href":"https:\/\/tinyknit.eu\/it\/wp-json\/wp\/v2\/product_cat?post=32868"},{"taxonomy":"product_tag","embeddable":true,"href":"https:\/\/tinyknit.eu\/it\/wp-json\/wp\/v2\/product_tag?post=32868"}],"curies":[{"name":"wp","href":"https:\/\/api.w.org\/{rel}","templated":true}]}}