{"id":32818,"date":"2024-08-18T11:32:54","date_gmt":"2024-08-18T11:32:54","guid":{"rendered":"https:\/\/tinyknit.eu\/product\/senza-categoria\/plushie-sleeping-toy-comforter-moth\/"},"modified":"2026-04-14T13:35:05","modified_gmt":"2026-04-14T13:35:05","slug":"peluche-da-nanna-doudou-falena","status":"publish","type":"product","link":"https:\/\/tinyknit.eu\/it\/product\/giocattoli-da-coccolare\/peluche-da-nanna-doudou-falena\/","title":{"rendered":"Peluche da Nanna, Doudou \u2013 Falena"},"content":{"rendered":"<p data-start=\"106\" data-end=\"408\">Stai cercando un compagno di nanna unico e coccoloso per il tuo piccolo? Non cercare oltre: questo adorabile giocattolo all\u2019uncinetto \u00e8 proprio ci\u00f2 che fa al caso tuo! Perfetto per le coccole durante la nanna e per il gioco durante il giorno, \u00e8 un regalo ideale per qualsiasi bambino, di qualsiasi et\u00e0.<\/p>\n<p data-start=\"410\" data-end=\"1169\"><strong data-start=\"410\" data-end=\"430\">Caratteristiche:<\/strong><br data-start=\"430\" data-end=\"433\" \/>\u2022 Comunicazione con i genitori. La capacit\u00e0 di trattenere l\u2019odore di mamma o pap\u00e0. Metti il giocattolo vicino al bambino durante la poppata o mentre lo culli e assorbir\u00e0 il tuo profumo. Cos\u00ec il bambino sentir\u00e0 sempre la tua vicinanza, anche quando non sei presente.<br data-start=\"698\" data-end=\"701\" \/>\u2022 Esplorazione. Il peluche falena all\u2019uncinetto offre una ricca esperienza tattile, che cattura l\u2019interesse del bambino e lo aiuta a esplorare il mondo intorno a lui.<br data-start=\"867\" data-end=\"870\" \/>\u2022 Pu\u00f2 diventare un ricordo meraviglioso. I nostri giocattoli possono essere usati come props fotografici per neonati.<br data-start=\"987\" data-end=\"990\" \/>\u2022 Effetto calmante. Il peluche falena all\u2019uncinetto crea conforto e sicurezza per il bambino, sia di giorno che di notte.<br data-start=\"1111\" data-end=\"1114\" \/>\u2022 Il set include due paia di ali facilmente removibili.<\/p>\n<p data-start=\"1171\" data-end=\"1414\"><strong data-start=\"1171\" data-end=\"1188\">Perfetto per:<\/strong><br data-start=\"1188\" data-end=\"1191\" \/>\u2022 \u00c8 un regalo meraviglioso per baby shower, lista nascita, compleanni, Natale o qualsiasi altra occasione.<br data-start=\"1297\" data-end=\"1300\" \/>\u2022 Giocattoli unici che possono essere anche un affascinante complemento d\u2019arredo per la cameretta di ogni bambino.<\/p>\n<p data-start=\"1416\" data-end=\"1637\"><strong data-start=\"1416\" data-end=\"1431\">Dimensioni:<\/strong> ca. 34 cm<br data-start=\"1441\" data-end=\"1444\" \/><strong data-start=\"1444\" data-end=\"1458\">Materiali:<\/strong> 100% micropoliestere (Standard Oeko-Tex 100) e 100% pelliccia sintetica in poliestere. Filato ipoallergenico, soffice e coccoloso, sicuro per i bambini.<br data-start=\"1611\" data-end=\"1614\" \/>Imbottitura: Holofiber.<\/p>\n<p data-start=\"1639\" data-end=\"1763\">I nostri giocattoli sono realizzati in una casa senza fumo e senza animali domestici.<br data-start=\"1724\" data-end=\"1727\" \/>Prodotto in Estonia, Unione Europea.<\/p>\n<p data-start=\"1765\" data-end=\"1847\"><strong data-start=\"1765\" data-end=\"1785\">Il set contiene:<\/strong><br data-start=\"1785\" data-end=\"1788\" \/>\u2022 1x Peluche falena all\u2019uncinetto con ali legate con nastri<\/p>\n<p data-start=\"1849\" data-end=\"1972\"><strong data-start=\"1849\" data-end=\"1887\">Il regalo perfetto per un neonato!<\/strong><br data-start=\"1887\" data-end=\"1890\" \/>Confezione pronta per essere regalata per baby shower, lista nascita o compleanno.<\/p>\n<p data-start=\"1974\" data-end=\"2230\"><strong data-start=\"1974\" data-end=\"1999\">Consigli per la cura:<\/strong><br data-start=\"1999\" data-end=\"2002\" \/>\u2022 Per evitare reazioni allergiche, utilizzare detersivi liquidi e ipoallergenici.<br data-start=\"2083\" data-end=\"2086\" \/>\u2022 Lavare in lavatrice con il ciclo delicato a 30 gradi per 30 minuti.<br data-start=\"2155\" data-end=\"2158\" \/>\u2022 Dopo il lavaggio, stendere il giocattolo in piano per farlo asciugare.<\/p>\n","protected":false},"excerpt":{"rendered":"<p>Stai cercando un compagno di nanna unico e coccoloso per il tuo piccolo? Non cercare oltre: questo adorabile giocattolo all\u2019uncinetto \u00e8 proprio ci\u00f2 che fa al caso tuo! Perfetto per le coccole durante la nanna e per il gioco durante il giorno, \u00e8 un regalo ideale per qualsiasi bambino, di qualsiasi et\u00e0.<\/p>\n","protected":false},"featured_media":32833,"comment_status":"open","ping_status":"closed","template":"","meta":[],"product_brand":[],"product_cat":[691,689],"product_tag":[],"class_list":{"0":"post-32818","1":"product","2":"type-product","3":"status-publish","4":"has-post-thumbnail","6":"product_cat-giocattoli-da-coccolare","7":"product_cat-pronto-per-la-spedizione","9":"first","10":"instock","11":"taxable","12":"shipping-taxable","13":"purchasable","14":"product-type-variable"},"_links":{"self":[{"href":"https:\/\/tinyknit.eu\/it\/wp-json\/wp\/v2\/product\/32818","targetHints":{"allow":["GET"]}}],"collection":[{"href":"https:\/\/tinyknit.eu\/it\/wp-json\/wp\/v2\/product"}],"about":[{"href":"https:\/\/tinyknit.eu\/it\/wp-json\/wp\/v2\/types\/product"}],"replies":[{"embeddable":true,"href":"https:\/\/tinyknit.eu\/it\/wp-json\/wp\/v2\/comments?post=32818"}],"version-history":[{"count":2,"href":"https:\/\/tinyknit.eu\/it\/wp-json\/wp\/v2\/product\/32818\/revisions"}],"predecessor-version":[{"id":32844,"href":"https:\/\/tinyknit.eu\/it\/wp-json\/wp\/v2\/product\/32818\/revisions\/32844"}],"wp:featuredmedia":[{"embeddable":true,"href":"https:\/\/tinyknit.eu\/it\/wp-json\/wp\/v2\/media\/32833"}],"wp:attachment":[{"href":"https:\/\/tinyknit.eu\/it\/wp-json\/wp\/v2\/media?parent=32818"}],"wp:term":[{"taxonomy":"product_brand","embeddable":true,"href":"https:\/\/tinyknit.eu\/it\/wp-json\/wp\/v2\/product_brand?post=32818"},{"taxonomy":"product_cat","embeddable":true,"href":"https:\/\/tinyknit.eu\/it\/wp-json\/wp\/v2\/product_cat?post=32818"},{"taxonomy":"product_tag","embeddable":true,"href":"https:\/\/tinyknit.eu\/it\/wp-json\/wp\/v2\/product_tag?post=32818"}],"curies":[{"name":"wp","href":"https:\/\/api.w.org\/{rel}","templated":true}]}}