{"id":32814,"date":"2024-11-02T14:55:04","date_gmt":"2024-11-02T14:55:04","guid":{"rendered":"https:\/\/tinyknit.eu\/product\/senza-categoria\/plushie-sleeping-toy-comforter-llama\/"},"modified":"2025-07-30T16:48:11","modified_gmt":"2025-07-30T16:48:11","slug":"plushie-sleeping-toy-comforter-llama","status":"publish","type":"product","link":"https:\/\/tinyknit.eu\/it\/product\/giocattoli-da-coccolare\/plushie-sleeping-toy-comforter-llama\/","title":{"rendered":"Peluche da Nanna, Doudou \u2013 Lama"},"content":{"rendered":"<p data-start=\"102\" data-end=\"404\">Stai cercando un compagno di nanna unico e coccoloso per il tuo piccolo? Non cercare oltre: questo adorabile giocattolo all\u2019uncinetto \u00e8 proprio ci\u00f2 che fa al caso tuo! Perfetto per le coccole durante la nanna e per il gioco durante il giorno, \u00e8 un regalo ideale per qualsiasi bambino, di qualsiasi et\u00e0.<\/p>\n<p data-start=\"406\" data-end=\"812\"><strong data-start=\"406\" data-end=\"426\">Caratteristiche:<\/strong><br data-start=\"426\" data-end=\"429\" \/>\u2022 Il peluche da nanna arricchisce le sensazioni tattili grazie alla combinazione di filati con diverse texture, che incuriosiscono il bambino e lo aiutano a conoscere il mondo che lo circonda.<br data-start=\"621\" data-end=\"624\" \/>\u2022 Tutti i giocattoli sono realizzati con materiali ipoallergenici, sicuri per il bambino.<br data-start=\"713\" data-end=\"716\" \/>\u2022 Il giocattolo pu\u00f2 diventare un elemento decorativo originale per la cameretta di ogni bambino.<\/p>\n<p data-start=\"814\" data-end=\"1003\"><strong data-start=\"814\" data-end=\"826\">Altezza:<\/strong> ca. 40 cm<br data-start=\"836\" data-end=\"839\" \/><strong data-start=\"839\" data-end=\"853\">Materiali:<\/strong> Realizzato a mano con filati ipoallergenici, peluche e cotone. Imbottito con holofiber. Prodotto in un ambiente senza fumo e senza animali domestici.<\/p>\n<p data-start=\"1005\" data-end=\"1041\">Prodotto in Estonia, Unione Europea.<\/p>\n<p data-start=\"1043\" data-end=\"1087\"><strong data-start=\"1043\" data-end=\"1063\">Il set contiene:<\/strong><br data-start=\"1063\" data-end=\"1066\" \/>\u2022 1x Peluche da Nanna<\/p>\n<p data-start=\"1089\" data-end=\"1212\"><strong data-start=\"1089\" data-end=\"1127\">Il regalo perfetto per un neonato!<\/strong><br data-start=\"1127\" data-end=\"1130\" \/>Confezione pronta per essere regalata per baby shower, lista nascita o compleanno.<\/p>\n<p data-start=\"1214\" data-end=\"1470\"><strong data-start=\"1214\" data-end=\"1239\">Consigli per la cura:<\/strong><br data-start=\"1239\" data-end=\"1242\" \/>\u2022 Per evitare reazioni allergiche, utilizzare detersivi liquidi e ipoallergenici.<br data-start=\"1323\" data-end=\"1326\" \/>\u2022 Lavare in lavatrice con il ciclo delicato a 30 gradi per 30 minuti.<br data-start=\"1395\" data-end=\"1398\" \/>\u2022 Dopo il lavaggio, stendere il giocattolo in piano per farlo asciugare.<\/p>\n","protected":false},"excerpt":{"rendered":"<p>Stai cercando un compagno di nanna unico e coccoloso per il tuo piccolo? Non cercare oltre: questo adorabile giocattolo all\u2019uncinetto \u00e8 proprio ci\u00f2 che fa al caso tuo! Perfetto per le coccole durante la nanna e per il gioco durante il giorno, \u00e8 un regalo ideale per qualsiasi bambino, di qualsiasi et\u00e0.<\/p>\n","protected":false},"featured_media":35347,"comment_status":"open","ping_status":"closed","template":"","meta":[],"product_brand":[],"product_cat":[691,683],"product_tag":[],"class_list":{"0":"post-32814","1":"product","2":"type-product","3":"status-publish","4":"has-post-thumbnail","6":"product_cat-giocattoli-da-coccolare","7":"product_cat-su-ordinazione","9":"first","10":"onbackorder","11":"taxable","12":"shipping-taxable","13":"purchasable","14":"product-type-simple"},"_links":{"self":[{"href":"https:\/\/tinyknit.eu\/it\/wp-json\/wp\/v2\/product\/32814","targetHints":{"allow":["GET"]}}],"collection":[{"href":"https:\/\/tinyknit.eu\/it\/wp-json\/wp\/v2\/product"}],"about":[{"href":"https:\/\/tinyknit.eu\/it\/wp-json\/wp\/v2\/types\/product"}],"replies":[{"embeddable":true,"href":"https:\/\/tinyknit.eu\/it\/wp-json\/wp\/v2\/comments?post=32814"}],"version-history":[{"count":1,"href":"https:\/\/tinyknit.eu\/it\/wp-json\/wp\/v2\/product\/32814\/revisions"}],"predecessor-version":[{"id":32842,"href":"https:\/\/tinyknit.eu\/it\/wp-json\/wp\/v2\/product\/32814\/revisions\/32842"}],"wp:featuredmedia":[{"embeddable":true,"href":"https:\/\/tinyknit.eu\/it\/wp-json\/wp\/v2\/media\/35347"}],"wp:attachment":[{"href":"https:\/\/tinyknit.eu\/it\/wp-json\/wp\/v2\/media?parent=32814"}],"wp:term":[{"taxonomy":"product_brand","embeddable":true,"href":"https:\/\/tinyknit.eu\/it\/wp-json\/wp\/v2\/product_brand?post=32814"},{"taxonomy":"product_cat","embeddable":true,"href":"https:\/\/tinyknit.eu\/it\/wp-json\/wp\/v2\/product_cat?post=32814"},{"taxonomy":"product_tag","embeddable":true,"href":"https:\/\/tinyknit.eu\/it\/wp-json\/wp\/v2\/product_tag?post=32814"}],"curies":[{"name":"wp","href":"https:\/\/api.w.org\/{rel}","templated":true}]}}