{"id":32795,"date":"2024-11-02T15:34:09","date_gmt":"2024-11-02T15:34:09","guid":{"rendered":"https:\/\/tinyknit.eu\/product\/senza-categoria\/plushie-sleeping-toy-comforter-chamomile\/"},"modified":"2025-07-30T16:49:17","modified_gmt":"2025-07-30T16:49:17","slug":"plushie-sleeping-toy-comforter-chamomile","status":"publish","type":"product","link":"https:\/\/tinyknit.eu\/it\/product\/giocattoli-da-coccolare\/plushie-sleeping-toy-comforter-chamomile\/","title":{"rendered":"Peluche da Nanna, Doudou \u2013 Camomilla"},"content":{"rendered":"<p data-start=\"112\" data-end=\"414\">Stai cercando un compagno di nanna unico e coccoloso per il tuo piccolo? Non cercare oltre: questo adorabile giocattolo all\u2019uncinetto \u00e8 proprio ci\u00f2 che fa al caso tuo! Perfetto per le coccole durante la nanna e per il gioco durante il giorno, \u00e8 un regalo ideale per qualsiasi bambino, di qualsiasi et\u00e0.<\/p>\n<p data-start=\"416\" data-end=\"822\"><strong data-start=\"416\" data-end=\"436\">Caratteristiche:<\/strong><br data-start=\"436\" data-end=\"439\" \/>\u2022 Il peluche da nanna arricchisce le sensazioni tattili grazie alla combinazione di filati con diverse texture, che incuriosiscono il bambino e lo aiutano a conoscere il mondo che lo circonda.<br data-start=\"631\" data-end=\"634\" \/>\u2022 Tutti i giocattoli sono realizzati con materiali ipoallergenici, sicuri per il bambino.<br data-start=\"723\" data-end=\"726\" \/>\u2022 Il giocattolo pu\u00f2 diventare un elemento decorativo originale per la cameretta di ogni bambino.<\/p>\n<p data-start=\"824\" data-end=\"882\"><strong data-start=\"824\" data-end=\"839\">Dimensioni:<\/strong><br data-start=\"839\" data-end=\"842\" \/>Piccolo: ca. 27 cm<br data-start=\"860\" data-end=\"863\" \/>Grande: ca. 48 cm<\/p>\n<p data-start=\"884\" data-end=\"1048\"><strong data-start=\"884\" data-end=\"898\">Materiali:<\/strong> Realizzato a mano con filati ipoallergenici, peluche e cotone. Imbottito con holofiber. Prodotto in un ambiente senza fumo e senza animali domestici.<\/p>\n<p data-start=\"1050\" data-end=\"1086\">Prodotto in Estonia, Unione Europea.<\/p>\n<p data-start=\"1088\" data-end=\"1132\"><strong data-start=\"1088\" data-end=\"1108\">Il set contiene:<\/strong><br data-start=\"1108\" data-end=\"1111\" \/>\u2022 1x Peluche da Nanna<\/p>\n<p data-start=\"1134\" data-end=\"1257\"><strong data-start=\"1134\" data-end=\"1172\">Il regalo perfetto per un neonato!<\/strong><br data-start=\"1172\" data-end=\"1175\" \/>Confezione pronta per essere regalata per baby shower, lista nascita o compleanno.<\/p>\n<p data-start=\"1259\" data-end=\"1515\"><strong data-start=\"1259\" data-end=\"1284\">Consigli per la cura:<\/strong><br data-start=\"1284\" data-end=\"1287\" \/>\u2022 Per evitare reazioni allergiche, utilizzare detersivi liquidi e ipoallergenici.<br data-start=\"1368\" data-end=\"1371\" \/>\u2022 Lavare in lavatrice con il ciclo delicato a 30 gradi per 30 minuti.<br data-start=\"1440\" data-end=\"1443\" \/>\u2022 Dopo il lavaggio, stendere il giocattolo in piano per farlo asciugare.<\/p>\n","protected":false},"excerpt":{"rendered":"<p>Stai cercando un compagno di nanna unico e coccoloso per il tuo piccolo? Non cercare oltre: questo adorabile giocattolo all\u2019uncinetto \u00e8 proprio ci\u00f2 che fa al caso tuo! Perfetto per le coccole durante la nanna e per il gioco durante il giorno, \u00e8 un regalo ideale per qualsiasi bambino, di qualsiasi et\u00e0.<\/p>\n","protected":false},"featured_media":47302,"comment_status":"open","ping_status":"closed","template":"","meta":[],"product_brand":[],"product_cat":[691,683],"product_tag":[],"class_list":{"0":"post-32795","1":"product","2":"type-product","3":"status-publish","4":"has-post-thumbnail","6":"product_cat-giocattoli-da-coccolare","7":"product_cat-su-ordinazione","9":"first","10":"onbackorder","11":"taxable","12":"shipping-taxable","13":"purchasable","14":"product-type-variable"},"_links":{"self":[{"href":"https:\/\/tinyknit.eu\/it\/wp-json\/wp\/v2\/product\/32795","targetHints":{"allow":["GET"]}}],"collection":[{"href":"https:\/\/tinyknit.eu\/it\/wp-json\/wp\/v2\/product"}],"about":[{"href":"https:\/\/tinyknit.eu\/it\/wp-json\/wp\/v2\/types\/product"}],"replies":[{"embeddable":true,"href":"https:\/\/tinyknit.eu\/it\/wp-json\/wp\/v2\/comments?post=32795"}],"version-history":[{"count":2,"href":"https:\/\/tinyknit.eu\/it\/wp-json\/wp\/v2\/product\/32795\/revisions"}],"predecessor-version":[{"id":32810,"href":"https:\/\/tinyknit.eu\/it\/wp-json\/wp\/v2\/product\/32795\/revisions\/32810"}],"wp:featuredmedia":[{"embeddable":true,"href":"https:\/\/tinyknit.eu\/it\/wp-json\/wp\/v2\/media\/47302"}],"wp:attachment":[{"href":"https:\/\/tinyknit.eu\/it\/wp-json\/wp\/v2\/media?parent=32795"}],"wp:term":[{"taxonomy":"product_brand","embeddable":true,"href":"https:\/\/tinyknit.eu\/it\/wp-json\/wp\/v2\/product_brand?post=32795"},{"taxonomy":"product_cat","embeddable":true,"href":"https:\/\/tinyknit.eu\/it\/wp-json\/wp\/v2\/product_cat?post=32795"},{"taxonomy":"product_tag","embeddable":true,"href":"https:\/\/tinyknit.eu\/it\/wp-json\/wp\/v2\/product_tag?post=32795"}],"curies":[{"name":"wp","href":"https:\/\/api.w.org\/{rel}","templated":true}]}}