{"id":32789,"date":"2024-11-02T20:08:57","date_gmt":"2024-11-02T20:08:57","guid":{"rendered":"https:\/\/tinyknit.eu\/product\/senza-categoria\/plushie-sleeping-toy-comforter-bunny\/"},"modified":"2026-04-19T17:02:12","modified_gmt":"2026-04-19T17:02:12","slug":"peluche-da-nanna-doudou-coniglietto-2","status":"publish","type":"product","link":"https:\/\/tinyknit.eu\/it\/product\/giocattoli-da-coccolare\/doudou-coniglietto\/peluche-da-nanna-doudou-coniglietto-2\/","title":{"rendered":"Peluche da Nanna, Doudou \u2013 Coniglietto"},"content":{"rendered":"<p data-start=\"116\" data-end=\"418\">Stai cercando un compagno di nanna unico e coccoloso per il tuo piccolo? Non cercare oltre: questo adorabile giocattolo all\u2019uncinetto \u00e8 proprio ci\u00f2 che fa al caso tuo! Perfetto per le coccole durante la nanna e per il gioco durante il giorno, \u00e8 un regalo ideale per qualsiasi bambino, di qualsiasi et\u00e0.<\/p>\n<p data-start=\"420\" data-end=\"826\"><strong data-start=\"420\" data-end=\"440\">Caratteristiche:<\/strong><br data-start=\"440\" data-end=\"443\" \/>\u2022 Il peluche da nanna arricchisce le sensazioni tattili grazie alla combinazione di filati con diverse texture, che incuriosiscono il bambino e lo aiutano a conoscere il mondo che lo circonda.<br data-start=\"635\" data-end=\"638\" \/>\u2022 Tutti i giocattoli sono realizzati con materiali ipoallergenici, sicuri per il bambino.<br data-start=\"727\" data-end=\"730\" \/>\u2022 Il giocattolo pu\u00f2 diventare un elemento decorativo originale per la cameretta di ogni bambino.<\/p>\n<p data-start=\"828\" data-end=\"1020\"><strong data-start=\"828\" data-end=\"843\">Dimensioni:<\/strong> ca. 55 cm<br data-start=\"853\" data-end=\"856\" \/><strong data-start=\"856\" data-end=\"870\">Materiali:<\/strong> Realizzato a mano con filati ipoallergenici, peluche e cotone. Imbottito con holofiber. Prodotto in un ambiente senza fumo e senza animali domestici.<\/p>\n<p data-start=\"1022\" data-end=\"1058\">Prodotto in Estonia, Unione Europea.<\/p>\n<p data-start=\"1060\" data-end=\"1104\"><strong data-start=\"1060\" data-end=\"1080\">Il set contiene:<\/strong><br data-start=\"1080\" data-end=\"1083\" \/>\u2022 1x Peluche da Nanna<\/p>\n<p data-start=\"1106\" data-end=\"1229\"><strong data-start=\"1106\" data-end=\"1144\">Il regalo perfetto per un neonato!<\/strong><br data-start=\"1144\" data-end=\"1147\" \/>Confezione pronta per essere regalata per baby shower, lista nascita o compleanno.<\/p>\n<p data-start=\"1231\" data-end=\"1487\"><strong data-start=\"1231\" data-end=\"1256\">Consigli per la cura:<\/strong><br data-start=\"1256\" data-end=\"1259\" \/>\u2022 Per evitare reazioni allergiche, utilizzare detersivi liquidi e ipoallergenici.<br data-start=\"1340\" data-end=\"1343\" \/>\u2022 Lavare in lavatrice con il ciclo delicato a 30 gradi per 30 minuti.<br data-start=\"1412\" data-end=\"1415\" \/>\u2022 Dopo il lavaggio, stendere il giocattolo in piano per farlo asciugare.<\/p>\n","protected":false},"excerpt":{"rendered":"<p>Stai cercando un compagno di nanna unico e coccoloso per il tuo piccolo? Non cercare oltre: questo adorabile giocattolo all\u2019uncinetto \u00e8 proprio ci\u00f2 che fa al caso tuo! Perfetto per le coccole durante la nanna e per il gioco durante il giorno, \u00e8 un regalo ideale per qualsiasi bambino, di qualsiasi et\u00e0.<\/p>\n","protected":false},"featured_media":34349,"comment_status":"open","ping_status":"closed","template":"","meta":[],"product_brand":[],"product_cat":[692,691,683],"product_tag":[],"class_list":{"0":"post-32789","1":"product","2":"type-product","3":"status-publish","4":"has-post-thumbnail","6":"product_cat-doudou-coniglietto","7":"product_cat-giocattoli-da-coccolare","8":"product_cat-su-ordinazione","10":"first","11":"onbackorder","12":"taxable","13":"shipping-taxable","14":"purchasable","15":"product-type-simple"},"_links":{"self":[{"href":"https:\/\/tinyknit.eu\/it\/wp-json\/wp\/v2\/product\/32789","targetHints":{"allow":["GET"]}}],"collection":[{"href":"https:\/\/tinyknit.eu\/it\/wp-json\/wp\/v2\/product"}],"about":[{"href":"https:\/\/tinyknit.eu\/it\/wp-json\/wp\/v2\/types\/product"}],"replies":[{"embeddable":true,"href":"https:\/\/tinyknit.eu\/it\/wp-json\/wp\/v2\/comments?post=32789"}],"version-history":[{"count":2,"href":"https:\/\/tinyknit.eu\/it\/wp-json\/wp\/v2\/product\/32789\/revisions"}],"predecessor-version":[{"id":32808,"href":"https:\/\/tinyknit.eu\/it\/wp-json\/wp\/v2\/product\/32789\/revisions\/32808"}],"wp:featuredmedia":[{"embeddable":true,"href":"https:\/\/tinyknit.eu\/it\/wp-json\/wp\/v2\/media\/34349"}],"wp:attachment":[{"href":"https:\/\/tinyknit.eu\/it\/wp-json\/wp\/v2\/media?parent=32789"}],"wp:term":[{"taxonomy":"product_brand","embeddable":true,"href":"https:\/\/tinyknit.eu\/it\/wp-json\/wp\/v2\/product_brand?post=32789"},{"taxonomy":"product_cat","embeddable":true,"href":"https:\/\/tinyknit.eu\/it\/wp-json\/wp\/v2\/product_cat?post=32789"},{"taxonomy":"product_tag","embeddable":true,"href":"https:\/\/tinyknit.eu\/it\/wp-json\/wp\/v2\/product_tag?post=32789"}],"curies":[{"name":"wp","href":"https:\/\/api.w.org\/{rel}","templated":true}]}}