{"id":32733,"date":"2025-03-03T16:27:39","date_gmt":"2025-03-03T16:27:39","guid":{"rendered":"https:\/\/tinyknit.eu\/product\/senza-categoria\/plushie-sleeping-toy-comforter-kitten\/"},"modified":"2025-09-19T11:43:40","modified_gmt":"2025-09-19T11:43:40","slug":"peluche-da-nanna-doudou-gattino","status":"publish","type":"product","link":"https:\/\/tinyknit.eu\/it\/product\/giocattoli-da-coccolare\/peluche-da-nanna-doudou-gattino\/","title":{"rendered":"Peluche da Nanna, Doudou \u2013 Gattino"},"content":{"rendered":"<p data-start=\"109\" data-end=\"411\">Stai cercando un compagno di nanna unico e coccoloso per il tuo piccolo? Non cercare oltre: questo adorabile giocattolo all\u2019uncinetto \u00e8 proprio ci\u00f2 che fa al caso tuo! Perfetto per le coccole durante la nanna e per il gioco durante il giorno, \u00e8 un regalo ideale per qualsiasi bambino, di qualsiasi et\u00e0.<\/p>\n<p data-start=\"413\" data-end=\"1230\"><strong data-start=\"413\" data-end=\"433\">Caratteristiche:<\/strong><br \/>\n\u2022 <strong data-start=\"436\" data-end=\"469\">Comunicazione con i genitori.<\/strong> Pu\u00f2 trattenere l\u2019odore di mamma o pap\u00e0. Posiziona il giocattolo accanto al tuo bambino durante l\u2019allattamento o mentre lo culli: assorbir\u00e0 il tuo profumo. In questo modo, il bambino sentir\u00e0 sempre la tua vicinanza, anche quando non sei presente.<br data-start=\"715\" data-end=\"718\" \/>\u2022 <strong data-start=\"720\" data-end=\"737\">Esplorazione.<\/strong> Il giocattolo gattino all\u2019uncinetto offre un\u2019esperienza tattile ricca, che cattura l\u2019interesse del bambino e lo aiuta a esplorare il mondo che lo circonda.<br data-start=\"893\" data-end=\"896\" \/>\u2022 <strong data-start=\"898\" data-end=\"937\">Pu\u00f2 creare ricordi indimenticabili.<\/strong> I nostri giocattoli possono essere utilizzati come accessori fotografici per servizi fotografici neonatali.<br data-start=\"1045\" data-end=\"1048\" \/>\u2022 <strong data-start=\"1050\" data-end=\"1071\">Effetto calmante.<\/strong> Il doudou gattino all\u2019uncinetto dona comfort e sicurezza al bambino sia di giorno che di notte.<br data-start=\"1167\" data-end=\"1170\" \/>\u2022 <strong data-start=\"1172\" data-end=\"1206\" data-is-only-node=\"\">Il set include due paia di ali<\/strong>, facilmente rimovibili.<\/p>\n<p data-start=\"1232\" data-end=\"1455\"><strong data-start=\"1232\" data-end=\"1247\">Ideale per:<\/strong><br \/>\n\u2022 Un regalo perfetto per baby shower, lista nascita, compleanno, Natale o qualsiasi altra occasione.<br data-start=\"1348\" data-end=\"1351\" \/>\u2022 Un giocattolo unico che pu\u00f2 essere anche un adorabile elemento decorativo nella cameretta del bambino.<\/p>\n<p data-start=\"1457\" data-end=\"1693\"><strong data-start=\"1457\" data-end=\"1472\">Dimensioni:<\/strong> ca. 34 cm<br data-start=\"1482\" data-end=\"1485\" \/><strong data-start=\"1485\" data-end=\"1496\">Filato:<\/strong> 100% Microfibra di poliestere (Standard Oeko-Tex 100) e 100% Pelliccia sintetica di poliestere. Filato ipoallergenico, morbidissimo, coccoloso e sicuro per i bambini.<br data-start=\"1663\" data-end=\"1666\" \/><strong data-start=\"1666\" data-end=\"1682\">Imbottitura:<\/strong> Holofiber.<\/p>\n<p data-start=\"1695\" data-end=\"1822\">I nostri giocattoli sono realizzati in un ambiente senza fumo e senza animali domestici.<br data-start=\"1783\" data-end=\"1786\" \/>Prodotto in Estonia, Unione Europea.<\/p>\n<p data-start=\"1824\" data-end=\"1885\"><strong data-start=\"1824\" data-end=\"1844\">Il set contiene:<\/strong><br \/>\n\u2022 1x Doudou Gattino Peloso all\u2019Uncinetto<\/p>\n<p data-start=\"1887\" data-end=\"2010\"><strong data-start=\"1887\" data-end=\"1925\">Il regalo perfetto per un neonato!<\/strong><br data-start=\"1925\" data-end=\"1928\" \/>Confezione pronta per essere regalata per baby shower, lista nascita o compleanno.<\/p>\n<p data-start=\"2012\" data-end=\"2266\"><strong data-start=\"2012\" data-end=\"2037\">Consigli per la cura:<\/strong><br \/>\n\u2022 Per evitare reazioni allergiche, utilizzare detersivi liquidi e ipoallergenici.<br data-start=\"2119\" data-end=\"2122\" \/>\u2022 Lavare in lavatrice con il ciclo delicato a 30 gradi per 30 minuti.<br data-start=\"2191\" data-end=\"2194\" \/>\u2022 Dopo il lavaggio, stendere il giocattolo in piano per farlo asciugare.<\/p>\n","protected":false},"excerpt":{"rendered":"<p>Stai cercando un compagno di nanna unico e coccoloso per il tuo piccolo? Non cercare oltre: questo adorabile giocattolo all\u2019uncinetto \u00e8 proprio ci\u00f2 che fa al caso tuo! Perfetto per le coccole durante la nanna e per il gioco durante il giorno, \u00e8 un regalo ideale per qualsiasi bambino, di qualsiasi et\u00e0.<\/p>\n<p><iframe title=\"YouTube video player\" src=\"https:\/\/www.youtube.com\/embed\/lqB3lJrKYzY?si=Ts-3VebvyXVK40lC\" width=\"560\" height=\"315\" frameborder=\"0\" allowfullscreen=\"allowfullscreen\"><\/iframe><\/p>\n","protected":false},"featured_media":32740,"comment_status":"open","ping_status":"closed","template":"","meta":[],"product_brand":[],"product_cat":[691,683],"product_tag":[],"class_list":{"0":"post-32733","1":"product","2":"type-product","3":"status-publish","4":"has-post-thumbnail","6":"product_cat-giocattoli-da-coccolare","7":"product_cat-su-ordinazione","9":"first","10":"onbackorder","11":"taxable","12":"shipping-taxable","13":"purchasable","14":"product-type-simple"},"_links":{"self":[{"href":"https:\/\/tinyknit.eu\/it\/wp-json\/wp\/v2\/product\/32733","targetHints":{"allow":["GET"]}}],"collection":[{"href":"https:\/\/tinyknit.eu\/it\/wp-json\/wp\/v2\/product"}],"about":[{"href":"https:\/\/tinyknit.eu\/it\/wp-json\/wp\/v2\/types\/product"}],"replies":[{"embeddable":true,"href":"https:\/\/tinyknit.eu\/it\/wp-json\/wp\/v2\/comments?post=32733"}],"version-history":[{"count":2,"href":"https:\/\/tinyknit.eu\/it\/wp-json\/wp\/v2\/product\/32733\/revisions"}],"predecessor-version":[{"id":32756,"href":"https:\/\/tinyknit.eu\/it\/wp-json\/wp\/v2\/product\/32733\/revisions\/32756"}],"wp:featuredmedia":[{"embeddable":true,"href":"https:\/\/tinyknit.eu\/it\/wp-json\/wp\/v2\/media\/32740"}],"wp:attachment":[{"href":"https:\/\/tinyknit.eu\/it\/wp-json\/wp\/v2\/media?parent=32733"}],"wp:term":[{"taxonomy":"product_brand","embeddable":true,"href":"https:\/\/tinyknit.eu\/it\/wp-json\/wp\/v2\/product_brand?post=32733"},{"taxonomy":"product_cat","embeddable":true,"href":"https:\/\/tinyknit.eu\/it\/wp-json\/wp\/v2\/product_cat?post=32733"},{"taxonomy":"product_tag","embeddable":true,"href":"https:\/\/tinyknit.eu\/it\/wp-json\/wp\/v2\/product_tag?post=32733"}],"curies":[{"name":"wp","href":"https:\/\/api.w.org\/{rel}","templated":true}]}}