{"id":32698,"date":"2025-03-12T17:08:43","date_gmt":"2025-03-12T17:08:43","guid":{"rendered":"https:\/\/tinyknit.eu\/product\/senza-categoria\/plushie-sleeping-toy-comforter-hare-5\/"},"modified":"2026-03-07T11:46:21","modified_gmt":"2026-03-07T11:46:21","slug":"peluche-da-nanna-doudou-coniglietto","status":"publish","type":"product","link":"https:\/\/tinyknit.eu\/it\/product\/giocattoli-da-coccolare\/peluche-da-nanna-doudou-coniglietto\/","title":{"rendered":"Peluche da Nanna, Doudou \u2013 Coniglietto"},"content":{"rendered":"<p data-start=\"92\" data-end=\"388\">Stai cercando un compagno di nanna unico e coccoloso per il tuo piccolo? Non cercare oltre: questo dolce giocattolo all\u2019uncinetto \u00e8 proprio quello che fa per te! Perfetto per le coccole durante la nanna e per il gioco durante il giorno, \u00e8 un regalo ideale per qualsiasi bambino, di qualsiasi et\u00e0.<\/p>\n<p data-start=\"390\" data-end=\"1224\"><strong data-start=\"390\" data-end=\"410\">Caratteristiche:<\/strong><br \/>\n\u2022 <strong data-start=\"413\" data-end=\"446\">Comunicazione con i genitori.<\/strong> Pu\u00f2 trattenere l\u2019odore di mamma o pap\u00e0. Posiziona il giocattolo accanto al tuo bambino durante l\u2019allattamento o mentre lo culli: assorbir\u00e0 il tuo profumo. In questo modo, il bambino sentir\u00e0 sempre la tua vicinanza, anche quando non sei presente.<br data-start=\"692\" data-end=\"695\" \/>\u2022 <strong data-start=\"697\" data-end=\"714\">Esplorazione.<\/strong> Il giocattolo coniglietto all\u2019uncinetto offre un\u2019esperienza tattile ricca che cattura l\u2019interesse del bambino e lo aiuta a scoprire il mondo intorno a s\u00e9.<br data-start=\"869\" data-end=\"872\" \/>\u2022 <strong data-start=\"874\" data-end=\"913\">Pu\u00f2 creare ricordi indimenticabili.<\/strong> I nostri giocattoli sono perfetti anche come accessori fotografici per i servizi fotografici neonatali.<br data-start=\"1017\" data-end=\"1020\" \/>\u2022 <strong data-start=\"1022\" data-end=\"1043\">Effetto calmante.<\/strong> Il doudou coniglietto all\u2019uncinetto dona al bambino una sensazione di sicurezza e comfort, sia di giorno che di notte.<br data-start=\"1162\" data-end=\"1165\" \/>\u2022 <strong data-start=\"1167\" data-end=\"1201\" data-is-only-node=\"\">Il set include due paia di ali<\/strong> facilmente rimovibili.<\/p>\n<p data-start=\"1226\" data-end=\"1461\"><strong data-start=\"1226\" data-end=\"1241\">Ideale per:<\/strong><br \/>\n\u2022 Un regalo meraviglioso per baby shower, lista nascita, compleanno, Natale o qualsiasi altra occasione.<br data-start=\"1346\" data-end=\"1349\" \/>\u2022 Un giocattolo unico che pu\u00f2 anche essere un incantevole complemento d\u2019arredo per la cameretta di ogni bambino.<\/p>\n<p data-start=\"1463\" data-end=\"1699\"><strong data-start=\"1463\" data-end=\"1478\">Dimensioni:<\/strong> ca. 33 cm<br data-start=\"1488\" data-end=\"1491\" \/><strong data-start=\"1491\" data-end=\"1502\">Filato:<\/strong> 100% Microfibra di poliestere (Standard Oeko-Tex 100) e 100% Pelliccia sintetica di poliestere. Filato ipoallergenico, morbidissimo, coccoloso e sicuro per i bambini.<br data-start=\"1669\" data-end=\"1672\" \/><strong data-start=\"1672\" data-end=\"1688\">Imbottitura:<\/strong> Holofiber.<\/p>\n<p data-start=\"1701\" data-end=\"1828\">I nostri giocattoli sono realizzati in un ambiente senza fumo e senza animali domestici.<br data-start=\"1789\" data-end=\"1792\" \/>Prodotto in Estonia, Unione Europea.<\/p>\n<p data-start=\"1830\" data-end=\"1895\"><strong data-start=\"1830\" data-end=\"1850\">Il set contiene:<\/strong><br \/>\n\u2022 1x Doudou Coniglietto Peloso all\u2019Uncinetto<\/p>\n<p data-start=\"1897\" data-end=\"2020\"><strong data-start=\"1897\" data-end=\"1935\">Il regalo perfetto per un neonato!<\/strong><br data-start=\"1935\" data-end=\"1938\" \/>Confezione pronta per essere regalata per baby shower, lista nascita o compleanno.<\/p>\n<p data-start=\"2022\" data-end=\"2274\"><strong data-start=\"2022\" data-end=\"2047\">Consigli per la cura:<\/strong><br \/>\n\u2022 Per evitare reazioni allergiche, utilizzare detersivi liquidi e ipoallergenici.<br data-start=\"2129\" data-end=\"2132\" \/>\u2022 Usare il ciclo delicato della lavatrice a 30 gradi per 30 minuti.<br data-start=\"2199\" data-end=\"2202\" \/>\u2022 Dopo il lavaggio, stendere il giocattolo in piano per farlo asciugare.<\/p>\n","protected":false},"excerpt":{"rendered":"<p>Stai cercando un compagno di nanna unico e coccoloso per il tuo piccolo? Non cercare oltre: questo dolce giocattolo all\u2019uncinetto \u00e8 proprio quello che fa per te! Perfetto per le coccole durante la nanna e per il gioco durante il giorno, \u00e8 un regalo ideale per qualsiasi bambino, di qualsiasi et\u00e0.<\/p>\n","protected":false},"featured_media":32708,"comment_status":"open","ping_status":"closed","template":"","meta":[],"product_brand":[],"product_cat":[691,683],"product_tag":[],"class_list":{"0":"post-32698","1":"product","2":"type-product","3":"status-publish","4":"has-post-thumbnail","6":"product_cat-giocattoli-da-coccolare","7":"product_cat-su-ordinazione","9":"first","10":"onbackorder","11":"taxable","12":"shipping-taxable","13":"purchasable","14":"product-type-variable"},"_links":{"self":[{"href":"https:\/\/tinyknit.eu\/it\/wp-json\/wp\/v2\/product\/32698","targetHints":{"allow":["GET"]}}],"collection":[{"href":"https:\/\/tinyknit.eu\/it\/wp-json\/wp\/v2\/product"}],"about":[{"href":"https:\/\/tinyknit.eu\/it\/wp-json\/wp\/v2\/types\/product"}],"replies":[{"embeddable":true,"href":"https:\/\/tinyknit.eu\/it\/wp-json\/wp\/v2\/comments?post=32698"}],"version-history":[{"count":1,"href":"https:\/\/tinyknit.eu\/it\/wp-json\/wp\/v2\/product\/32698\/revisions"}],"predecessor-version":[{"id":32754,"href":"https:\/\/tinyknit.eu\/it\/wp-json\/wp\/v2\/product\/32698\/revisions\/32754"}],"wp:featuredmedia":[{"embeddable":true,"href":"https:\/\/tinyknit.eu\/it\/wp-json\/wp\/v2\/media\/32708"}],"wp:attachment":[{"href":"https:\/\/tinyknit.eu\/it\/wp-json\/wp\/v2\/media?parent=32698"}],"wp:term":[{"taxonomy":"product_brand","embeddable":true,"href":"https:\/\/tinyknit.eu\/it\/wp-json\/wp\/v2\/product_brand?post=32698"},{"taxonomy":"product_cat","embeddable":true,"href":"https:\/\/tinyknit.eu\/it\/wp-json\/wp\/v2\/product_cat?post=32698"},{"taxonomy":"product_tag","embeddable":true,"href":"https:\/\/tinyknit.eu\/it\/wp-json\/wp\/v2\/product_tag?post=32698"}],"curies":[{"name":"wp","href":"https:\/\/api.w.org\/{rel}","templated":true}]}}