{"id":32678,"date":"2023-04-01T20:45:02","date_gmt":"2023-04-01T20:45:02","guid":{"rendered":"https:\/\/tinyknit.eu\/product\/senza-categoria\/soft-nightdress-case-pajama-bag-crochet-tiger-2\/"},"modified":"2025-07-29T17:21:35","modified_gmt":"2025-07-29T17:21:35","slug":"custodia-morbida-per-pigiama-tigre-alluncinetto","status":"publish","type":"product","link":"https:\/\/tinyknit.eu\/it\/product\/giocattoli-da-pigiama\/custodia-morbida-per-pigiama-tigre-alluncinetto\/","title":{"rendered":"Custodia Morbida per Pigiama \u2013 Tigre all\u2019Uncinetto"},"content":{"rendered":"<p data-start=\"160\" data-end=\"585\">La Custodia per Pigiama \u00e8 un adorabile e versatile peluche all\u2019uncinetto con molteplici funzioni. I bambini possono divertirsi a giocare con essa, coccolarsi durante il sonno e imparare a tenere in ordine, poich\u00e9 presenta un corpo vuoto dove possono riporre il pigiama durante il giorno. Inoltre, alcuni genitori scelgono di inserire un sacchettino di lavanda all\u2019interno per aiutare il bambino a rilassarsi prima di dormire.<\/p>\n<p data-start=\"587\" data-end=\"1363\"><strong data-start=\"587\" data-end=\"607\">Caratteristiche:<\/strong><br data-start=\"607\" data-end=\"610\" \/>\u2022 Aiuta il bambino a sviluppare il senso dell\u2019organizzazione, poich\u00e9 \u00e8 molto pi\u00f9 divertente mettere il pigiama dentro un peluche che nasconderlo sotto il cuscino.<br data-start=\"772\" data-end=\"775\" \/>\u2022 Favorisce lo sviluppo della motricit\u00e0 fine, insegnando ai bambini ad aprire e chiudere il fermacorda.<br data-start=\"878\" data-end=\"881\" \/>\u2022 Le abilit\u00e0 motorie fini sono strettamente collegate a memoria, attenzione e coordinazione.<br data-start=\"973\" data-end=\"976\" \/>\u2022 Stimola le sensazioni tattili grazie alla combinazione di filati con diverse texture, stimolando la curiosit\u00e0 del bambino e l\u2019apprendimento del mondo circostante.<br data-start=\"1140\" data-end=\"1143\" \/>\u2022 Rilassa e aiuta il bambino a prendere sonno, essendo molto piacevole da abbracciare.<br data-start=\"1229\" data-end=\"1232\" \/>\u2022 Realizzato con materiali ipoallergenici, sicuri per i bambini.<br data-start=\"1296\" data-end=\"1299\" \/>\u2022 Un\u2019aggiunta interessante e decorativa per qualsiasi cameretta.<\/p>\n<p data-start=\"1365\" data-end=\"1554\"><strong data-start=\"1365\" data-end=\"1380\">Dimensioni:<\/strong> circa 58 x 22 cm<br data-start=\"1397\" data-end=\"1400\" \/><strong data-start=\"1400\" data-end=\"1414\">Materiale:<\/strong> Fatto a mano con filati ipoallergenici in peluche e cotone. Imbottito con holofiber. Realizzato in ambiente senza fumo e animali domestici.<\/p>\n<p data-start=\"1556\" data-end=\"1596\"><strong data-start=\"1556\" data-end=\"1596\">Prodotto in Estonia, Unione Europea.<\/strong><\/p>\n<p data-start=\"1598\" data-end=\"1645\"><strong data-start=\"1598\" data-end=\"1617\">Il Set Include:<\/strong><br data-start=\"1617\" data-end=\"1620\" \/>\u2022 1x Custodia per Pigiama<\/p>\n<p data-start=\"1647\" data-end=\"1762\">\ud83c\udf81 <strong data-start=\"1650\" data-end=\"1685\">Il regalo perfetto per neonati!<\/strong><br data-start=\"1685\" data-end=\"1688\" \/>Confezione regalo pronta per ogni baby shower, lista nascita o compleanno.<\/p>\n<p data-start=\"1764\" data-end=\"1919\">\u26a0\ufe0f <strong data-start=\"1767\" data-end=\"1776\">Nota:<\/strong> questo peluche \u00e8 dotato di un fermacorda. Si raccomanda la supervisione per bambini sotto i 3 anni o per chi tende a mettere oggetti in bocca.<\/p>\n<p data-start=\"1921\" data-end=\"2142\" data-is-last-node=\"\" data-is-only-node=\"\"><strong data-start=\"1921\" data-end=\"1946\">Consigli per la cura:<\/strong><br data-start=\"1946\" data-end=\"1949\" \/>\u2022 Utilizzare detergenti liquidi e ipoallergenici per prevenire reazioni allergiche.<br data-start=\"2032\" data-end=\"2035\" \/>\u2022 Lavare in lavatrice con ciclo delicato a 30\u00b0C per 30 minuti.<br data-start=\"2097\" data-end=\"2100\" \/>\u2022 Asciugare stendendo il peluche in piano.<\/p>\n","protected":false},"excerpt":{"rendered":"<p>La Custodia per Pigiama \u00e8 un adorabile e versatile peluche all\u2019uncinetto con molteplici funzioni. I bambini possono divertirsi a giocare con essa, coccolarsi durante il sonno e imparare a tenere in ordine, poich\u00e9 presenta un corpo vuoto dove possono riporre il pigiama durante il giorno. Inoltre, alcuni genitori scelgono di inserire un sacchettino di lavanda all\u2019interno per aiutare il bambino a rilassarsi prima di dormire.<\/p>\n","protected":false},"featured_media":32682,"comment_status":"open","ping_status":"closed","template":"","meta":[],"product_brand":[],"product_cat":[687,683],"product_tag":[],"class_list":{"0":"post-32678","1":"product","2":"type-product","3":"status-publish","4":"has-post-thumbnail","6":"product_cat-giocattoli-da-pigiama","7":"product_cat-su-ordinazione","9":"first","10":"onbackorder","11":"taxable","12":"shipping-taxable","13":"purchasable","14":"product-type-simple"},"_links":{"self":[{"href":"https:\/\/tinyknit.eu\/it\/wp-json\/wp\/v2\/product\/32678","targetHints":{"allow":["GET"]}}],"collection":[{"href":"https:\/\/tinyknit.eu\/it\/wp-json\/wp\/v2\/product"}],"about":[{"href":"https:\/\/tinyknit.eu\/it\/wp-json\/wp\/v2\/types\/product"}],"replies":[{"embeddable":true,"href":"https:\/\/tinyknit.eu\/it\/wp-json\/wp\/v2\/comments?post=32678"}],"version-history":[{"count":2,"href":"https:\/\/tinyknit.eu\/it\/wp-json\/wp\/v2\/product\/32678\/revisions"}],"predecessor-version":[{"id":32693,"href":"https:\/\/tinyknit.eu\/it\/wp-json\/wp\/v2\/product\/32678\/revisions\/32693"}],"wp:featuredmedia":[{"embeddable":true,"href":"https:\/\/tinyknit.eu\/it\/wp-json\/wp\/v2\/media\/32682"}],"wp:attachment":[{"href":"https:\/\/tinyknit.eu\/it\/wp-json\/wp\/v2\/media?parent=32678"}],"wp:term":[{"taxonomy":"product_brand","embeddable":true,"href":"https:\/\/tinyknit.eu\/it\/wp-json\/wp\/v2\/product_brand?post=32678"},{"taxonomy":"product_cat","embeddable":true,"href":"https:\/\/tinyknit.eu\/it\/wp-json\/wp\/v2\/product_cat?post=32678"},{"taxonomy":"product_tag","embeddable":true,"href":"https:\/\/tinyknit.eu\/it\/wp-json\/wp\/v2\/product_tag?post=32678"}],"curies":[{"name":"wp","href":"https:\/\/api.w.org\/{rel}","templated":true}]}}