{"id":32640,"date":"2023-10-23T19:23:03","date_gmt":"2023-10-23T19:23:03","guid":{"rendered":"https:\/\/tinyknit.eu\/product\/senza-categoria\/soft-nightdress-case-pajama-bag-crochet-penguin\/"},"modified":"2025-07-29T17:23:56","modified_gmt":"2025-07-29T17:23:56","slug":"custodia-morbida-per-pigiama-pinguino-alluncinetto","status":"publish","type":"product","link":"https:\/\/tinyknit.eu\/it\/product\/giocattoli-da-pigiama\/custodia-morbida-per-pigiama-pinguino-alluncinetto\/","title":{"rendered":"Custodia Morbida per Pigiama \u2013 Pinguino all\u2019Uncinetto"},"content":{"rendered":"<p data-start=\"97\" data-end=\"491\">La Custodia per Pigiama \u00e8 un adorabile e versatile peluche all\u2019uncinetto che svolge molteplici funzioni. I bambini possono giocarci, coccolarlo durante il sonno e imparare a tenere in ordine, grazie al corpo vuoto in cui riporre il pigiama durante il giorno. Alcuni genitori scelgono anche di inserire un sacchettino di lavanda all\u2019interno per aiutare il bambino a rilassarsi prima della nanna.<\/p>\n<p data-start=\"493\" data-end=\"1262\"><strong data-start=\"493\" data-end=\"513\">Caratteristiche:<\/strong><br data-start=\"513\" data-end=\"516\" \/>\u2022 Aiuta a insegnare al bambino il senso dell\u2019ordine: mettere il pigiama dentro un peluche \u00e8 molto pi\u00f9 divertente che nasconderlo sotto il cuscino.<br data-start=\"662\" data-end=\"665\" \/>\u2022 Favorisce lo sviluppo della motricit\u00e0 fine, grazie al fermacorda che il bambino pu\u00f2 imparare ad aprire e chiudere.<br data-start=\"781\" data-end=\"784\" \/>\u2022 Le abilit\u00e0 motorie fini sono collegate allo sviluppo di memoria, attenzione e coordinazione.<br data-start=\"878\" data-end=\"881\" \/>\u2022 Stimola le sensazioni tattili grazie all\u2019uso di filati con texture differenti, interessanti per il bambino e utili nella scoperta del mondo.<br data-start=\"1023\" data-end=\"1026\" \/>\u2022 Aiuta a calmarsi e ad addormentarsi, poich\u00e9 \u00e8 molto piacevole da abbracciare.<br data-start=\"1105\" data-end=\"1108\" \/>\u2022 Tutti i giocattoli sono realizzati con materiali ipoallergenici, sicuri per i bambini.<br data-start=\"1196\" data-end=\"1199\" \/>\u2022 Pu\u00f2 essere un elemento decorativo originale per la cameretta.<\/p>\n<p data-start=\"1264\" data-end=\"1486\"><strong data-start=\"1264\" data-end=\"1279\">Dimensioni:<\/strong> circa 58 x 22 cm<br data-start=\"1296\" data-end=\"1299\" \/><strong data-start=\"1299\" data-end=\"1313\">Materiale:<\/strong> Questo articolo \u00e8 lavorato a mano con filato ipoallergenico in peluche e cotone. \u00c8 imbottito con holofiber ed \u00e8 realizzato in un ambiente privo di fumo e animali domestici.<\/p>\n<p data-start=\"1488\" data-end=\"1528\"><strong data-start=\"1488\" data-end=\"1528\">Prodotto in Estonia, Unione Europea.<\/strong><\/p>\n<p data-start=\"1530\" data-end=\"1579\"><strong data-start=\"1530\" data-end=\"1551\">Il set comprende:<\/strong><br data-start=\"1551\" data-end=\"1554\" \/>\u2022 1x Custodia per Pigiama<\/p>\n<p data-start=\"1581\" data-end=\"1704\"><strong data-start=\"1581\" data-end=\"1619\">Il Regalo Perfetto per un Neonato!<\/strong><br data-start=\"1619\" data-end=\"1622\" \/>Confezione pronta per essere regalata per baby shower, lista nascita o compleanno.<\/p>\n<p data-start=\"1706\" data-end=\"1865\"><strong data-start=\"1706\" data-end=\"1721\">Attenzione:<\/strong> questo giocattolo \u00e8 dotato di un fermacorda. \u00c8 importante sorvegliare i bambini sotto i 3 anni o quelli che tendono a mettere oggetti in bocca.<\/p>\n<p data-start=\"1867\" data-end=\"2127\" data-is-last-node=\"\" data-is-only-node=\"\"><strong data-start=\"1867\" data-end=\"1892\">Consigli per la cura:<\/strong><br data-start=\"1892\" data-end=\"1895\" \/>\u2022 Per evitare reazioni allergiche, utilizzare detergenti liquidi e ipoallergenici.<br data-start=\"1977\" data-end=\"1980\" \/>\u2022 Lavare in lavatrice con ciclo delicato a 30 gradi per 30 minuti.<br data-start=\"2046\" data-end=\"2049\" \/>\u2022 Dopo il lavaggio, lasciare asciugare il giocattolo in posizione orizzontale.<\/p>\n","protected":false},"excerpt":{"rendered":"<p>La Custodia per Pigiama \u00e8 un adorabile e versatile peluche all\u2019uncinetto che svolge molteplici funzioni. I bambini possono giocarci, coccolarlo durante il sonno e imparare a tenere in ordine, grazie al corpo vuoto in cui riporre il pigiama durante il giorno. Alcuni genitori scelgono anche di inserire un sacchettino di lavanda all\u2019interno per aiutare il bambino a rilassarsi prima della nanna.<\/p>\n","protected":false},"featured_media":32643,"comment_status":"open","ping_status":"closed","template":"","meta":[],"product_brand":[],"product_cat":[687,683],"product_tag":[],"class_list":{"0":"post-32640","1":"product","2":"type-product","3":"status-publish","4":"has-post-thumbnail","6":"product_cat-giocattoli-da-pigiama","7":"product_cat-su-ordinazione","9":"first","10":"onbackorder","11":"taxable","12":"shipping-taxable","13":"purchasable","14":"product-type-simple"},"_links":{"self":[{"href":"https:\/\/tinyknit.eu\/it\/wp-json\/wp\/v2\/product\/32640","targetHints":{"allow":["GET"]}}],"collection":[{"href":"https:\/\/tinyknit.eu\/it\/wp-json\/wp\/v2\/product"}],"about":[{"href":"https:\/\/tinyknit.eu\/it\/wp-json\/wp\/v2\/types\/product"}],"replies":[{"embeddable":true,"href":"https:\/\/tinyknit.eu\/it\/wp-json\/wp\/v2\/comments?post=32640"}],"version-history":[{"count":2,"href":"https:\/\/tinyknit.eu\/it\/wp-json\/wp\/v2\/product\/32640\/revisions"}],"predecessor-version":[{"id":32658,"href":"https:\/\/tinyknit.eu\/it\/wp-json\/wp\/v2\/product\/32640\/revisions\/32658"}],"wp:featuredmedia":[{"embeddable":true,"href":"https:\/\/tinyknit.eu\/it\/wp-json\/wp\/v2\/media\/32643"}],"wp:attachment":[{"href":"https:\/\/tinyknit.eu\/it\/wp-json\/wp\/v2\/media?parent=32640"}],"wp:term":[{"taxonomy":"product_brand","embeddable":true,"href":"https:\/\/tinyknit.eu\/it\/wp-json\/wp\/v2\/product_brand?post=32640"},{"taxonomy":"product_cat","embeddable":true,"href":"https:\/\/tinyknit.eu\/it\/wp-json\/wp\/v2\/product_cat?post=32640"},{"taxonomy":"product_tag","embeddable":true,"href":"https:\/\/tinyknit.eu\/it\/wp-json\/wp\/v2\/product_tag?post=32640"}],"curies":[{"name":"wp","href":"https:\/\/api.w.org\/{rel}","templated":true}]}}