{"id":32617,"date":"2023-10-23T20:32:56","date_gmt":"2023-10-23T20:32:56","guid":{"rendered":"https:\/\/tinyknit.eu\/product\/senza-categoria\/soft-nightdress-case-pajama-bag-crochet-deer-2\/"},"modified":"2025-07-29T17:02:57","modified_gmt":"2025-07-29T17:02:57","slug":"custodia-morbida-per-pigiama-cerbiatto-alluncinetto","status":"publish","type":"product","link":"https:\/\/tinyknit.eu\/it\/product\/giocattoli-da-pigiama\/custodia-morbida-per-pigiama-cerbiatto-alluncinetto\/","title":{"rendered":"Custodia Morbida per Pigiama \u2013 Cerbiatto all\u2019Uncinetto"},"content":{"rendered":"<p data-start=\"98\" data-end=\"489\">La Custodia per Pigiama \u00e8 un adorabile e versatile peluche all\u2019uncinetto che svolge molteplici funzioni. I bambini possono giocarci, abbracciarlo mentre dormono e imparare a mantenere l\u2019ordine, grazie al corpo vuoto dove riporre il pigiama durante il giorno. Alcuni genitori scelgono anche di inserire un sacchetto di lavanda all\u2019interno per aiutare il bambino a rilassarsi prima di dormire.<\/p>\n<p data-start=\"491\" data-end=\"1299\"><strong data-start=\"491\" data-end=\"511\">Caratteristiche:<\/strong><br data-start=\"511\" data-end=\"514\" \/>\u2022 Aiuta il bambino a sviluppare l\u2019abitudine all\u2019organizzazione: riporre il pigiama dentro un peluche \u00e8 molto pi\u00f9 divertente che nasconderlo sotto il cuscino.<br data-start=\"671\" data-end=\"674\" \/>\u2022 Favorisce lo sviluppo della motricit\u00e0 fine, grazie al meccanismo di apertura e chiusura con il fermacorda.<br data-start=\"782\" data-end=\"785\" \/>\u2022 Le abilit\u00e0 motorie fini sono strettamente legate allo sviluppo della memoria, dell\u2019attenzione e della coordinazione.<br data-start=\"903\" data-end=\"906\" \/>\u2022 Stimola le sensazioni tattili, grazie alla combinazione di filati con texture diverse, utili per la scoperta del mondo che circonda il bambino.<br data-start=\"1051\" data-end=\"1054\" \/>\u2022 Aiuta a rilassarsi e ad addormentarsi, poich\u00e9 \u00e8 molto piacevole da abbracciare.<br data-start=\"1135\" data-end=\"1138\" \/>\u2022 Tutti i giocattoli sono realizzati con materiali ipoallergenici, sicuri per i bambini.<br data-start=\"1226\" data-end=\"1229\" \/>\u2022 Pu\u00f2 diventare un\u2019aggiunta originale all\u2019arredamento della cameretta.<\/p>\n<p data-start=\"1301\" data-end=\"1526\"><strong data-start=\"1301\" data-end=\"1316\">Dimensioni:<\/strong> circa 58 x 22 cm<br data-start=\"1333\" data-end=\"1336\" \/><strong data-start=\"1336\" data-end=\"1350\">Materiale:<\/strong> Questo articolo \u00e8 lavorato a mano con filato ipoallergenico in peluche e cotone. \u00c8 imbottito con holofiber ed \u00e8 realizzato in un ambiente privo di fumo e di animali domestici.<\/p>\n<p data-start=\"1528\" data-end=\"1568\"><strong data-start=\"1528\" data-end=\"1568\">Prodotto in Estonia, Unione Europea.<\/strong><\/p>\n<p data-start=\"1570\" data-end=\"1619\"><strong data-start=\"1570\" data-end=\"1591\">Il set comprende:<\/strong><br data-start=\"1591\" data-end=\"1594\" \/>\u2022 1x Custodia per Pigiama<\/p>\n<p data-start=\"1621\" data-end=\"1756\"><strong data-start=\"1621\" data-end=\"1659\">Il Regalo Perfetto per un Neonato!<\/strong><br data-start=\"1659\" data-end=\"1662\" \/>Confezione pronta per essere regalata in occasione di baby shower, lista nascita o compleanno.<\/p>\n<p data-start=\"1758\" data-end=\"1917\"><strong data-start=\"1758\" data-end=\"1773\">Attenzione:<\/strong> questo giocattolo \u00e8 dotato di un fermacorda. \u00c8 importante sorvegliare i bambini sotto i 3 anni o quelli che tendono a mettere oggetti in bocca.<\/p>\n<p data-start=\"1919\" data-end=\"2179\" data-is-last-node=\"\" data-is-only-node=\"\"><strong data-start=\"1919\" data-end=\"1944\">Consigli per la cura:<\/strong><br data-start=\"1944\" data-end=\"1947\" \/>\u2022 Per evitare reazioni allergiche, utilizzare detergenti liquidi e ipoallergenici.<br data-start=\"2029\" data-end=\"2032\" \/>\u2022 Lavare in lavatrice con ciclo delicato a 30 gradi per 30 minuti.<br data-start=\"2098\" data-end=\"2101\" \/>\u2022 Dopo il lavaggio, lasciare asciugare il giocattolo in posizione orizzontale.<\/p>\n","protected":false},"excerpt":{"rendered":"<p>La Custodia per Pigiama \u00e8 un adorabile e versatile peluche all\u2019uncinetto che svolge molteplici funzioni. I bambini possono giocarci, abbracciarlo mentre dormono e imparare a mantenere l\u2019ordine, grazie al corpo vuoto dove riporre il pigiama durante il giorno. Alcuni genitori scelgono anche di inserire un sacchetto di lavanda all\u2019interno per aiutare il bambino a rilassarsi prima di dormire.<\/p>\n","protected":false},"featured_media":32620,"comment_status":"open","ping_status":"closed","template":"","meta":[],"product_brand":[],"product_cat":[687,683],"product_tag":[],"class_list":{"0":"post-32617","1":"product","2":"type-product","3":"status-publish","4":"has-post-thumbnail","6":"product_cat-giocattoli-da-pigiama","7":"product_cat-su-ordinazione","9":"first","10":"onbackorder","11":"taxable","12":"shipping-taxable","13":"purchasable","14":"product-type-simple"},"_links":{"self":[{"href":"https:\/\/tinyknit.eu\/it\/wp-json\/wp\/v2\/product\/32617","targetHints":{"allow":["GET"]}}],"collection":[{"href":"https:\/\/tinyknit.eu\/it\/wp-json\/wp\/v2\/product"}],"about":[{"href":"https:\/\/tinyknit.eu\/it\/wp-json\/wp\/v2\/types\/product"}],"replies":[{"embeddable":true,"href":"https:\/\/tinyknit.eu\/it\/wp-json\/wp\/v2\/comments?post=32617"}],"version-history":[{"count":1,"href":"https:\/\/tinyknit.eu\/it\/wp-json\/wp\/v2\/product\/32617\/revisions"}],"predecessor-version":[{"id":32627,"href":"https:\/\/tinyknit.eu\/it\/wp-json\/wp\/v2\/product\/32617\/revisions\/32627"}],"wp:featuredmedia":[{"embeddable":true,"href":"https:\/\/tinyknit.eu\/it\/wp-json\/wp\/v2\/media\/32620"}],"wp:attachment":[{"href":"https:\/\/tinyknit.eu\/it\/wp-json\/wp\/v2\/media?parent=32617"}],"wp:term":[{"taxonomy":"product_brand","embeddable":true,"href":"https:\/\/tinyknit.eu\/it\/wp-json\/wp\/v2\/product_brand?post=32617"},{"taxonomy":"product_cat","embeddable":true,"href":"https:\/\/tinyknit.eu\/it\/wp-json\/wp\/v2\/product_cat?post=32617"},{"taxonomy":"product_tag","embeddable":true,"href":"https:\/\/tinyknit.eu\/it\/wp-json\/wp\/v2\/product_tag?post=32617"}],"curies":[{"name":"wp","href":"https:\/\/api.w.org\/{rel}","templated":true}]}}