{"id":32603,"date":"2025-02-28T20:20:47","date_gmt":"2025-02-28T20:20:47","guid":{"rendered":"https:\/\/tinyknit.eu\/product\/senza-categoria\/hanging-crochet-wall-nursery-decor-panda\/"},"modified":"2025-07-29T16:55:22","modified_gmt":"2025-07-29T16:55:22","slug":"decorazione-da-parete-alluncinetto-panda","status":"publish","type":"product","link":"https:\/\/tinyknit.eu\/it\/product\/decorazioni-per-la-cameretta\/decorazione-da-parete-alluncinetto-panda\/","title":{"rendered":"Decorazione da Parete all\u2019Uncinetto \u2013 Panda"},"content":{"rendered":"<p data-start=\"87\" data-end=\"485\">Decorare la cameretta \u00e8 un compito importante e delicato a cui tutti i genitori dedicano particolare attenzione. La nostra decorazione da parete \u00e8 un meraviglioso elemento decorativo che render\u00e0 la stanza del tuo bambino pi\u00f9 personale e colorata. Pu\u00f2 essere appesa alla porta o alla parete.<br data-start=\"377\" data-end=\"380\" \/>Aggiungi un tocco artigianale allo spazio del tuo piccolo con questa decorazione da parete all\u2019uncinetto!<\/p>\n<p data-start=\"487\" data-end=\"593\"><strong data-start=\"487\" data-end=\"502\">Dimensioni:<\/strong> circa 30 x 25 cm<br data-start=\"519\" data-end=\"522\" \/><strong data-start=\"522\" data-end=\"536\">Materiale:<\/strong> 55% cotone, 45% acrilico e bastoncino in legno di faggio<\/p>\n<p data-start=\"595\" data-end=\"659\"><strong data-start=\"595\" data-end=\"616\">Il set comprende:<\/strong><br data-start=\"616\" data-end=\"619\" \/>\u2022 1x Decorazione da Parete all\u2019Uncinetto<\/p>\n<p data-start=\"661\" data-end=\"789\" data-is-last-node=\"\" data-is-only-node=\"\"><strong data-start=\"661\" data-end=\"686\">Consigli per la cura:<\/strong> Lavare a mano a 30\u00b0C con sapone delicato per bambini. Asciugare appeso. Non utilizzare l\u2019asciugatrice.<\/p>\n","protected":false},"excerpt":{"rendered":"<p>Decorare la cameretta \u00e8 un compito importante e delicato a cui tutti i genitori dedicano particolare attenzione. La nostra decorazione da parete \u00e8 un meraviglioso elemento decorativo che render\u00e0 la stanza del tuo bambino pi\u00f9 personale e colorata. Pu\u00f2 essere appesa alla porta o alla parete.<br data-start=\"377\" data-end=\"380\" \/>Aggiungi un tocco artigianale allo spazio del tuo piccolo con questa decorazione da parete all\u2019uncinetto!<\/p>\n","protected":false},"featured_media":32604,"comment_status":"open","ping_status":"closed","template":"","meta":[],"product_brand":[],"product_cat":[686,689],"product_tag":[],"class_list":{"0":"post-32603","1":"product","2":"type-product","3":"status-publish","4":"has-post-thumbnail","6":"product_cat-decorazioni-per-la-cameretta","7":"product_cat-pronto-per-la-spedizione","9":"first","10":"instock","11":"taxable","12":"shipping-taxable","13":"purchasable","14":"product-type-simple"},"_links":{"self":[{"href":"https:\/\/tinyknit.eu\/it\/wp-json\/wp\/v2\/product\/32603","targetHints":{"allow":["GET"]}}],"collection":[{"href":"https:\/\/tinyknit.eu\/it\/wp-json\/wp\/v2\/product"}],"about":[{"href":"https:\/\/tinyknit.eu\/it\/wp-json\/wp\/v2\/types\/product"}],"replies":[{"embeddable":true,"href":"https:\/\/tinyknit.eu\/it\/wp-json\/wp\/v2\/comments?post=32603"}],"version-history":[{"count":2,"href":"https:\/\/tinyknit.eu\/it\/wp-json\/wp\/v2\/product\/32603\/revisions"}],"predecessor-version":[{"id":32615,"href":"https:\/\/tinyknit.eu\/it\/wp-json\/wp\/v2\/product\/32603\/revisions\/32615"}],"wp:featuredmedia":[{"embeddable":true,"href":"https:\/\/tinyknit.eu\/it\/wp-json\/wp\/v2\/media\/32604"}],"wp:attachment":[{"href":"https:\/\/tinyknit.eu\/it\/wp-json\/wp\/v2\/media?parent=32603"}],"wp:term":[{"taxonomy":"product_brand","embeddable":true,"href":"https:\/\/tinyknit.eu\/it\/wp-json\/wp\/v2\/product_brand?post=32603"},{"taxonomy":"product_cat","embeddable":true,"href":"https:\/\/tinyknit.eu\/it\/wp-json\/wp\/v2\/product_cat?post=32603"},{"taxonomy":"product_tag","embeddable":true,"href":"https:\/\/tinyknit.eu\/it\/wp-json\/wp\/v2\/product_tag?post=32603"}],"curies":[{"name":"wp","href":"https:\/\/api.w.org\/{rel}","templated":true}]}}