{"id":32266,"date":"2024-06-08T17:44:13","date_gmt":"2024-06-08T17:44:13","guid":{"rendered":"https:\/\/tinyknit.eu\/product\/senza-categoria\/little-plushie-sleeping-toy-comforter-dragon\/"},"modified":"2026-04-19T16:55:47","modified_gmt":"2026-04-19T16:55:47","slug":"piccolo-peluche-per-la-nanna-doudou-drago","status":"publish","type":"product","link":"https:\/\/tinyknit.eu\/it\/product\/giocattoli-da-coccolare\/piccolo-peluche-per-la-nanna-doudou-drago\/","title":{"rendered":"Piccolo Peluche per la Nanna, Doudou \u2013 Drago"},"content":{"rendered":"<p data-start=\"88\" data-end=\"394\">Stai cercando un amico unico e coccoloso per la nanna del tuo piccolo? Non cercare oltre: questo adorabile giocattolo all\u2019uncinetto \u00e8 proprio quello che fa per te! Perfetto per essere abbracciato durante il sonno e per il gioco durante il giorno, \u00e8 un regalo ideale per qualsiasi bambino, di qualsiasi et\u00e0.<\/p>\n<p data-start=\"396\" data-end=\"787\"><strong data-start=\"396\" data-end=\"416\">Caratteristiche:<\/strong><br data-start=\"416\" data-end=\"419\" \/>\u2022 Il peluche per la nanna stimola le sensazioni tattili grazie all\u2019uso di filati con texture diverse, interessanti per il bambino e utili per aiutarlo a scoprire il mondo che lo circonda.<br data-start=\"606\" data-end=\"609\" \/>\u2022 Tutti i giocattoli sono realizzati con materiali ipoallergenici, sicuri per i bambini.<br data-start=\"697\" data-end=\"700\" \/>\u2022 Un giocattolo pu\u00f2 diventare un\u2019aggiunta interessante all\u2019arredamento della cameretta.<\/p>\n<p data-start=\"789\" data-end=\"1009\"><strong data-start=\"789\" data-end=\"804\">Dimensioni:<\/strong> circa 36 cm<br data-start=\"816\" data-end=\"819\" \/><strong data-start=\"819\" data-end=\"833\">Materiale:<\/strong> Questo articolo \u00e8 lavorato a mano con filato ipoallergenico in peluche e cotone. \u00c8 imbottito con holofiber ed \u00e8 realizzato in un ambiente privo di fumo e di animali domestici.<\/p>\n<p data-start=\"1011\" data-end=\"1051\"><strong data-start=\"1011\" data-end=\"1051\">Prodotto in Estonia, Unione Europea.<\/strong><\/p>\n<p data-start=\"1053\" data-end=\"1102\"><strong data-start=\"1053\" data-end=\"1074\">Il set comprende:<\/strong><br data-start=\"1074\" data-end=\"1077\" \/>\u2022 1x Peluche per la Nanna<\/p>\n<p data-start=\"1104\" data-end=\"1239\"><strong data-start=\"1104\" data-end=\"1142\">Il Regalo Perfetto per un Neonato!<\/strong><br data-start=\"1142\" data-end=\"1145\" \/>Confezione pronta per essere regalata in occasione di baby shower, lista nascita o compleanno.<\/p>\n<p data-start=\"1241\" data-end=\"1501\" data-is-last-node=\"\" data-is-only-node=\"\"><strong data-start=\"1241\" data-end=\"1266\">Consigli per la cura:<\/strong><br data-start=\"1266\" data-end=\"1269\" \/>\u2022 Per evitare reazioni allergiche, utilizzare detergenti liquidi e ipoallergenici.<br data-start=\"1351\" data-end=\"1354\" \/>\u2022 Lavare in lavatrice con ciclo delicato a 30 gradi per 30 minuti.<br data-start=\"1420\" data-end=\"1423\" \/>\u2022 Dopo il lavaggio, lasciare asciugare il giocattolo in posizione orizzontale.<\/p>\n","protected":false},"excerpt":{"rendered":"<p>Stai cercando un amico unico e coccoloso per la nanna del tuo piccolo? Non cercare oltre: questo adorabile giocattolo all\u2019uncinetto \u00e8 proprio quello che fa per te! Perfetto per essere abbracciato durante il sonno e per il gioco durante il giorno, \u00e8 un regalo ideale per qualsiasi bambino, di qualsiasi et\u00e0.<\/p>\n<p><iframe title=\"YouTube video player\" src=\"https:\/\/www.youtube.com\/embed\/AI1hfKUhlN8?si=Xwg74BRLxulJs3By\" width=\"560\" height=\"315\" frameborder=\"0\" allowfullscreen=\"allowfullscreen\"><\/iframe><\/p>\n","protected":false},"featured_media":32275,"comment_status":"open","ping_status":"closed","template":"","meta":[],"product_brand":[],"product_cat":[691,684,683],"product_tag":[],"class_list":{"0":"post-32266","1":"product","2":"type-product","3":"status-publish","4":"has-post-thumbnail","6":"product_cat-giocattoli-da-coccolare","7":"product_cat-mini-amici","8":"product_cat-su-ordinazione","10":"first","11":"onbackorder","12":"taxable","13":"shipping-taxable","14":"purchasable","15":"product-type-simple"},"_links":{"self":[{"href":"https:\/\/tinyknit.eu\/it\/wp-json\/wp\/v2\/product\/32266","targetHints":{"allow":["GET"]}}],"collection":[{"href":"https:\/\/tinyknit.eu\/it\/wp-json\/wp\/v2\/product"}],"about":[{"href":"https:\/\/tinyknit.eu\/it\/wp-json\/wp\/v2\/types\/product"}],"replies":[{"embeddable":true,"href":"https:\/\/tinyknit.eu\/it\/wp-json\/wp\/v2\/comments?post=32266"}],"version-history":[{"count":1,"href":"https:\/\/tinyknit.eu\/it\/wp-json\/wp\/v2\/product\/32266\/revisions"}],"predecessor-version":[{"id":32279,"href":"https:\/\/tinyknit.eu\/it\/wp-json\/wp\/v2\/product\/32266\/revisions\/32279"}],"wp:featuredmedia":[{"embeddable":true,"href":"https:\/\/tinyknit.eu\/it\/wp-json\/wp\/v2\/media\/32275"}],"wp:attachment":[{"href":"https:\/\/tinyknit.eu\/it\/wp-json\/wp\/v2\/media?parent=32266"}],"wp:term":[{"taxonomy":"product_brand","embeddable":true,"href":"https:\/\/tinyknit.eu\/it\/wp-json\/wp\/v2\/product_brand?post=32266"},{"taxonomy":"product_cat","embeddable":true,"href":"https:\/\/tinyknit.eu\/it\/wp-json\/wp\/v2\/product_cat?post=32266"},{"taxonomy":"product_tag","embeddable":true,"href":"https:\/\/tinyknit.eu\/it\/wp-json\/wp\/v2\/product_tag?post=32266"}],"curies":[{"name":"wp","href":"https:\/\/api.w.org\/{rel}","templated":true}]}}