{"id":32245,"date":"2023-04-07T16:18:28","date_gmt":"2023-04-07T16:18:28","guid":{"rendered":"https:\/\/tinyknit.eu\/product\/senza-categoria\/soft-pillow-for-kids-moon-2\/"},"modified":"2025-07-29T15:45:02","modified_gmt":"2025-07-29T15:45:02","slug":"soft-pillow-for-kids-moon-2","status":"publish","type":"product","link":"https:\/\/tinyknit.eu\/it\/product\/cuscini\/soft-pillow-for-kids-moon-2\/","title":{"rendered":"Cuscino Morbido per Bambini \u2013 Luna"},"content":{"rendered":"<p data-start=\"78\" data-end=\"379\">I cuscini morbidi possono essere il complemento perfetto per una cameretta semplice e minimalista. Posizionandoli sul lettino o nella culla del bambino, puoi arricchire l\u2019arredamento con un tocco di eleganza. Le tonalit\u00e0 delicate e naturali del cuscino creano inoltre un\u2019atmosfera calda e accogliente.<\/p>\n<p data-start=\"381\" data-end=\"753\"><strong data-start=\"381\" data-end=\"401\">Caratteristiche:<\/strong><br data-start=\"401\" data-end=\"404\" \/>\u2022 Il cuscino stimola le sensazioni tattili grazie all\u2019uso di filati con texture diverse, interessanti per il bambino e utili per aiutarlo a scoprire il mondo che lo circonda.<br data-start=\"578\" data-end=\"581\" \/>\u2022 Tutti i cuscini sono realizzati con materiali ipoallergenici, sicuri per i bambini.<br data-start=\"666\" data-end=\"669\" \/>\u2022 Un cuscino pu\u00f2 diventare un\u2019aggiunta interessante all\u2019arredamento della cameretta.<\/p>\n<p data-start=\"755\" data-end=\"980\"><strong data-start=\"755\" data-end=\"770\">Dimensioni:<\/strong> circa 31 x 27 cm<br data-start=\"787\" data-end=\"790\" \/><strong data-start=\"790\" data-end=\"804\">Materiale:<\/strong> Questo articolo \u00e8 lavorato a mano con filato ipoallergenico in peluche e cotone. \u00c8 imbottito con holofiber ed \u00e8 realizzato in un ambiente privo di fumo e di animali domestici.<\/p>\n<p data-start=\"982\" data-end=\"1022\"><strong data-start=\"982\" data-end=\"1022\">Prodotto in Estonia, Unione Europea.<\/strong><\/p>\n<p data-start=\"1024\" data-end=\"1068\"><strong data-start=\"1024\" data-end=\"1045\">Il set comprende:<\/strong><br data-start=\"1045\" data-end=\"1048\" \/>\u2022 1x Cuscino Morbido<\/p>\n<p data-start=\"1070\" data-end=\"1205\"><strong data-start=\"1070\" data-end=\"1108\">Il Regalo Perfetto per un Neonato!<\/strong><br data-start=\"1108\" data-end=\"1111\" \/>Confezione pronta per essere regalata in occasione di baby shower, lista nascita o compleanno.<\/p>\n<p data-start=\"1207\" data-end=\"1464\" data-is-last-node=\"\" data-is-only-node=\"\"><strong data-start=\"1207\" data-end=\"1232\">Consigli per la cura:<\/strong><br data-start=\"1232\" data-end=\"1235\" \/>\u2022 Per evitare reazioni allergiche, utilizzare detergenti liquidi e ipoallergenici.<br data-start=\"1317\" data-end=\"1320\" \/>\u2022 Lavare in lavatrice con ciclo delicato a 30 gradi per 30 minuti.<br data-start=\"1386\" data-end=\"1389\" \/>\u2022 Dopo il lavaggio, lasciare asciugare il cuscino in posizione orizzontale.<\/p>\n","protected":false},"excerpt":{"rendered":"<p>I cuscini morbidi possono essere il complemento perfetto per una cameretta semplice e minimalista. Posizionandoli sul lettino o nella culla del bambino, puoi arricchire l\u2019arredamento con un tocco di eleganza. Le tonalit\u00e0 delicate e naturali del cuscino creano inoltre un\u2019atmosfera calda e accogliente.<\/p>\n","protected":false},"featured_media":32246,"comment_status":"open","ping_status":"closed","template":"","meta":[],"product_brand":[],"product_cat":[688,682,683],"product_tag":[],"class_list":{"0":"post-32245","1":"product","2":"type-product","3":"status-publish","4":"has-post-thumbnail","6":"product_cat-cuscini","7":"product_cat-decorazioni-per-la-casa","8":"product_cat-su-ordinazione","10":"first","11":"onbackorder","12":"taxable","13":"shipping-taxable","14":"purchasable","15":"product-type-simple"},"_links":{"self":[{"href":"https:\/\/tinyknit.eu\/it\/wp-json\/wp\/v2\/product\/32245","targetHints":{"allow":["GET"]}}],"collection":[{"href":"https:\/\/tinyknit.eu\/it\/wp-json\/wp\/v2\/product"}],"about":[{"href":"https:\/\/tinyknit.eu\/it\/wp-json\/wp\/v2\/types\/product"}],"replies":[{"embeddable":true,"href":"https:\/\/tinyknit.eu\/it\/wp-json\/wp\/v2\/comments?post=32245"}],"version-history":[{"count":1,"href":"https:\/\/tinyknit.eu\/it\/wp-json\/wp\/v2\/product\/32245\/revisions"}],"predecessor-version":[{"id":32254,"href":"https:\/\/tinyknit.eu\/it\/wp-json\/wp\/v2\/product\/32245\/revisions\/32254"}],"wp:featuredmedia":[{"embeddable":true,"href":"https:\/\/tinyknit.eu\/it\/wp-json\/wp\/v2\/media\/32246"}],"wp:attachment":[{"href":"https:\/\/tinyknit.eu\/it\/wp-json\/wp\/v2\/media?parent=32245"}],"wp:term":[{"taxonomy":"product_brand","embeddable":true,"href":"https:\/\/tinyknit.eu\/it\/wp-json\/wp\/v2\/product_brand?post=32245"},{"taxonomy":"product_cat","embeddable":true,"href":"https:\/\/tinyknit.eu\/it\/wp-json\/wp\/v2\/product_cat?post=32245"},{"taxonomy":"product_tag","embeddable":true,"href":"https:\/\/tinyknit.eu\/it\/wp-json\/wp\/v2\/product_tag?post=32245"}],"curies":[{"name":"wp","href":"https:\/\/api.w.org\/{rel}","templated":true}]}}