{"id":32219,"date":"2023-10-08T19:35:27","date_gmt":"2023-10-08T19:35:27","guid":{"rendered":"https:\/\/tinyknit.eu\/product\/senza-categoria\/fall-decor-autumn-aesthetic-crochet-pumpkin-small\/"},"modified":"2025-07-29T15:34:53","modified_gmt":"2025-07-29T15:34:53","slug":"fall-decor-autumn-aesthetic-crochet-pumpkin-small","status":"publish","type":"product","link":"https:\/\/tinyknit.eu\/it\/product\/decorazioni-per-la-casa\/fall-decor-autumn-aesthetic-crochet-pumpkin-small\/","title":{"rendered":"Decorazioni Autunnali, Estetica d\u2019Autunno \u2013 Zucca all\u2019Uncinetto, Piccola"},"content":{"rendered":"<div class=\"flex-1 overflow-hidden\">\n<div class=\"react-scroll-to-bottom--css-puqei-79elbk h-full dark:bg-gray-800\">\n<div class=\"react-scroll-to-bottom--css-puqei-1n7m0yu\">\n<div class=\"flex flex-col text-sm dark:bg-gray-800\">\n<div class=\"group w-full text-token-text-primary border-b border-black\/10 gizmo:border-0 dark:border-gray-900\/50 gizmo:dark:border-0 bg-gray-50 gizmo:bg-transparent dark:bg-[#444654] gizmo:dark:bg-transparent\" data-testid=\"conversation-turn-9\">\n<div class=\"p-4 justify-center text-base md:gap-6 md:py-6 m-auto\">\n<div class=\"flex flex-1 gap-4 text-base mx-auto md:gap-6 gizmo:gap-3 gizmo:md:px-5 gizmo:lg:px-1 gizmo:xl:px-5 md:max-w-2xl lg:max-w-[38rem] gizmo:md:max-w-3xl gizmo:lg:max-w-[40rem] gizmo:xl:max-w-[48rem] xl:max-w-3xl }\">\n<div class=\"relative flex w-[calc(100%-50px)] flex-col gap-1 gizmo:w-full md:gap-3 lg:w-[calc(100%-115px)] agent-turn\">\n<div class=\"flex flex-grow flex-col gap-3 max-w-full\">\n<div class=\"min-h-[20px] flex flex-col items-start gap-3 whitespace-pre-wrap break-words overflow-x-auto\">\n<div class=\"markdown prose w-full break-words dark:prose-invert light\">\n<p data-start=\"116\" data-end=\"487\">Le zucche realizzate all&#8217;uncinetto sono la scelta perfetta per decorare la casa durante la stagione autunnale e Halloween. I loro colori delicati e naturali donano all\u2019ambiente un\u2019atmosfera calda e accogliente. Puoi usarle come decorazioni ovunque desideri evocare l\u2019essenza dell\u2019autunno. Inoltre, le zucche possono essere un regalo meraviglioso per le persone a te care.<\/p>\n<p data-start=\"489\" data-end=\"690\"><strong data-start=\"489\" data-end=\"509\">Caratteristiche:<\/strong><br data-start=\"509\" data-end=\"512\" \/>\u2022 Tutti i giocattoli sono realizzati con materiali ipoallergenici, sicuri per i bambini.<br data-start=\"600\" data-end=\"603\" \/>\u2022 Il giocattolo pu\u00f2 diventare un\u2019aggiunta interessante all\u2019arredamento della cameretta.<\/p>\n<p data-start=\"692\" data-end=\"917\"><strong data-start=\"692\" data-end=\"707\">Dimensioni:<\/strong> circa 14 x 13 cm<br data-start=\"724\" data-end=\"727\" \/><strong data-start=\"727\" data-end=\"741\">Materiale:<\/strong> Questo articolo \u00e8 lavorato a mano con filato ipoallergenico in peluche e cotone. \u00c8 imbottito con holofiber ed \u00e8 realizzato in un ambiente privo di fumo e di animali domestici.<\/p>\n<p data-start=\"919\" data-end=\"959\"><strong data-start=\"919\" data-end=\"959\">Prodotto in Estonia, Unione Europea.<\/strong><\/p>\n<p data-start=\"961\" data-end=\"1009\"><strong data-start=\"961\" data-end=\"982\">Il set comprende:<\/strong><br data-start=\"982\" data-end=\"985\" \/>\u2022 1x Zucca all\u2019uncinetto<\/p>\n<p data-start=\"1011\" data-end=\"1271\" data-is-last-node=\"\" data-is-only-node=\"\"><strong data-start=\"1011\" data-end=\"1036\">Consigli per la cura:<\/strong><br data-start=\"1036\" data-end=\"1039\" \/>\u2022 Per evitare reazioni allergiche, utilizzare detergenti liquidi e ipoallergenici.<br data-start=\"1121\" data-end=\"1124\" \/>\u2022 Lavare in lavatrice con ciclo delicato a 30 gradi per 30 minuti.<br data-start=\"1190\" data-end=\"1193\" \/>\u2022 Dopo il lavaggio, lasciare asciugare il giocattolo in posizione orizzontale.<\/p>\n<\/div>\n<\/div>\n<\/div>\n<\/div>\n<\/div>\n<\/div>\n<\/div>\n<\/div>\n<\/div>\n<\/div>\n<\/div>\n","protected":false},"excerpt":{"rendered":"<p>Le zucche realizzate all&#8217;uncinetto sono la scelta perfetta per decorare la casa durante la stagione autunnale e Halloween. I loro colori delicati e naturali donano all\u2019ambiente un\u2019atmosfera calda e accogliente. Puoi usarle come decorazioni ovunque desideri evocare l\u2019essenza dell\u2019autunno. Inoltre, le zucche possono essere un regalo meraviglioso per le persone a te care.<\/p>\n","protected":false},"featured_media":32222,"comment_status":"open","ping_status":"closed","template":"","meta":[],"product_brand":[],"product_cat":[682],"product_tag":[],"class_list":{"0":"post-32219","1":"product","2":"type-product","3":"status-publish","4":"has-post-thumbnail","6":"product_cat-decorazioni-per-la-casa","8":"first","9":"instock","10":"taxable","11":"shipping-taxable","12":"purchasable","13":"product-type-simple"},"_links":{"self":[{"href":"https:\/\/tinyknit.eu\/it\/wp-json\/wp\/v2\/product\/32219","targetHints":{"allow":["GET"]}}],"collection":[{"href":"https:\/\/tinyknit.eu\/it\/wp-json\/wp\/v2\/product"}],"about":[{"href":"https:\/\/tinyknit.eu\/it\/wp-json\/wp\/v2\/types\/product"}],"replies":[{"embeddable":true,"href":"https:\/\/tinyknit.eu\/it\/wp-json\/wp\/v2\/comments?post=32219"}],"version-history":[{"count":1,"href":"https:\/\/tinyknit.eu\/it\/wp-json\/wp\/v2\/product\/32219\/revisions"}],"predecessor-version":[{"id":32223,"href":"https:\/\/tinyknit.eu\/it\/wp-json\/wp\/v2\/product\/32219\/revisions\/32223"}],"wp:featuredmedia":[{"embeddable":true,"href":"https:\/\/tinyknit.eu\/it\/wp-json\/wp\/v2\/media\/32222"}],"wp:attachment":[{"href":"https:\/\/tinyknit.eu\/it\/wp-json\/wp\/v2\/media?parent=32219"}],"wp:term":[{"taxonomy":"product_brand","embeddable":true,"href":"https:\/\/tinyknit.eu\/it\/wp-json\/wp\/v2\/product_brand?post=32219"},{"taxonomy":"product_cat","embeddable":true,"href":"https:\/\/tinyknit.eu\/it\/wp-json\/wp\/v2\/product_cat?post=32219"},{"taxonomy":"product_tag","embeddable":true,"href":"https:\/\/tinyknit.eu\/it\/wp-json\/wp\/v2\/product_tag?post=32219"}],"curies":[{"name":"wp","href":"https:\/\/api.w.org\/{rel}","templated":true}]}}