{"id":32195,"date":"2024-01-13T15:15:24","date_gmt":"2024-01-13T15:15:24","guid":{"rendered":"https:\/\/tinyknit.eu\/product\/senza-categoria\/nursery-decor-plushie-toy-crochet-balloon-dog\/"},"modified":"2025-07-29T14:42:30","modified_gmt":"2025-07-29T14:42:30","slug":"decorazione-per-la-cameretta-peluche-cane-palloncino-alluncinetto","status":"publish","type":"product","link":"https:\/\/tinyknit.eu\/it\/product\/decorazioni-per-la-casa\/decorazione-per-la-cameretta-peluche-cane-palloncino-alluncinetto\/","title":{"rendered":"Decorazione per la Cameretta, Peluche &#8211; Cane Palloncino all&#8217;Uncinetto"},"content":{"rendered":"<div class=\"flex-1 overflow-hidden\">\n<div class=\"react-scroll-to-bottom--css-puqei-79elbk h-full dark:bg-gray-800\">\n<div class=\"react-scroll-to-bottom--css-puqei-1n7m0yu\">\n<div class=\"flex flex-col text-sm dark:bg-gray-800\">\n<div class=\"group w-full text-token-text-primary border-b border-black\/10 gizmo:border-0 dark:border-gray-900\/50 gizmo:dark:border-0 bg-gray-50 gizmo:bg-transparent dark:bg-[#444654] gizmo:dark:bg-transparent\" data-testid=\"conversation-turn-9\">\n<div class=\"p-4 justify-center text-base md:gap-6 md:py-6 m-auto\">\n<div class=\"flex flex-1 gap-4 text-base mx-auto md:gap-6 gizmo:gap-3 gizmo:md:px-5 gizmo:lg:px-1 gizmo:xl:px-5 md:max-w-2xl lg:max-w-[38rem] gizmo:md:max-w-3xl gizmo:lg:max-w-[40rem] gizmo:xl:max-w-[48rem] xl:max-w-3xl }\">\n<div class=\"relative flex w-[calc(100%-50px)] flex-col gap-1 gizmo:w-full md:gap-3 lg:w-[calc(100%-115px)] agent-turn\">\n<div class=\"flex flex-grow flex-col gap-3 max-w-full\">\n<div class=\"min-h-[20px] flex flex-col items-start gap-3 whitespace-pre-wrap break-words overflow-x-auto\">\n<div class=\"markdown prose w-full break-words dark:prose-invert light\">\n<p data-start=\"113\" data-end=\"375\">Il cane palloncino realizzato all&#8217;uncinetto \u00e8 la scelta perfetta per decorare la cameretta del tuo bambino. I colori delicati e naturali donano alla casa un\u2019atmosfera calda e accogliente. Inoltre, il cane palloncino pu\u00f2 essere un regalo meraviglioso e originale.<\/p>\n<p data-start=\"377\" data-end=\"576\"><strong data-start=\"377\" data-end=\"397\">Caratteristiche:<\/strong><br \/>\n\u2022 Tutti i giocattoli sono realizzati con materiali ipoallergenici, sicuri per i bambini.<br data-start=\"486\" data-end=\"489\" \/>\u2022 Il giocattolo pu\u00f2 diventare un\u2019aggiunta interessante all\u2019arredamento della cameretta.<\/p>\n<p data-start=\"578\" data-end=\"803\"><strong data-start=\"578\" data-end=\"593\">Dimensioni:<\/strong> circa 20 x 11 cm<br data-start=\"610\" data-end=\"613\" \/><strong data-start=\"613\" data-end=\"627\">Materiale:<\/strong> Questo articolo \u00e8 lavorato a mano con filato ipoallergenico in peluche e cotone. \u00c8 imbottito con holofiber ed \u00e8 realizzato in un ambiente privo di fumo e di animali domestici.<\/p>\n<p data-start=\"805\" data-end=\"845\"><strong data-start=\"805\" data-end=\"845\">Prodotto in Estonia, Unione Europea.<\/strong><\/p>\n<p data-start=\"847\" data-end=\"891\"><strong data-start=\"847\" data-end=\"868\">Il set comprende:<\/strong><br data-start=\"868\" data-end=\"871\" \/>\u2022 1x Cane palloncino<\/p>\n<p data-start=\"893\" data-end=\"1153\" data-is-last-node=\"\" data-is-only-node=\"\"><strong data-start=\"893\" data-end=\"918\">Consigli per la cura:<\/strong><br data-start=\"918\" data-end=\"921\" \/>\u2022 Per evitare reazioni allergiche, utilizzare detergenti liquidi e ipoallergenici.<br data-start=\"1003\" data-end=\"1006\" \/>\u2022 Lavare in lavatrice con ciclo delicato a 30 gradi per 30 minuti.<br data-start=\"1072\" data-end=\"1075\" \/>\u2022 Dopo il lavaggio, lasciare asciugare il giocattolo in posizione orizzontale.<\/p>\n<\/div>\n<\/div>\n<\/div>\n<\/div>\n<\/div>\n<\/div>\n<\/div>\n<\/div>\n<\/div>\n<\/div>\n<\/div>\n","protected":false},"excerpt":{"rendered":"<p>Il cane palloncino realizzato all&#8217;uncinetto \u00e8 la scelta perfetta per decorare la cameretta del tuo bambino. I colori delicati e naturali donano alla casa un\u2019atmosfera calda e accogliente. Inoltre, il cane palloncino pu\u00f2 essere un regalo meraviglioso e originale.<\/p>\n","protected":false},"featured_media":32200,"comment_status":"open","ping_status":"closed","template":"","meta":[],"product_brand":[],"product_cat":[682,689,690],"product_tag":[],"class_list":{"0":"post-32195","1":"product","2":"type-product","3":"status-publish","4":"has-post-thumbnail","6":"product_cat-decorazioni-per-la-casa","7":"product_cat-pronto-per-la-spedizione","8":"product_cat-saldi","10":"first","11":"instock","12":"sale","13":"taxable","14":"shipping-taxable","15":"purchasable","16":"product-type-simple"},"_links":{"self":[{"href":"https:\/\/tinyknit.eu\/it\/wp-json\/wp\/v2\/product\/32195","targetHints":{"allow":["GET"]}}],"collection":[{"href":"https:\/\/tinyknit.eu\/it\/wp-json\/wp\/v2\/product"}],"about":[{"href":"https:\/\/tinyknit.eu\/it\/wp-json\/wp\/v2\/types\/product"}],"replies":[{"embeddable":true,"href":"https:\/\/tinyknit.eu\/it\/wp-json\/wp\/v2\/comments?post=32195"}],"version-history":[{"count":1,"href":"https:\/\/tinyknit.eu\/it\/wp-json\/wp\/v2\/product\/32195\/revisions"}],"predecessor-version":[{"id":32201,"href":"https:\/\/tinyknit.eu\/it\/wp-json\/wp\/v2\/product\/32195\/revisions\/32201"}],"wp:featuredmedia":[{"embeddable":true,"href":"https:\/\/tinyknit.eu\/it\/wp-json\/wp\/v2\/media\/32200"}],"wp:attachment":[{"href":"https:\/\/tinyknit.eu\/it\/wp-json\/wp\/v2\/media?parent=32195"}],"wp:term":[{"taxonomy":"product_brand","embeddable":true,"href":"https:\/\/tinyknit.eu\/it\/wp-json\/wp\/v2\/product_brand?post=32195"},{"taxonomy":"product_cat","embeddable":true,"href":"https:\/\/tinyknit.eu\/it\/wp-json\/wp\/v2\/product_cat?post=32195"},{"taxonomy":"product_tag","embeddable":true,"href":"https:\/\/tinyknit.eu\/it\/wp-json\/wp\/v2\/product_tag?post=32195"}],"curies":[{"name":"wp","href":"https:\/\/api.w.org\/{rel}","templated":true}]}}