{"id":32189,"date":"2024-03-24T06:31:47","date_gmt":"2024-03-24T06:31:47","guid":{"rendered":"https:\/\/tinyknit.eu\/product\/senza-categoria\/fabric-rattle-beige-moon\/"},"modified":"2025-07-29T14:14:21","modified_gmt":"2025-07-29T14:14:21","slug":"fabric-rattle-beige-moon","status":"publish","type":"product","link":"https:\/\/tinyknit.eu\/it\/product\/pronto-per-la-spedizione\/fabric-rattle-beige-moon\/","title":{"rendered":"Sonaglio in Stoffa \u2013 Luna Beige"},"content":{"rendered":"<p data-start=\"72\" data-end=\"518\">Il sonaglio in stoffa \u00e8 un regalo eccellente per il tuo bambino, che stimola la gioia della scoperta e sviluppa le abilit\u00e0 motorie fini. Il giocattolo si adatta comodamente alla mano del bambino. \u00c8 assolutamente sicuro e non irrita la pelle del bambino. Il sonaglio in stoffa ha una texture morbida e delicata, perfetta per la stimolazione tattile.<br data-start=\"420\" data-end=\"423\" \/>Il cordoncino permette di fissare il giocattolo ovunque, ad esempio alla culla o al succhiotto.<\/p>\n<p data-start=\"520\" data-end=\"853\"><strong data-start=\"520\" data-end=\"534\">Materiale:<\/strong> 100% poliestere<br data-start=\"550\" data-end=\"553\" \/><strong data-start=\"553\" data-end=\"569\">Imbottitura:<\/strong> 100% holofiber (imbottitura anallergica)<br data-start=\"610\" data-end=\"613\" \/><strong data-start=\"613\" data-end=\"628\">Dimensioni:<\/strong> ~10 x 9 cm<br data-start=\"639\" data-end=\"642\" \/><strong data-start=\"642\" data-end=\"671\" data-is-only-node=\"\">Lunghezza del cordoncino:<\/strong> ~13 cm<br data-start=\"678\" data-end=\"681\" \/><strong data-start=\"681\" data-end=\"690\">Peso:<\/strong> ~30 g<br data-start=\"696\" data-end=\"699\" \/>Adatto dalla nascita.<br data-start=\"720\" data-end=\"723\" \/>Contiene una campanella all\u2019interno. Tutti i pezzi sono cuciti a mano con cura.<br data-start=\"802\" data-end=\"805\" \/>Attenzione! Il succhiotto non \u00e8 incluso nel set.<\/p>\n<p data-start=\"855\" data-end=\"901\"><strong data-start=\"855\" data-end=\"875\">Il set contiene:<\/strong><br data-start=\"875\" data-end=\"878\" \/>\u2022 1x Sonaglio in Stoffa<\/p>\n<p data-start=\"903\" data-end=\"983\" data-is-last-node=\"\" data-is-only-node=\"\"><strong data-start=\"903\" data-end=\"930\">Istruzioni per la cura:<\/strong> Pulire con acqua calda e sapone, asciugare all\u2019aria.<\/p>\n","protected":false},"excerpt":{"rendered":"<p>Il sonaglio in stoffa \u00e8 un regalo eccellente per il tuo bambino, che stimola la gioia della scoperta e sviluppa le abilit\u00e0 motorie fini.<\/p>\n<p><iframe title=\"YouTube video player\" src=\"https:\/\/www.youtube.com\/embed\/V7ObyTR1n0E?si=Ld9WXaCKP2rxNM_j\" width=\"560\" height=\"315\" frameborder=\"0\" allowfullscreen=\"allowfullscreen\"><\/iframe><\/p>\n","protected":false},"featured_media":32191,"comment_status":"open","ping_status":"closed","template":"","meta":[],"product_brand":[],"product_cat":[689,681],"product_tag":[],"class_list":{"0":"post-32189","1":"product","2":"type-product","3":"status-publish","4":"has-post-thumbnail","6":"product_cat-pronto-per-la-spedizione","7":"product_cat-sonagli-di-stoffa","9":"first","10":"instock","11":"taxable","12":"shipping-taxable","13":"purchasable","14":"product-type-simple"},"_links":{"self":[{"href":"https:\/\/tinyknit.eu\/it\/wp-json\/wp\/v2\/product\/32189","targetHints":{"allow":["GET"]}}],"collection":[{"href":"https:\/\/tinyknit.eu\/it\/wp-json\/wp\/v2\/product"}],"about":[{"href":"https:\/\/tinyknit.eu\/it\/wp-json\/wp\/v2\/types\/product"}],"replies":[{"embeddable":true,"href":"https:\/\/tinyknit.eu\/it\/wp-json\/wp\/v2\/comments?post=32189"}],"version-history":[{"count":1,"href":"https:\/\/tinyknit.eu\/it\/wp-json\/wp\/v2\/product\/32189\/revisions"}],"predecessor-version":[{"id":32194,"href":"https:\/\/tinyknit.eu\/it\/wp-json\/wp\/v2\/product\/32189\/revisions\/32194"}],"wp:featuredmedia":[{"embeddable":true,"href":"https:\/\/tinyknit.eu\/it\/wp-json\/wp\/v2\/media\/32191"}],"wp:attachment":[{"href":"https:\/\/tinyknit.eu\/it\/wp-json\/wp\/v2\/media?parent=32189"}],"wp:term":[{"taxonomy":"product_brand","embeddable":true,"href":"https:\/\/tinyknit.eu\/it\/wp-json\/wp\/v2\/product_brand?post=32189"},{"taxonomy":"product_cat","embeddable":true,"href":"https:\/\/tinyknit.eu\/it\/wp-json\/wp\/v2\/product_cat?post=32189"},{"taxonomy":"product_tag","embeddable":true,"href":"https:\/\/tinyknit.eu\/it\/wp-json\/wp\/v2\/product_tag?post=32189"}],"curies":[{"name":"wp","href":"https:\/\/api.w.org\/{rel}","templated":true}]}}