{"id":32167,"date":"2024-03-24T07:52:22","date_gmt":"2024-03-24T07:52:22","guid":{"rendered":"https:\/\/tinyknit.eu\/product\/senza-categoria\/fabric-rattle-milk-star\/"},"modified":"2025-07-29T14:08:29","modified_gmt":"2025-07-29T14:08:29","slug":"fabric-rattle-milk-star","status":"publish","type":"product","link":"https:\/\/tinyknit.eu\/it\/product\/pronto-per-la-spedizione\/fabric-rattle-milk-star\/","title":{"rendered":"Sonaglio in tessuto \u2013 Stella Latte"},"content":{"rendered":"<p data-start=\"46\" data-end=\"474\">Il sonaglio in tessuto \u00e8 un regalo eccellente per il piacere di scoperta del tuo bambino e sviluppa le sue capacit\u00e0 motorie fini. Il giocattolo si adatta comodamente alla mano del bambino ed \u00e8 assolutamente sicuro, senza irritare la pelle del neonato. Il sonaglio ha una texture morbida e delicata, perfetta per la stimolazione tattile.<br data-start=\"382\" data-end=\"385\" \/>Il cordino permette di fissare il giocattolo ovunque, ad esempio alla culla o al ciuccio.<\/p>\n<p data-start=\"476\" data-end=\"785\">Materiale: 100% poliestere<br data-start=\"502\" data-end=\"505\" \/>Imbottitura: 100% holofyber (imbottitura anallergica)<br data-start=\"558\" data-end=\"561\" \/>Dimensioni: ~11 x 11 cm<br data-start=\"584\" data-end=\"587\" \/>Lunghezza del cordino: ~19 cm<br data-start=\"616\" data-end=\"619\" \/>Peso: ~25 g<br data-start=\"630\" data-end=\"633\" \/>Adatto dalla nascita.<br data-start=\"654\" data-end=\"657\" \/>Ha un campanellino all\u2019interno. Tutti i pezzi sono cuciti a mano in modo sicuro.<br data-start=\"737\" data-end=\"740\" \/>Attenzione! Il ciuccio non \u00e8 incluso nel set!<\/p>\n<p data-start=\"787\" data-end=\"832\">Contenuto del set:<br data-start=\"805\" data-end=\"808\" \/>\u2022 1x Sonaglio in tessuto<\/p>\n<p data-start=\"834\" data-end=\"913\" data-is-last-node=\"\" data-is-only-node=\"\">Istruzioni per la cura: Pulire con acqua tiepida e sapone e asciugare all\u2019aria.<\/p>\n","protected":false},"excerpt":{"rendered":"<p>Il sonaglio in tessuto \u00e8 un regalo eccellente per il piacere di scoperta del tuo bambino e sviluppa le sue capacit\u00e0 motorie fini.<\/p>\n<p><iframe title=\"YouTube video player\" src=\"https:\/\/www.youtube.com\/embed\/V7ObyTR1n0E?si=Ld9WXaCKP2rxNM_j\" width=\"560\" height=\"315\" frameborder=\"0\" allowfullscreen=\"allowfullscreen\"><\/iframe><\/p>\n","protected":false},"featured_media":32168,"comment_status":"open","ping_status":"closed","template":"","meta":[],"product_brand":[],"product_cat":[689,681],"product_tag":[],"class_list":{"0":"post-32167","1":"product","2":"type-product","3":"status-publish","4":"has-post-thumbnail","6":"product_cat-pronto-per-la-spedizione","7":"product_cat-sonagli-di-stoffa","9":"first","10":"instock","11":"taxable","12":"shipping-taxable","13":"purchasable","14":"product-type-simple"},"_links":{"self":[{"href":"https:\/\/tinyknit.eu\/it\/wp-json\/wp\/v2\/product\/32167","targetHints":{"allow":["GET"]}}],"collection":[{"href":"https:\/\/tinyknit.eu\/it\/wp-json\/wp\/v2\/product"}],"about":[{"href":"https:\/\/tinyknit.eu\/it\/wp-json\/wp\/v2\/types\/product"}],"replies":[{"embeddable":true,"href":"https:\/\/tinyknit.eu\/it\/wp-json\/wp\/v2\/comments?post=32167"}],"version-history":[{"count":1,"href":"https:\/\/tinyknit.eu\/it\/wp-json\/wp\/v2\/product\/32167\/revisions"}],"predecessor-version":[{"id":32171,"href":"https:\/\/tinyknit.eu\/it\/wp-json\/wp\/v2\/product\/32167\/revisions\/32171"}],"wp:featuredmedia":[{"embeddable":true,"href":"https:\/\/tinyknit.eu\/it\/wp-json\/wp\/v2\/media\/32168"}],"wp:attachment":[{"href":"https:\/\/tinyknit.eu\/it\/wp-json\/wp\/v2\/media?parent=32167"}],"wp:term":[{"taxonomy":"product_brand","embeddable":true,"href":"https:\/\/tinyknit.eu\/it\/wp-json\/wp\/v2\/product_brand?post=32167"},{"taxonomy":"product_cat","embeddable":true,"href":"https:\/\/tinyknit.eu\/it\/wp-json\/wp\/v2\/product_cat?post=32167"},{"taxonomy":"product_tag","embeddable":true,"href":"https:\/\/tinyknit.eu\/it\/wp-json\/wp\/v2\/product_tag?post=32167"}],"curies":[{"name":"wp","href":"https:\/\/api.w.org\/{rel}","templated":true}]}}