{"id":32157,"date":"2025-03-12T18:48:04","date_gmt":"2025-03-12T18:48:04","guid":{"rendered":"https:\/\/tinyknit.eu\/product\/senza-categoria\/fabric-rattle-white-goose\/"},"modified":"2025-07-29T14:05:50","modified_gmt":"2025-07-29T14:05:50","slug":"fabric-rattle-white-goose","status":"publish","type":"product","link":"https:\/\/tinyknit.eu\/it\/product\/pronto-per-la-spedizione\/fabric-rattle-white-goose\/","title":{"rendered":"Sonaglio in tessuto \u2013 White Goose"},"content":{"rendered":"<p data-start=\"39\" data-end=\"482\">Il sonaglio in tessuto \u00e8 un regalo eccellente per il piacere di scoperta del tuo bambino e sviluppa le sue capacit\u00e0 motorie fini. Il giocattolo si adatta comodamente alla mano del bambino ed \u00e8 assolutamente sicuro, senza irritare la pelle del neonato. Il sonaglio a forma di oca ha una texture morbida e delicata, perfetta per la stimolazione tattile.<br data-start=\"390\" data-end=\"393\" \/>Il cordino permette di fissare il giocattolo ovunque, ad esempio alla culla o al ciuccio.<\/p>\n<p data-start=\"484\" data-end=\"793\">Materiale: 100% poliestere<br data-start=\"510\" data-end=\"513\" \/>Imbottitura: 100% holofyber (imbottitura anallergica)<br data-start=\"566\" data-end=\"569\" \/>Dimensioni: ~18 x 11 cm<br data-start=\"592\" data-end=\"595\" \/>Lunghezza del cordino: ~13 cm<br data-start=\"624\" data-end=\"627\" \/>Peso: ~50 g<br data-start=\"638\" data-end=\"641\" \/>Adatto dalla nascita.<br data-start=\"662\" data-end=\"665\" \/>Ha un campanellino all\u2019interno. Tutti i pezzi sono cuciti a mano in modo sicuro.<br data-start=\"745\" data-end=\"748\" \/>Attenzione! Il ciuccio non \u00e8 incluso nel set!<\/p>\n<p data-start=\"795\" data-end=\"840\">Contenuto del set:<br data-start=\"813\" data-end=\"816\" \/>\u2022 1x Sonaglio in tessuto<\/p>\n<p data-start=\"842\" data-end=\"921\" data-is-last-node=\"\" data-is-only-node=\"\">Istruzioni per la cura: Pulire con acqua tiepida e sapone e asciugare all\u2019aria.<\/p>\n","protected":false},"excerpt":{"rendered":"<p>Il sonaglio in tessuto \u00e8 un regalo eccellente per il piacere di scoperta del tuo bambino e sviluppa le sue capacit\u00e0 motorie fini.<\/p>\n<p><iframe title=\"YouTube video player\" src=\"https:\/\/www.youtube.com\/embed\/4b5x8sVAp0k?si=eqkHoEdJ3_hkS4oY\" width=\"560\" height=\"315\" frameborder=\"0\" allowfullscreen=\"allowfullscreen\"><\/iframe><\/p>\n","protected":false},"featured_media":32158,"comment_status":"open","ping_status":"closed","template":"","meta":[],"product_brand":[],"product_cat":[689,681],"product_tag":[],"class_list":{"0":"post-32157","1":"product","2":"type-product","3":"status-publish","4":"has-post-thumbnail","6":"product_cat-pronto-per-la-spedizione","7":"product_cat-sonagli-di-stoffa","9":"first","10":"instock","11":"taxable","12":"shipping-taxable","13":"purchasable","14":"product-type-simple"},"_links":{"self":[{"href":"https:\/\/tinyknit.eu\/it\/wp-json\/wp\/v2\/product\/32157","targetHints":{"allow":["GET"]}}],"collection":[{"href":"https:\/\/tinyknit.eu\/it\/wp-json\/wp\/v2\/product"}],"about":[{"href":"https:\/\/tinyknit.eu\/it\/wp-json\/wp\/v2\/types\/product"}],"replies":[{"embeddable":true,"href":"https:\/\/tinyknit.eu\/it\/wp-json\/wp\/v2\/comments?post=32157"}],"version-history":[{"count":2,"href":"https:\/\/tinyknit.eu\/it\/wp-json\/wp\/v2\/product\/32157\/revisions"}],"predecessor-version":[{"id":32162,"href":"https:\/\/tinyknit.eu\/it\/wp-json\/wp\/v2\/product\/32157\/revisions\/32162"}],"wp:featuredmedia":[{"embeddable":true,"href":"https:\/\/tinyknit.eu\/it\/wp-json\/wp\/v2\/media\/32158"}],"wp:attachment":[{"href":"https:\/\/tinyknit.eu\/it\/wp-json\/wp\/v2\/media?parent=32157"}],"wp:term":[{"taxonomy":"product_brand","embeddable":true,"href":"https:\/\/tinyknit.eu\/it\/wp-json\/wp\/v2\/product_brand?post=32157"},{"taxonomy":"product_cat","embeddable":true,"href":"https:\/\/tinyknit.eu\/it\/wp-json\/wp\/v2\/product_cat?post=32157"},{"taxonomy":"product_tag","embeddable":true,"href":"https:\/\/tinyknit.eu\/it\/wp-json\/wp\/v2\/product_tag?post=32157"}],"curies":[{"name":"wp","href":"https:\/\/api.w.org\/{rel}","templated":true}]}}