{"id":31978,"date":"2023-04-23T17:04:57","date_gmt":"2023-04-23T17:04:57","guid":{"rendered":"https:\/\/tinyknit.eu\/product\/senza-categoria\/knitted-rattle-fox\/"},"modified":"2025-07-29T13:41:27","modified_gmt":"2025-07-29T13:41:27","slug":"knitted-rattle-fox","status":"publish","type":"product","link":"https:\/\/tinyknit.eu\/it\/product\/pronto-per-la-spedizione\/knitted-rattle-fox\/","title":{"rendered":"Sonaglio all\u2019Uncinetto \u2013 Volpe"},"content":{"rendered":"<p data-start=\"36\" data-end=\"379\">Il sonaglio all\u2019uncinetto \u00e8 un regalo eccellente per la gioia della scoperta del tuo bambino e aiuta a sviluppare le abilit\u00e0 motorie fini. Il giocattolo si adatta comodamente alla mano del bambino. \u00c8 assolutamente sicuro per il bambino e non irrita la pelle delicata. Il sonaglio \u00e8 realizzato senza piccoli dettagli, con occhi e naso ricamati.<\/p>\n<p data-start=\"381\" data-end=\"675\"><strong data-start=\"381\" data-end=\"395\">Materiale:<\/strong> 100% cotone e anello in legno di faggio<br data-start=\"435\" data-end=\"438\" \/><strong data-start=\"438\" data-end=\"454\">Imbottitura:<\/strong> 100% holofibra (imbottitura anallergica)<br data-start=\"495\" data-end=\"498\" data-is-only-node=\"\" \/><strong data-start=\"498\" data-end=\"510\">Altezza:<\/strong> 12 cm<br data-start=\"516\" data-end=\"519\" \/><strong data-start=\"519\" data-end=\"528\">Peso:<\/strong> 60 g<br data-start=\"533\" data-end=\"536\" \/><strong data-start=\"536\" data-end=\"570\">Adatto per bambini da 4-5 mesi<\/strong><br data-start=\"570\" data-end=\"573\" \/>Contiene campanelle all\u2019interno. Tutte le parti sono cucite a mano in modo sicuro, senza uso di colla.<\/p>\n<p data-start=\"677\" data-end=\"843\" data-is-last-node=\"\" data-is-only-node=\"\"><strong data-start=\"677\" data-end=\"704\">Istruzioni per la cura:<\/strong> pulire con acqua tiepida e sapone, asciugare all\u2019aria. Non immergere in acqua, poich\u00e9 il legno potrebbe seccarsi e creparsi o scheggiarsi.<\/p>\n","protected":false},"excerpt":{"rendered":"<p>Il sonaglio all\u2019uncinetto \u00e8 un regalo eccellente per la gioia della scoperta del tuo bambino e aiuta a sviluppare le abilit\u00e0 motorie fini.<\/p>\n<p><iframe title=\"YouTube video player\" src=\"https:\/\/www.youtube.com\/embed\/upFEJ26nQ74?si=grPjA8zuIPwrYWsL\" width=\"560\" height=\"315\" frameborder=\"0\" allowfullscreen=\"allowfullscreen\"><\/iframe><\/p>\n","protected":false},"featured_media":31983,"comment_status":"open","ping_status":"closed","template":"","meta":[],"product_brand":[],"product_cat":[689,675],"product_tag":[],"class_list":{"0":"post-31978","1":"product","2":"type-product","3":"status-publish","4":"has-post-thumbnail","6":"product_cat-pronto-per-la-spedizione","7":"product_cat-sonagli-alluncinetto","9":"first","10":"instock","11":"taxable","12":"shipping-taxable","13":"purchasable","14":"product-type-simple"},"_links":{"self":[{"href":"https:\/\/tinyknit.eu\/it\/wp-json\/wp\/v2\/product\/31978","targetHints":{"allow":["GET"]}}],"collection":[{"href":"https:\/\/tinyknit.eu\/it\/wp-json\/wp\/v2\/product"}],"about":[{"href":"https:\/\/tinyknit.eu\/it\/wp-json\/wp\/v2\/types\/product"}],"replies":[{"embeddable":true,"href":"https:\/\/tinyknit.eu\/it\/wp-json\/wp\/v2\/comments?post=31978"}],"version-history":[{"count":2,"href":"https:\/\/tinyknit.eu\/it\/wp-json\/wp\/v2\/product\/31978\/revisions"}],"predecessor-version":[{"id":32020,"href":"https:\/\/tinyknit.eu\/it\/wp-json\/wp\/v2\/product\/31978\/revisions\/32020"}],"wp:featuredmedia":[{"embeddable":true,"href":"https:\/\/tinyknit.eu\/it\/wp-json\/wp\/v2\/media\/31983"}],"wp:attachment":[{"href":"https:\/\/tinyknit.eu\/it\/wp-json\/wp\/v2\/media?parent=31978"}],"wp:term":[{"taxonomy":"product_brand","embeddable":true,"href":"https:\/\/tinyknit.eu\/it\/wp-json\/wp\/v2\/product_brand?post=31978"},{"taxonomy":"product_cat","embeddable":true,"href":"https:\/\/tinyknit.eu\/it\/wp-json\/wp\/v2\/product_cat?post=31978"},{"taxonomy":"product_tag","embeddable":true,"href":"https:\/\/tinyknit.eu\/it\/wp-json\/wp\/v2\/product_tag?post=31978"}],"curies":[{"name":"wp","href":"https:\/\/api.w.org\/{rel}","templated":true}]}}