{"id":31966,"date":"2023-04-24T04:25:52","date_gmt":"2023-04-24T04:25:52","guid":{"rendered":"https:\/\/tinyknit.eu\/product\/senza-categoria\/knitted-rattle-lion-3\/"},"modified":"2025-07-29T13:40:01","modified_gmt":"2025-07-29T13:40:01","slug":"knitted-rattle-lion-3","status":"publish","type":"product","link":"https:\/\/tinyknit.eu\/it\/product\/pronto-per-la-spedizione\/knitted-rattle-lion-3\/","title":{"rendered":"Sonaglio all\u2019Uncinetto \u2013 Leone"},"content":{"rendered":"<p data-start=\"36\" data-end=\"379\">Il sonaglio all\u2019uncinetto \u00e8 un regalo eccellente per la gioia della scoperta del tuo bambino e aiuta a sviluppare le abilit\u00e0 motorie fini. Il giocattolo si adatta comodamente alla mano del bambino. \u00c8 assolutamente sicuro per il bambino e non irrita la pelle delicata. Il sonaglio \u00e8 realizzato senza piccoli dettagli, con occhi e naso ricamati.<\/p>\n<p data-start=\"381\" data-end=\"648\"><strong data-start=\"381\" data-end=\"395\">Materiale:<\/strong> 100% cotone<br data-start=\"407\" data-end=\"410\" \/><strong data-start=\"410\" data-end=\"426\">Imbottitura:<\/strong> 100% holofibra (imbottitura anallergica)<br data-start=\"467\" data-end=\"470\" data-is-only-node=\"\" \/><strong data-start=\"470\" data-end=\"482\">Altezza:<\/strong> 13 cm<br data-start=\"488\" data-end=\"491\" \/><strong data-start=\"491\" data-end=\"500\">Peso:<\/strong> 72 g<br data-start=\"505\" data-end=\"508\" \/><strong data-start=\"508\" data-end=\"543\">Adatto per bambini dai 4-5 mesi<\/strong><br data-start=\"543\" data-end=\"546\" \/>Contiene campanelle all\u2019interno. Tutte le parti sono cucite a mano in modo sicuro, senza uso di colla.<\/p>\n<p data-start=\"650\" data-end=\"816\" data-is-last-node=\"\" data-is-only-node=\"\"><strong data-start=\"650\" data-end=\"677\">Istruzioni per la cura:<\/strong> pulire con acqua tiepida e sapone, asciugare all\u2019aria. Non immergere in acqua, poich\u00e9 il legno potrebbe seccarsi e creparsi o scheggiarsi.<\/p>\n","protected":false},"excerpt":{"rendered":"<p>Il sonaglio all\u2019uncinetto \u00e8 un regalo eccellente per la gioia della scoperta del tuo bambino e aiuta a sviluppare le abilit\u00e0 motorie fini.<\/p>\n<p><iframe title=\"YouTube video player\" src=\"https:\/\/www.youtube.com\/embed\/juBSbPiq3TQ?si=yqAxR93AOYrYd_Vg\" width=\"560\" height=\"315\" frameborder=\"0\" allowfullscreen=\"allowfullscreen\"><\/iframe><\/p>\n","protected":false},"featured_media":31971,"comment_status":"open","ping_status":"closed","template":"","meta":[],"product_brand":[],"product_cat":[689,675],"product_tag":[],"class_list":{"0":"post-31966","1":"product","2":"type-product","3":"status-publish","4":"has-post-thumbnail","6":"product_cat-pronto-per-la-spedizione","7":"product_cat-sonagli-alluncinetto","9":"first","10":"instock","11":"taxable","12":"shipping-taxable","13":"purchasable","14":"product-type-simple"},"_links":{"self":[{"href":"https:\/\/tinyknit.eu\/it\/wp-json\/wp\/v2\/product\/31966","targetHints":{"allow":["GET"]}}],"collection":[{"href":"https:\/\/tinyknit.eu\/it\/wp-json\/wp\/v2\/product"}],"about":[{"href":"https:\/\/tinyknit.eu\/it\/wp-json\/wp\/v2\/types\/product"}],"replies":[{"embeddable":true,"href":"https:\/\/tinyknit.eu\/it\/wp-json\/wp\/v2\/comments?post=31966"}],"version-history":[{"count":2,"href":"https:\/\/tinyknit.eu\/it\/wp-json\/wp\/v2\/product\/31966\/revisions"}],"predecessor-version":[{"id":32008,"href":"https:\/\/tinyknit.eu\/it\/wp-json\/wp\/v2\/product\/31966\/revisions\/32008"}],"wp:featuredmedia":[{"embeddable":true,"href":"https:\/\/tinyknit.eu\/it\/wp-json\/wp\/v2\/media\/31971"}],"wp:attachment":[{"href":"https:\/\/tinyknit.eu\/it\/wp-json\/wp\/v2\/media?parent=31966"}],"wp:term":[{"taxonomy":"product_brand","embeddable":true,"href":"https:\/\/tinyknit.eu\/it\/wp-json\/wp\/v2\/product_brand?post=31966"},{"taxonomy":"product_cat","embeddable":true,"href":"https:\/\/tinyknit.eu\/it\/wp-json\/wp\/v2\/product_cat?post=31966"},{"taxonomy":"product_tag","embeddable":true,"href":"https:\/\/tinyknit.eu\/it\/wp-json\/wp\/v2\/product_tag?post=31966"}],"curies":[{"name":"wp","href":"https:\/\/api.w.org\/{rel}","templated":true}]}}