{"id":31960,"date":"2023-04-24T06:13:03","date_gmt":"2023-04-24T06:13:03","guid":{"rendered":"https:\/\/tinyknit.eu\/product\/senza-categoria\/knitted-rattle-bear-3\/"},"modified":"2025-07-29T13:38:57","modified_gmt":"2025-07-29T13:38:57","slug":"knitted-rattle-bear-3","status":"publish","type":"product","link":"https:\/\/tinyknit.eu\/it\/product\/pronto-per-la-spedizione\/knitted-rattle-bear-3\/","title":{"rendered":"Sonaglio all\u2019Uncinetto \u2013 Orso"},"content":{"rendered":"<p data-start=\"35\" data-end=\"378\">Il sonaglio all\u2019uncinetto \u00e8 un regalo eccellente per la gioia della scoperta del tuo bambino e aiuta a sviluppare le abilit\u00e0 motorie fini. Il giocattolo si adatta comodamente alla mano del bambino. \u00c8 assolutamente sicuro per il bambino e non irrita la pelle delicata. Il sonaglio \u00e8 realizzato senza piccoli dettagli, con occhi e naso ricamati.<\/p>\n<p data-start=\"380\" data-end=\"647\"><strong data-start=\"380\" data-end=\"394\">Materiale:<\/strong> 100% cotone<br data-start=\"406\" data-end=\"409\" \/><strong data-start=\"409\" data-end=\"425\">Imbottitura:<\/strong> 100% holofibra (imbottitura anallergica)<br data-start=\"466\" data-end=\"469\" data-is-only-node=\"\" \/><strong data-start=\"469\" data-end=\"481\">Altezza:<\/strong> 13 cm<br data-start=\"487\" data-end=\"490\" \/><strong data-start=\"490\" data-end=\"499\">Peso:<\/strong> 60 g<br data-start=\"504\" data-end=\"507\" \/><strong data-start=\"507\" data-end=\"542\">Adatto per bambini dai 4-5 mesi<\/strong><br data-start=\"542\" data-end=\"545\" \/>Contiene campanelle all\u2019interno. Tutte le parti sono cucite a mano in modo sicuro, senza uso di colla.<\/p>\n<p data-start=\"649\" data-end=\"815\" data-is-last-node=\"\" data-is-only-node=\"\"><strong data-start=\"649\" data-end=\"676\">Istruzioni per la cura:<\/strong> pulire con acqua tiepida e sapone, asciugare all\u2019aria. Non immergere in acqua, poich\u00e9 il legno potrebbe seccarsi e creparsi o scheggiarsi.<\/p>\n","protected":false},"excerpt":{"rendered":"<p>Il sonaglio all\u2019uncinetto \u00e8 un regalo eccellente per la gioia della scoperta del tuo bambino e aiuta a sviluppare le abilit\u00e0 motorie fini.<\/p>\n<p><iframe title=\"YouTube video player\" src=\"https:\/\/www.youtube.com\/embed\/Kleyb_PVxP0?si=MIL9FH7RBmGSlszt\" width=\"560\" height=\"315\" frameborder=\"0\" allowfullscreen=\"allowfullscreen\"><\/iframe><\/p>\n","protected":false},"featured_media":31965,"comment_status":"open","ping_status":"closed","template":"","meta":[],"product_brand":[],"product_cat":[689,675],"product_tag":[],"class_list":{"0":"post-31960","1":"product","2":"type-product","3":"status-publish","4":"has-post-thumbnail","6":"product_cat-pronto-per-la-spedizione","7":"product_cat-sonagli-alluncinetto","9":"first","10":"instock","11":"taxable","12":"shipping-taxable","13":"purchasable","14":"product-type-simple"},"_links":{"self":[{"href":"https:\/\/tinyknit.eu\/it\/wp-json\/wp\/v2\/product\/31960","targetHints":{"allow":["GET"]}}],"collection":[{"href":"https:\/\/tinyknit.eu\/it\/wp-json\/wp\/v2\/product"}],"about":[{"href":"https:\/\/tinyknit.eu\/it\/wp-json\/wp\/v2\/types\/product"}],"replies":[{"embeddable":true,"href":"https:\/\/tinyknit.eu\/it\/wp-json\/wp\/v2\/comments?post=31960"}],"version-history":[{"count":2,"href":"https:\/\/tinyknit.eu\/it\/wp-json\/wp\/v2\/product\/31960\/revisions"}],"predecessor-version":[{"id":32001,"href":"https:\/\/tinyknit.eu\/it\/wp-json\/wp\/v2\/product\/31960\/revisions\/32001"}],"wp:featuredmedia":[{"embeddable":true,"href":"https:\/\/tinyknit.eu\/it\/wp-json\/wp\/v2\/media\/31965"}],"wp:attachment":[{"href":"https:\/\/tinyknit.eu\/it\/wp-json\/wp\/v2\/media?parent=31960"}],"wp:term":[{"taxonomy":"product_brand","embeddable":true,"href":"https:\/\/tinyknit.eu\/it\/wp-json\/wp\/v2\/product_brand?post=31960"},{"taxonomy":"product_cat","embeddable":true,"href":"https:\/\/tinyknit.eu\/it\/wp-json\/wp\/v2\/product_cat?post=31960"},{"taxonomy":"product_tag","embeddable":true,"href":"https:\/\/tinyknit.eu\/it\/wp-json\/wp\/v2\/product_tag?post=31960"}],"curies":[{"name":"wp","href":"https:\/\/api.w.org\/{rel}","templated":true}]}}