{"id":31904,"date":"2023-04-24T07:31:20","date_gmt":"2023-04-24T07:31:20","guid":{"rendered":"https:\/\/tinyknit.eu\/product\/senza-categoria\/knitted-rattle-fox-2\/"},"modified":"2025-07-29T13:33:44","modified_gmt":"2025-07-29T13:33:44","slug":"knitted-rattle-fox-2","status":"publish","type":"product","link":"https:\/\/tinyknit.eu\/it\/product\/pronto-per-la-spedizione\/knitted-rattle-fox-2\/","title":{"rendered":"Sonaglio all\u2019Uncinetto \u2013 Volpe"},"content":{"rendered":"<p data-start=\"36\" data-end=\"467\">Il sonaglio all\u2019uncinetto \u00e8 un regalo eccellente per la gioia della scoperta del tuo bambino e aiuta a sviluppare le sue abilit\u00e0 motorie fini. Il giocattolo si adatta comodamente alla mano del bambino. \u00c8 assolutamente sicuro per il bambino e non irrita la pelle delicata. Il sonaglio all\u2019uncinetto \u00e8 realizzato senza piccoli dettagli, con occhi e naso ricamati. La texture morbida e delicata \u00e8 perfetta per la stimolazione tattile.<\/p>\n<p data-start=\"469\" data-end=\"740\"><strong data-start=\"469\" data-end=\"483\">Materiale:<\/strong> 55% cotone, 45% acrilico<br data-start=\"508\" data-end=\"511\" \/><strong data-start=\"511\" data-end=\"527\">Imbottitura:<\/strong> 100% holofibra (imbottitura anallergica)<br data-start=\"568\" data-end=\"571\" data-is-only-node=\"\" \/><strong data-start=\"571\" data-end=\"583\">Altezza:<\/strong> 12 cm<br data-start=\"589\" data-end=\"592\" \/><strong data-start=\"592\" data-end=\"616\">Adatto dalla nascita<\/strong><br data-start=\"616\" data-end=\"619\" \/>Il giocattolo contiene un campanellino all\u2019interno. Tutte le parti sono cucite a mano in modo sicuro, senza uso di colla.<\/p>\n<p data-start=\"742\" data-end=\"824\" data-is-last-node=\"\" data-is-only-node=\"\"><strong data-start=\"742\" data-end=\"769\">Istruzioni per la cura:<\/strong> pulire con acqua tiepida e sapone, asciugare all\u2019aria.<\/p>\n","protected":false},"excerpt":{"rendered":"<p>Il sonaglio all\u2019uncinetto \u00e8 un regalo eccellente per la gioia della scoperta del tuo bambino e aiuta a sviluppare le sue abilit\u00e0 motorie fini.<\/p>\n<p><iframe title=\"YouTube video player\" src=\"https:\/\/www.youtube.com\/embed\/TvE7GKHPhZU?si=SSJ6vt38lXISuZxx\" width=\"560\" height=\"315\" frameborder=\"0\" allowfullscreen=\"allowfullscreen\"><\/iframe><\/p>\n","protected":false},"featured_media":31908,"comment_status":"open","ping_status":"closed","template":"","meta":[],"product_brand":[],"product_cat":[689,690,675],"product_tag":[],"class_list":{"0":"post-31904","1":"product","2":"type-product","3":"status-publish","4":"has-post-thumbnail","6":"product_cat-pronto-per-la-spedizione","7":"product_cat-saldi","8":"product_cat-sonagli-alluncinetto","10":"first","11":"instock","12":"sale","13":"taxable","14":"shipping-taxable","15":"purchasable","16":"product-type-simple"},"_links":{"self":[{"href":"https:\/\/tinyknit.eu\/it\/wp-json\/wp\/v2\/product\/31904","targetHints":{"allow":["GET"]}}],"collection":[{"href":"https:\/\/tinyknit.eu\/it\/wp-json\/wp\/v2\/product"}],"about":[{"href":"https:\/\/tinyknit.eu\/it\/wp-json\/wp\/v2\/types\/product"}],"replies":[{"embeddable":true,"href":"https:\/\/tinyknit.eu\/it\/wp-json\/wp\/v2\/comments?post=31904"}],"version-history":[{"count":2,"href":"https:\/\/tinyknit.eu\/it\/wp-json\/wp\/v2\/product\/31904\/revisions"}],"predecessor-version":[{"id":31935,"href":"https:\/\/tinyknit.eu\/it\/wp-json\/wp\/v2\/product\/31904\/revisions\/31935"}],"wp:featuredmedia":[{"embeddable":true,"href":"https:\/\/tinyknit.eu\/it\/wp-json\/wp\/v2\/media\/31908"}],"wp:attachment":[{"href":"https:\/\/tinyknit.eu\/it\/wp-json\/wp\/v2\/media?parent=31904"}],"wp:term":[{"taxonomy":"product_brand","embeddable":true,"href":"https:\/\/tinyknit.eu\/it\/wp-json\/wp\/v2\/product_brand?post=31904"},{"taxonomy":"product_cat","embeddable":true,"href":"https:\/\/tinyknit.eu\/it\/wp-json\/wp\/v2\/product_cat?post=31904"},{"taxonomy":"product_tag","embeddable":true,"href":"https:\/\/tinyknit.eu\/it\/wp-json\/wp\/v2\/product_tag?post=31904"}],"curies":[{"name":"wp","href":"https:\/\/api.w.org\/{rel}","templated":true}]}}