{"id":31877,"date":"2023-04-24T08:16:33","date_gmt":"2023-04-24T08:16:33","guid":{"rendered":"https:\/\/tinyknit.eu\/product\/senza-categoria\/knitted-rattle-lamb\/"},"modified":"2025-07-29T13:29:05","modified_gmt":"2025-07-29T13:29:05","slug":"knitted-rattle-lamb","status":"publish","type":"product","link":"https:\/\/tinyknit.eu\/it\/product\/pronto-per-la-spedizione\/knitted-rattle-lamb\/","title":{"rendered":"Sonaglio all\u2019Uncinetto \u2013 Agnello"},"content":{"rendered":"<p data-start=\"38\" data-end=\"450\">Il sonaglio all\u2019uncinetto \u00e8 un regalo eccellente per la gioia della scoperta del tuo bambino e aiuta a sviluppare le sue abilit\u00e0 motorie fini. Il giocattolo \u00e8 comodo da tenere nella mano del bambino. \u00c8 assolutamente sicuro e non irrita la pelle delicata del bambino. Il sonaglio \u00e8 realizzato senza piccoli dettagli, con occhi e naso ricamati. La texture morbida e delicata \u00e8 perfetta per la stimolazione tattile.<\/p>\n<p data-start=\"452\" data-end=\"686\"><strong data-start=\"452\" data-end=\"466\">Materiale:<\/strong> 100% cotone<br data-start=\"478\" data-end=\"481\" \/><strong data-start=\"481\" data-end=\"497\">Imbottitura:<\/strong> 100% holofibra (imbottitura anallergica)<br data-start=\"538\" data-end=\"541\" data-is-only-node=\"\" \/><strong data-start=\"541\" data-end=\"553\">Altezza:<\/strong> 16 cm<br data-start=\"559\" data-end=\"562\" \/><strong data-start=\"562\" data-end=\"596\">Adatto per bambini da 4-5 mesi<\/strong><br data-start=\"596\" data-end=\"599\" \/>Contiene un campanellino all\u2019interno. Tutte le parti sono cucite a mano in modo sicuro.<\/p>\n<p data-start=\"688\" data-end=\"827\" data-is-last-node=\"\" data-is-only-node=\"\"><strong data-start=\"688\" data-end=\"715\">Istruzioni per la cura:<\/strong> lavabile in lavatrice con ciclo delicato a 30 gradi. Non usare l\u2019asciugatrice. Non stirare. Non lavare a secco.<\/p>\n","protected":false},"excerpt":{"rendered":"<p>Il sonaglio all\u2019uncinetto \u00e8 un regalo eccellente per la gioia della scoperta del tuo bambino e aiuta a sviluppare le sue abilit\u00e0 motorie fini.<\/p>\n<p><iframe title=\"YouTube video player\" src=\"https:\/\/www.youtube.com\/embed\/etm9vJ1g7Ys?si=P1P1sSeAZ8sYAiNJ\" width=\"560\" height=\"315\" frameborder=\"0\" allowfullscreen=\"allowfullscreen\"><\/iframe><\/p>\n","protected":false},"featured_media":31882,"comment_status":"open","ping_status":"closed","template":"","meta":[],"product_brand":[],"product_cat":[689,690,675],"product_tag":[],"class_list":{"0":"post-31877","1":"product","2":"type-product","3":"status-publish","4":"has-post-thumbnail","6":"product_cat-pronto-per-la-spedizione","7":"product_cat-saldi","8":"product_cat-sonagli-alluncinetto","10":"first","11":"instock","12":"sale","13":"taxable","14":"shipping-taxable","15":"purchasable","16":"product-type-simple"},"_links":{"self":[{"href":"https:\/\/tinyknit.eu\/it\/wp-json\/wp\/v2\/product\/31877","targetHints":{"allow":["GET"]}}],"collection":[{"href":"https:\/\/tinyknit.eu\/it\/wp-json\/wp\/v2\/product"}],"about":[{"href":"https:\/\/tinyknit.eu\/it\/wp-json\/wp\/v2\/types\/product"}],"replies":[{"embeddable":true,"href":"https:\/\/tinyknit.eu\/it\/wp-json\/wp\/v2\/comments?post=31877"}],"version-history":[{"count":2,"href":"https:\/\/tinyknit.eu\/it\/wp-json\/wp\/v2\/product\/31877\/revisions"}],"predecessor-version":[{"id":31897,"href":"https:\/\/tinyknit.eu\/it\/wp-json\/wp\/v2\/product\/31877\/revisions\/31897"}],"wp:featuredmedia":[{"embeddable":true,"href":"https:\/\/tinyknit.eu\/it\/wp-json\/wp\/v2\/media\/31882"}],"wp:attachment":[{"href":"https:\/\/tinyknit.eu\/it\/wp-json\/wp\/v2\/media?parent=31877"}],"wp:term":[{"taxonomy":"product_brand","embeddable":true,"href":"https:\/\/tinyknit.eu\/it\/wp-json\/wp\/v2\/product_brand?post=31877"},{"taxonomy":"product_cat","embeddable":true,"href":"https:\/\/tinyknit.eu\/it\/wp-json\/wp\/v2\/product_cat?post=31877"},{"taxonomy":"product_tag","embeddable":true,"href":"https:\/\/tinyknit.eu\/it\/wp-json\/wp\/v2\/product_tag?post=31877"}],"curies":[{"name":"wp","href":"https:\/\/api.w.org\/{rel}","templated":true}]}}