{"id":31859,"date":"2024-04-14T17:57:41","date_gmt":"2024-04-14T17:57:41","guid":{"rendered":"https:\/\/tinyknit.eu\/product\/senza-categoria\/knitted-rattle-rabbit-2\/"},"modified":"2025-07-29T13:26:15","modified_gmt":"2025-07-29T13:26:15","slug":"knitted-rattle-rabbit-2","status":"publish","type":"product","link":"https:\/\/tinyknit.eu\/it\/product\/pronto-per-la-spedizione\/knitted-rattle-rabbit-2\/","title":{"rendered":"Sonaglino all\u2019Uncinetto \u2013 Coniglio"},"content":{"rendered":"<p data-start=\"29\" data-end=\"366\">Il sonaglino all\u2019uncinetto \u00e8 un regalo perfetto per stimolare la gioia della scoperta del tuo bambino e favorire lo sviluppo delle abilit\u00e0 motorie fini. Il giocattolo \u00e8 comodo da impugnare per le piccole mani dei neonati ed \u00e8 completamente sicuro: non irrita la pelle del bambino e non contiene piccole parti. Occhi e naso sono ricamati.<\/p>\n<p data-start=\"368\" data-end=\"665\"><strong data-start=\"368\" data-end=\"382\">Materiale:<\/strong> 60% cotone, 40% acrilico con anello in legno di faggio<br data-start=\"437\" data-end=\"440\" \/><strong data-start=\"440\" data-end=\"456\">Imbottitura:<\/strong> 100% holofibra (imbottitura anallergica)<br data-start=\"497\" data-end=\"500\" data-is-only-node=\"\" \/><strong data-start=\"500\" data-end=\"512\">Altezza:<\/strong> 15 cm<br data-start=\"518\" data-end=\"521\" \/><strong data-start=\"521\" data-end=\"541\">Et\u00e0 consigliata:<\/strong> dalla nascita<br data-start=\"555\" data-end=\"558\" \/>Contiene un campanellino all\u2019interno. Tutte le parti sono cucite a mano in modo sicuro, senza uso di colla.<\/p>\n<p data-start=\"667\" data-end=\"845\" data-is-last-node=\"\" data-is-only-node=\"\"><strong data-start=\"667\" data-end=\"694\">Istruzioni per la cura:<\/strong> pulire con un panno umido e acqua saponata tiepida, lasciare asciugare all\u2019aria. Non immergere in acqua per evitare che il legno si secchi o si crepi.<\/p>\n","protected":false},"excerpt":{"rendered":"<p>Il sonaglino all\u2019uncinetto \u00e8 un regalo perfetto per stimolare la gioia della scoperta del tuo bambino e favorire lo sviluppo delle abilit\u00e0 motorie fini.<\/p>\n<p><iframe title=\"YouTube video player\" src=\"https:\/\/www.youtube.com\/embed\/nwG5LryKEhI?si=HWL14W0DCldFwhkD\" width=\"560\" height=\"315\" frameborder=\"0\" allowfullscreen=\"allowfullscreen\"><\/iframe><\/p>\n","protected":false},"featured_media":31865,"comment_status":"open","ping_status":"closed","template":"","meta":[],"product_brand":[],"product_cat":[689,675],"product_tag":[],"class_list":{"0":"post-31859","1":"product","2":"type-product","3":"status-publish","4":"has-post-thumbnail","6":"product_cat-pronto-per-la-spedizione","7":"product_cat-sonagli-alluncinetto","9":"first","10":"instock","11":"taxable","12":"shipping-taxable","13":"purchasable","14":"product-type-simple"},"_links":{"self":[{"href":"https:\/\/tinyknit.eu\/it\/wp-json\/wp\/v2\/product\/31859","targetHints":{"allow":["GET"]}}],"collection":[{"href":"https:\/\/tinyknit.eu\/it\/wp-json\/wp\/v2\/product"}],"about":[{"href":"https:\/\/tinyknit.eu\/it\/wp-json\/wp\/v2\/types\/product"}],"replies":[{"embeddable":true,"href":"https:\/\/tinyknit.eu\/it\/wp-json\/wp\/v2\/comments?post=31859"}],"version-history":[{"count":2,"href":"https:\/\/tinyknit.eu\/it\/wp-json\/wp\/v2\/product\/31859\/revisions"}],"predecessor-version":[{"id":31884,"href":"https:\/\/tinyknit.eu\/it\/wp-json\/wp\/v2\/product\/31859\/revisions\/31884"}],"wp:featuredmedia":[{"embeddable":true,"href":"https:\/\/tinyknit.eu\/it\/wp-json\/wp\/v2\/media\/31865"}],"wp:attachment":[{"href":"https:\/\/tinyknit.eu\/it\/wp-json\/wp\/v2\/media?parent=31859"}],"wp:term":[{"taxonomy":"product_brand","embeddable":true,"href":"https:\/\/tinyknit.eu\/it\/wp-json\/wp\/v2\/product_brand?post=31859"},{"taxonomy":"product_cat","embeddable":true,"href":"https:\/\/tinyknit.eu\/it\/wp-json\/wp\/v2\/product_cat?post=31859"},{"taxonomy":"product_tag","embeddable":true,"href":"https:\/\/tinyknit.eu\/it\/wp-json\/wp\/v2\/product_tag?post=31859"}],"curies":[{"name":"wp","href":"https:\/\/api.w.org\/{rel}","templated":true}]}}