{"id":31834,"date":"2024-03-24T08:11:37","date_gmt":"2024-03-24T08:11:37","guid":{"rendered":"https:\/\/tinyknit.eu\/product\/senza-categoria\/crinkle-toy-white-rainbow\/"},"modified":"2025-07-29T12:45:14","modified_gmt":"2025-07-29T12:45:14","slug":"crinkle-toy-white-rainbow","status":"publish","type":"product","link":"https:\/\/tinyknit.eu\/it\/product\/giochi-scricchiolanti\/crinkle-toy-white-rainbow\/","title":{"rendered":"Giocattolo Frusciante \u2013 White Rainbow"},"content":{"rendered":"<p data-start=\"48\" data-end=\"482\">Il Giocattolo Frusciante \u00e8 un regalo eccellente per stimolare la gioia della scoperta del tuo bambino e sviluppare le sue abilit\u00e0 motorie fini. Il giocattolo si adatta comodamente alla mano del bambino. \u00c8 assolutamente sicuro e non irrita la pelle delicata. La sua consistenza morbida e delicata \u00e8 perfetta per la stimolazione tattile.<br data-start=\"383\" data-end=\"386\" \/>Il cordino permette di attaccare il giocattolo ovunque \u2013 ad esempio, al lettino o al succhietto.<\/p>\n<p data-start=\"484\" data-end=\"734\"><strong data-start=\"484\" data-end=\"498\">Materiale:<\/strong> 100% cotone premium con materiale frusciante sensoriale tra i tessuti<br data-start=\"568\" data-end=\"571\" \/><strong data-start=\"571\" data-end=\"586\">Dimensioni:<\/strong> ~11 x 10 cm<br data-start=\"598\" data-end=\"601\" \/><strong data-start=\"601\" data-end=\"627\" data-is-only-node=\"\">Lunghezza del cordino:<\/strong> ~16 cm<br data-start=\"634\" data-end=\"637\" \/><strong data-start=\"637\" data-end=\"646\">Peso:<\/strong> ~10g<br data-start=\"651\" data-end=\"654\" \/><strong data-start=\"654\" data-end=\"679\">Adatto dalla nascita.<\/strong><br data-start=\"679\" data-end=\"682\" \/><strong data-start=\"682\" data-end=\"697\">Attenzione!<\/strong> Il succhietto non \u00e8 incluso nel set!<\/p>\n<p data-start=\"736\" data-end=\"785\"><strong data-start=\"736\" data-end=\"756\">Il set contiene:<\/strong><br data-start=\"756\" data-end=\"759\" \/>\u2022 1x Giocattolo Frusciante<\/p>\n<p data-start=\"787\" data-end=\"895\" data-is-last-node=\"\" data-is-only-node=\"\"><strong data-start=\"787\" data-end=\"814\">Istruzioni per la cura:<\/strong> Pulire con un panno umido e acqua saponata tiepida. Lasciare asciugare all\u2019aria.<\/p>\n","protected":false},"excerpt":{"rendered":"<p>Il Giocattolo Frusciante \u00e8 un regalo eccellente per stimolare la gioia della scoperta del tuo bambino e sviluppare le sue abilit\u00e0 motorie fini. Il giocattolo si adatta comodamente alla mano del bambino. \u00c8 assolutamente sicuro e non irrita la pelle delicata. La sua consistenza morbida e delicata \u00e8 perfetta per la stimolazione tattile.<br data-start=\"383\" data-end=\"386\" \/>Il cordino permette di attaccare il giocattolo ovunque \u2013 ad esempio, al lettino o al succhietto.<\/p>\n<p><iframe title=\"YouTube video player\" src=\"https:\/\/www.youtube.com\/embed\/am_NXXxGx-U?si=02WM_2ph-z77Lnsy\" width=\"560\" height=\"315\" frameborder=\"0\" allowfullscreen=\"allowfullscreen\"><\/iframe><\/p>\n","protected":false},"featured_media":31837,"comment_status":"open","ping_status":"closed","template":"","meta":[],"product_brand":[],"product_cat":[674,689],"product_tag":[],"class_list":{"0":"post-31834","1":"product","2":"type-product","3":"status-publish","4":"has-post-thumbnail","6":"product_cat-giochi-scricchiolanti","7":"product_cat-pronto-per-la-spedizione","9":"first","10":"instock","11":"taxable","12":"shipping-taxable","13":"purchasable","14":"product-type-simple"},"_links":{"self":[{"href":"https:\/\/tinyknit.eu\/it\/wp-json\/wp\/v2\/product\/31834","targetHints":{"allow":["GET"]}}],"collection":[{"href":"https:\/\/tinyknit.eu\/it\/wp-json\/wp\/v2\/product"}],"about":[{"href":"https:\/\/tinyknit.eu\/it\/wp-json\/wp\/v2\/types\/product"}],"replies":[{"embeddable":true,"href":"https:\/\/tinyknit.eu\/it\/wp-json\/wp\/v2\/comments?post=31834"}],"version-history":[{"count":1,"href":"https:\/\/tinyknit.eu\/it\/wp-json\/wp\/v2\/product\/31834\/revisions"}],"predecessor-version":[{"id":31841,"href":"https:\/\/tinyknit.eu\/it\/wp-json\/wp\/v2\/product\/31834\/revisions\/31841"}],"wp:featuredmedia":[{"embeddable":true,"href":"https:\/\/tinyknit.eu\/it\/wp-json\/wp\/v2\/media\/31837"}],"wp:attachment":[{"href":"https:\/\/tinyknit.eu\/it\/wp-json\/wp\/v2\/media?parent=31834"}],"wp:term":[{"taxonomy":"product_brand","embeddable":true,"href":"https:\/\/tinyknit.eu\/it\/wp-json\/wp\/v2\/product_brand?post=31834"},{"taxonomy":"product_cat","embeddable":true,"href":"https:\/\/tinyknit.eu\/it\/wp-json\/wp\/v2\/product_cat?post=31834"},{"taxonomy":"product_tag","embeddable":true,"href":"https:\/\/tinyknit.eu\/it\/wp-json\/wp\/v2\/product_tag?post=31834"}],"curies":[{"name":"wp","href":"https:\/\/api.w.org\/{rel}","templated":true}]}}