{"id":31641,"date":"2025-02-16T18:09:09","date_gmt":"2025-02-16T18:09:09","guid":{"rendered":"https:\/\/tinyknit.eu\/product\/senza-categoria\/baby-comforter-bunny-40\/"},"modified":"2025-07-29T11:30:36","modified_gmt":"2025-07-29T11:30:36","slug":"baby-comforter-bunny-40","status":"publish","type":"product","link":"https:\/\/tinyknit.eu\/it\/product\/doudou\/baby-comforter-bunny-40\/","title":{"rendered":"Doudou per beb\u00e8 &#8211; Coniglietto"},"content":{"rendered":"<p data-start=\"0\" data-end=\"330\">Il nostro doudou per beb\u00e8 serve ad aiutare il bambino a calmarsi e addormentarsi. \u00c8 piatto, il che lo rende leggero e facile da coccolare per i pi\u00f9 piccoli. I genitori usano spesso il doudou per aiutare a passare dalla condivisione del letto al sonno indipendente. Avere il profumo della mamma aiuta molto a mantenerli tranquilli.<\/p>\n<p data-start=\"332\" data-end=\"486\">Realizzato con cotone di alta qualit\u00e0 da un lato e tessuto morbido dall\u2019altro, la sua texture bimateriale aiuta i bambini a sviluppare il senso del tatto.<\/p>\n<p data-start=\"488\" data-end=\"538\"><strong>Adatto dalla nascita.<\/strong><br \/>\n<strong>Dimensioni:<\/strong> circa 25 x 25 cm<\/p>\n<p data-start=\"540\" data-end=\"577\"><strong>Il set contiene:<\/strong><br \/>\n\u2022 1x Doudou per beb\u00e8<\/p>\n<p data-start=\"579\" data-end=\"700\" data-is-last-node=\"\" data-is-only-node=\"\">Consigli per la cura: lavare a mano a 30\u00b0C con sapone delicato per bambini. Asciugare all\u2019aria. Non usare l\u2019asciugatrice.<\/p>\n","protected":false},"excerpt":{"rendered":"<p>Our baby comforters are used to help settle babies to sleep. They are flat which makes them light and easy for little ones to snuggle.<\/p>\n","protected":false},"featured_media":31644,"comment_status":"open","ping_status":"closed","template":"","meta":[],"product_brand":[],"product_cat":[673,689],"product_tag":[],"class_list":{"0":"post-31641","1":"product","2":"type-product","3":"status-publish","4":"has-post-thumbnail","6":"product_cat-doudou","7":"product_cat-pronto-per-la-spedizione","9":"first","10":"instock","11":"sale","12":"taxable","13":"shipping-taxable","14":"purchasable","15":"product-type-simple"},"_links":{"self":[{"href":"https:\/\/tinyknit.eu\/it\/wp-json\/wp\/v2\/product\/31641","targetHints":{"allow":["GET"]}}],"collection":[{"href":"https:\/\/tinyknit.eu\/it\/wp-json\/wp\/v2\/product"}],"about":[{"href":"https:\/\/tinyknit.eu\/it\/wp-json\/wp\/v2\/types\/product"}],"replies":[{"embeddable":true,"href":"https:\/\/tinyknit.eu\/it\/wp-json\/wp\/v2\/comments?post=31641"}],"version-history":[{"count":1,"href":"https:\/\/tinyknit.eu\/it\/wp-json\/wp\/v2\/product\/31641\/revisions"}],"predecessor-version":[{"id":31669,"href":"https:\/\/tinyknit.eu\/it\/wp-json\/wp\/v2\/product\/31641\/revisions\/31669"}],"wp:featuredmedia":[{"embeddable":true,"href":"https:\/\/tinyknit.eu\/it\/wp-json\/wp\/v2\/media\/31644"}],"wp:attachment":[{"href":"https:\/\/tinyknit.eu\/it\/wp-json\/wp\/v2\/media?parent=31641"}],"wp:term":[{"taxonomy":"product_brand","embeddable":true,"href":"https:\/\/tinyknit.eu\/it\/wp-json\/wp\/v2\/product_brand?post=31641"},{"taxonomy":"product_cat","embeddable":true,"href":"https:\/\/tinyknit.eu\/it\/wp-json\/wp\/v2\/product_cat?post=31641"},{"taxonomy":"product_tag","embeddable":true,"href":"https:\/\/tinyknit.eu\/it\/wp-json\/wp\/v2\/product_tag?post=31641"}],"curies":[{"name":"wp","href":"https:\/\/api.w.org\/{rel}","templated":true}]}}