{"id":31306,"date":"2024-01-16T18:47:57","date_gmt":"2024-01-16T18:47:57","guid":{"rendered":"https:\/\/tinyknit.eu\/reviews\/"},"modified":"2025-07-29T06:38:39","modified_gmt":"2025-07-29T06:38:39","slug":"recensioni","status":"publish","type":"page","link":"https:\/\/tinyknit.eu\/it\/recensioni\/","title":{"rendered":"Recensioni"},"content":{"rendered":"\t\t<div data-elementor-type=\"wp-page\" data-elementor-id=\"31306\" class=\"elementor elementor-31306 elementor-17086\">\n\t\t\t\t\t\t<section class=\"wd-negative-gap elementor-section elementor-top-section elementor-element elementor-element-6dbbd48 elementor-section-boxed elementor-section-height-default elementor-section-height-default\" data-id=\"6dbbd48\" data-element_type=\"section\">\n\t\t\t\t\t\t<div class=\"elementor-container elementor-column-gap-default\">\n\t\t\t\t\t<div class=\"elementor-column elementor-col-100 elementor-top-column elementor-element elementor-element-c3488d8\" data-id=\"c3488d8\" data-element_type=\"column\">\n\t\t\t<div class=\"elementor-widget-wrap elementor-element-populated\">\n\t\t\t\t\t\t<div class=\"elementor-element elementor-element-167b421 wd-width-100 elementor-widget elementor-widget-wd_title\" data-id=\"167b421\" data-element_type=\"widget\" data-widget_type=\"wd_title.default\">\n\t\t\t\t<div class=\"elementor-widget-container\">\n\t\t\t\t\t\t\t<div class=\"title-wrapper wd-set-mb reset-last-child wd-title-color-default wd-title-style-default wd-title-size-default text-center\">\n\n\t\t\t\n\t\t\t<div class=\"liner-continer\">\n\t\t\t\t<h4 class=\"woodmart-title-container title wd-fontsize-l\">Recensioni da Etsy<br \/>\n<\/h4> \n\t\t\t\t\t\t\t<\/div>\n\n\t\t\t\t\t\t\t<div class=\"title-after_title reset-last-child wd-fontsize-xs\">\n\t\t\t\t\tLe recensioni sono tratte dal nostro <span style=\"text-decoration: underline\"><a href=\"https:\/\/www.etsy.com\/shop\/BalticTinyKnit\">negozio Etsy<\/a><\/span>.\t\t\t\t<\/div>\n\t\t\t\t\t<\/div>\n\t\t\t\t\t\t<\/div>\n\t\t\t\t<\/div>\n\t\t\t\t<div class=\"elementor-element elementor-element-126dc92 elementor-widget-divider--separator-type-pattern elementor-widget-divider--no-spacing elementor-widget-divider--view-line elementor-widget elementor-widget-divider\" data-id=\"126dc92\" data-element_type=\"widget\" data-widget_type=\"divider.default\">\n\t\t\t\t<div class=\"elementor-widget-container\">\n\t\t\t\t\t\t\t<div class=\"elementor-divider\" style=\"--divider-pattern-url: url(&quot;data:image\/svg+xml,%3Csvg xmlns=&#039;http:\/\/www.w3.org\/2000\/svg&#039; preserveAspectRatio=&#039;xMidYMid meet&#039; overflow=&#039;visible&#039; height=&#039;100%&#039; viewBox=&#039;0 0 123 26&#039; fill=&#039;black&#039; stroke=&#039;none&#039;%3E%3Cpath d=&#039;M6.4,2l4.2,5.7H7.7v2.7l3.8,5.2l-3.8,0v7.8H4.8v-7.8H0l4.8-5.2V7.7H1.1L6.4,2z M25.6,2L31,7.7h-3.7v2.7l4.8,5.2h-4.8v7.8h-2.8v-7.8l-3.8,0l3.8-5.2V7.7h-2.9L25.6,2z M47.5,2l4.2,5.7h-3.3v2.7l3.8,5.2l-3.8,0l0.4,7.8h-2.8v-7.8H41l4.8-5.2V7.7h-3.7L47.5,2z M66.2,2l5.4,5.7h-3.7v2.7l4.8,5.2h-4.8v7.8H65v-7.8l-3.8,0l3.8-5.2V7.7h-2.9L66.2,2zM87.4,2l4.8,5.7h-2.9v3.1l3.8,4.8l-3.8,0v7.8h-2.8v-7.8h-4.8l4.8-4.8V7.7h-3.7L87.4,2z M107.3,2l5.4,5.7h-3.7v2.7l4.8,5.2h-4.8v7.8H106v-7.8l-3.8,0l3.8-5.2V7.7h-2.9L107.3,2z&#039;\/%3E%3C\/svg%3E&quot;);\">\n\t\t\t<span class=\"elementor-divider-separator\">\n\t\t\t\t\t\t<\/span>\n\t\t<\/div>\n\t\t\t\t\t\t<\/div>\n\t\t\t\t<\/div>\n\t\t\t\t<div class=\"elementor-element elementor-element-e3238c3 elementor-widget elementor-widget-wd_testimonials\" data-id=\"e3238c3\" data-element_type=\"widget\" data-widget_type=\"wd_testimonials.default\">\n\t\t\t\t<div class=\"elementor-widget-container\">\n\t\t\t\t\t\t\t<div class=\"testimonials testimon-style-standard  color-scheme- testimon-with-rating testimon-align-center wd-carousel-container\" id=\"carousel-5832\">\n\t\t\t\t\t\t\t<div class=\"wd-carousel-inner\">\n\t\t\t\n\t\t\t<div class=\"wd-carousel wd-grid\" data-scroll_per_page=\"yes\" style=\"--wd-col-lg:3;--wd-col-md:3;--wd-col-sm:1;--wd-gap-lg:30px;--wd-gap-sm:10px;\">\n\t\t\t\t\t\t\t\t\t<div class=\"wd-carousel-wrap\">\n\t\t\t\t\n\t\t\t\t\t\t\t\t\t\n<div class=\"testimonial wd-carousel-item\">\n\t<div class=\"testimonial-inner\">\n\t\t\n\t\t<div class=\"testimonial-content\">\n\t\t\t<div class=\"testimonial-rating\">\n\t\t\t\t<span class=\"star-rating\">\n\t\t\t\t\t<span style=\"width:100%\"><\/span>\n\t\t\t\t<\/span>\n\t\t\t<\/div>\n\n\t\t\t<p>Super happy with my order! I\u2019m sure my boy will love his birthday present! Thank you for everything. People if you are still in doubt to buy this, i would totally recommend her and her work! \ud83e\udd70<\/p><p><a href=\"https:\/\/tinyknit.eu\/wp-content\/uploads\/2024\/08\/iap_300x300.5928147515_q4wz8ouu.jpg\"><img fetchpriority=\"high\" decoding=\"async\" class=\"aligncenter size-full wp-image-22158\" src=\"https:\/\/tinyknit.eu\/wp-content\/uploads\/2024\/08\/iap_300x300.5928147515_q4wz8ouu.jpg\" alt=\"\" width=\"300\" height=\"300\" srcset=\"https:\/\/tinyknit.eu\/wp-content\/uploads\/2024\/08\/iap_300x300.5928147515_q4wz8ouu.jpg 300w, https:\/\/tinyknit.eu\/wp-content\/uploads\/2024\/08\/iap_300x300.5928147515_q4wz8ouu-150x150.jpg 150w\" sizes=\"(max-width: 300px) 100vw, 300px\" \/><\/a><\/p>\n\t\t\t<footer>\n\t\t\t\t Michelle \n\t\t\t\t\t\t\t<\/footer>\n\t\t<\/div>\n\t<\/div>\n<\/div>\t\t\t\t\t\t\t\t\t\n<div class=\"testimonial wd-carousel-item\">\n\t<div class=\"testimonial-inner\">\n\t\t\n\t\t<div class=\"testimonial-content\">\n\t\t\t<div class=\"testimonial-rating\">\n\t\t\t\t<span class=\"star-rating\">\n\t\t\t\t\t<span style=\"width:100%\"><\/span>\n\t\t\t\t<\/span>\n\t\t\t<\/div>\n\n\t\t\t<div class=\"wt-text-gray\"><p class=\"prose wt-break-word wt-m-xs-0\">Ordered this for my baby born in the Year of the Dragon! It\u2019s perfect. I hope it\u2019ll be his loved toy forever.<\/p><p><a href=\"https:\/\/tinyknit.eu\/wp-content\/uploads\/2024\/08\/iap_300x300.5952885615_fhekui4a.jpg\"><img decoding=\"async\" class=\"aligncenter size-full wp-image-22113\" src=\"https:\/\/tinyknit.eu\/wp-content\/uploads\/2024\/08\/iap_300x300.5952885615_fhekui4a.jpg\" alt=\"\" width=\"300\" height=\"300\" srcset=\"https:\/\/tinyknit.eu\/wp-content\/uploads\/2024\/08\/iap_300x300.5952885615_fhekui4a.jpg 300w, https:\/\/tinyknit.eu\/wp-content\/uploads\/2024\/08\/iap_300x300.5952885615_fhekui4a-150x150.jpg 150w\" sizes=\"(max-width: 300px) 100vw, 300px\" \/><\/a><\/p><\/div>\n\t\t\t<footer>\n\t\t\t\tAbby\n\t\t\t\t\t\t\t<\/footer>\n\t\t<\/div>\n\t<\/div>\n<\/div>\t\t\t\t\t\t\t\t\t\n<div class=\"testimonial wd-carousel-item\">\n\t<div class=\"testimonial-inner\">\n\t\t\n\t\t<div class=\"testimonial-content\">\n\t\t\t<div class=\"testimonial-rating\">\n\t\t\t\t<span class=\"star-rating\">\n\t\t\t\t\t<span style=\"width:100%\"><\/span>\n\t\t\t\t<\/span>\n\t\t\t<\/div>\n\n\t\t\t<div class=\"wt-text-gray\"><p class=\"prose wt-break-word wt-m-xs-0\">Very satisfied with my purchase, the item corresponds perfectly to the photo and better.<\/p><\/div><p><a href=\"https:\/\/tinyknit.eu\/wp-content\/uploads\/2024\/08\/iap_300x300.5941415122_dequxjut.jpg\"><img decoding=\"async\" class=\"aligncenter size-full wp-image-22131\" src=\"https:\/\/tinyknit.eu\/wp-content\/uploads\/2024\/08\/iap_300x300.5941415122_dequxjut.jpg\" alt=\"\" width=\"300\" height=\"300\" srcset=\"https:\/\/tinyknit.eu\/wp-content\/uploads\/2024\/08\/iap_300x300.5941415122_dequxjut.jpg 300w, https:\/\/tinyknit.eu\/wp-content\/uploads\/2024\/08\/iap_300x300.5941415122_dequxjut-150x150.jpg 150w\" sizes=\"(max-width: 300px) 100vw, 300px\" \/><\/a><\/p>\n\t\t\t<footer>\n\t\t\t\tAna\u00efs \n\t\t\t\t\t\t\t<\/footer>\n\t\t<\/div>\n\t<\/div>\n<\/div>\t\t\t\t\t\t\t\t\t\n<div class=\"testimonial wd-carousel-item\">\n\t<div class=\"testimonial-inner\">\n\t\t\n\t\t<div class=\"testimonial-content\">\n\t\t\t<div class=\"testimonial-rating\">\n\t\t\t\t<span class=\"star-rating\">\n\t\t\t\t\t<span style=\"width:100%\"><\/span>\n\t\t\t\t<\/span>\n\t\t\t<\/div>\n\n\t\t\t<p>The stuffed animal is beautiful. I can\u2019t wait to give it to my grandson. It took a little longer than expected to arrive, but it was worth the wait. Would highly recommend seller.<\/p><p><a href=\"https:\/\/tinyknit.eu\/wp-content\/uploads\/2024\/08\/iap_300x300.5898170394_dn21cv24.jpg\"><img loading=\"lazy\" decoding=\"async\" class=\"aligncenter size-full wp-image-22149\" src=\"https:\/\/tinyknit.eu\/wp-content\/uploads\/2024\/08\/iap_300x300.5898170394_dn21cv24.jpg\" alt=\"\" width=\"300\" height=\"300\" srcset=\"https:\/\/tinyknit.eu\/wp-content\/uploads\/2024\/08\/iap_300x300.5898170394_dn21cv24.jpg 300w, https:\/\/tinyknit.eu\/wp-content\/uploads\/2024\/08\/iap_300x300.5898170394_dn21cv24-150x150.jpg 150w\" sizes=\"(max-width: 300px) 100vw, 300px\" \/><\/a><\/p>\n\t\t\t<footer>\n\t\t\t\tDenise\n\t\t\t\t\t\t\t<\/footer>\n\t\t<\/div>\n\t<\/div>\n<\/div>\t\t\t\t\t\t\t\t\t\n<div class=\"testimonial wd-carousel-item\">\n\t<div class=\"testimonial-inner\">\n\t\t\n\t\t<div class=\"testimonial-content\">\n\t\t\t<div class=\"testimonial-rating\">\n\t\t\t\t<span class=\"star-rating\">\n\t\t\t\t\t<span style=\"width:100%\"><\/span>\n\t\t\t\t<\/span>\n\t\t\t<\/div>\n\n\t\t\t<div class=\"wt-text-gray\"><p class=\"prose wt-break-word wt-m-xs-0\">Everything\u2019s great. Super cute product<\/p><p><a href=\"https:\/\/tinyknit.eu\/wp-content\/uploads\/2024\/01\/il_170x135.5376959924_36cf.webp\"><img loading=\"lazy\" decoding=\"async\" class=\"aligncenter wp-image-17099 size-thumbnail\" src=\"https:\/\/tinyknit.eu\/wp-content\/uploads\/2024\/01\/il_170x135.5376959924_36cf-150x135.webp\" alt=\"\" width=\"150\" height=\"135\" \/><\/a><\/p><\/div>\n\t\t\t<footer>\n\t\t\t\tKira Jakobs\n\t\t\t\t\t\t\t<\/footer>\n\t\t<\/div>\n\t<\/div>\n<\/div>\t\t\t\t\t\t\t\t\t\n<div class=\"testimonial wd-carousel-item\">\n\t<div class=\"testimonial-inner\">\n\t\t\n\t\t<div class=\"testimonial-content\">\n\t\t\t<div class=\"testimonial-rating\">\n\t\t\t\t<span class=\"star-rating\">\n\t\t\t\t\t<span style=\"width:100%\"><\/span>\n\t\t\t\t<\/span>\n\t\t\t<\/div>\n\n\t\t\t<div class=\"wt-text-gray\"><p class=\"prose wt-break-word wt-m-xs-0\">Great, responsive seller and beautiful, soft product! Very happy with the purchase<\/p><p><a href=\"https:\/\/tinyknit.eu\/wp-content\/uploads\/2024\/08\/iap_300x300.6126483466_ey89l6ur.jpg\"><img loading=\"lazy\" decoding=\"async\" class=\"aligncenter size-full wp-image-22083\" src=\"https:\/\/tinyknit.eu\/wp-content\/uploads\/2024\/08\/iap_300x300.6126483466_ey89l6ur.jpg\" alt=\"\" width=\"300\" height=\"300\" srcset=\"https:\/\/tinyknit.eu\/wp-content\/uploads\/2024\/08\/iap_300x300.6126483466_ey89l6ur.jpg 300w, https:\/\/tinyknit.eu\/wp-content\/uploads\/2024\/08\/iap_300x300.6126483466_ey89l6ur-150x150.jpg 150w\" sizes=\"(max-width: 300px) 100vw, 300px\" \/><\/a><\/p><\/div>\n\t\t\t<footer>\n\t\t\t\tmlebmle\n\t\t\t\t\t\t\t<\/footer>\n\t\t<\/div>\n\t<\/div>\n<\/div>\t\t\t\t\t\t\t\t\t\n<div class=\"testimonial wd-carousel-item\">\n\t<div class=\"testimonial-inner\">\n\t\t\n\t\t<div class=\"testimonial-content\">\n\t\t\t<div class=\"testimonial-rating\">\n\t\t\t\t<span class=\"star-rating\">\n\t\t\t\t\t<span style=\"width:100%\"><\/span>\n\t\t\t\t<\/span>\n\t\t\t<\/div>\n\n\t\t\t<p>Ein super s\u00fc\u00dfes Kuscheltier in toller Qualit\u00e4t und super weich! Auch der Kundenservice war super \ud83e\udd70<br \/><a href=\"https:\/\/tinyknit.eu\/wp-content\/uploads\/2024\/01\/Screenshot_13.png\"><img loading=\"lazy\" decoding=\"async\" class=\"aligncenter wp-image-17125 size-thumbnail\" src=\"https:\/\/tinyknit.eu\/wp-content\/uploads\/2024\/01\/Screenshot_13-150x150.png\" alt=\"\" width=\"150\" height=\"150\" srcset=\"https:\/\/tinyknit.eu\/wp-content\/uploads\/2024\/01\/Screenshot_13-150x150.png 150w, https:\/\/tinyknit.eu\/wp-content\/uploads\/2024\/01\/Screenshot_13-300x300.png 300w, https:\/\/tinyknit.eu\/wp-content\/uploads\/2024\/01\/Screenshot_13-768x768.png 768w, https:\/\/tinyknit.eu\/wp-content\/uploads\/2024\/01\/Screenshot_13-430x430.png 430w, https:\/\/tinyknit.eu\/wp-content\/uploads\/2024\/01\/Screenshot_13-700x700.png 700w, https:\/\/tinyknit.eu\/wp-content\/uploads\/2024\/01\/Screenshot_13.png 786w\" sizes=\"(max-width: 150px) 100vw, 150px\" \/><\/a><\/p>\n\t\t\t<footer>\n\t\t\t\tLinnea\n\t\t\t\t\t\t\t<\/footer>\n\t\t<\/div>\n\t<\/div>\n<\/div>\t\t\t\t\t\t\t\t\t\n<div class=\"testimonial wd-carousel-item\">\n\t<div class=\"testimonial-inner\">\n\t\t\n\t\t<div class=\"testimonial-content\">\n\t\t\t<div class=\"testimonial-rating\">\n\t\t\t\t<span class=\"star-rating\">\n\t\t\t\t\t<span style=\"width:100%\"><\/span>\n\t\t\t\t<\/span>\n\t\t\t<\/div>\n\n\t\t\t<p>Der Drache ist wundersch\u00f6n, sehr gut verarbeitet, und sieht genauso aus wie ich ihn mir vorgestellt habe. Ich bin rundum begeistert. Danke an Oksana f\u00fcr die schnelle Lieferung aus Estland.<br \/><a href=\"https:\/\/tinyknit.eu\/wp-content\/uploads\/2024\/01\/Screenshot_12.png\"><img loading=\"lazy\" decoding=\"async\" class=\"aligncenter wp-image-17117 size-thumbnail\" src=\"https:\/\/tinyknit.eu\/wp-content\/uploads\/2024\/01\/Screenshot_12-150x150.png\" alt=\"\" width=\"150\" height=\"150\" \/><\/a><\/p>\n\t\t\t<footer>\n\t\t\t\tVeronika\n\t\t\t\t\t\t\t<\/footer>\n\t\t<\/div>\n\t<\/div>\n<\/div>\t\t\t\t\t\t\t\t\t\n<div class=\"testimonial wd-carousel-item\">\n\t<div class=\"testimonial-inner\">\n\t\t\n\t\t<div class=\"testimonial-content\">\n\t\t\t<div class=\"testimonial-rating\">\n\t\t\t\t<span class=\"star-rating\">\n\t\t\t\t\t<span style=\"width:100%\"><\/span>\n\t\t\t\t<\/span>\n\t\t\t<\/div>\n\n\t\t\t<p>Amazing toy, recommend any of the items as they are super cute<\/p>\n\t\t\t<footer>\n\t\t\t\tRyan\n\t\t\t\t\t\t\t<\/footer>\n\t\t<\/div>\n\t<\/div>\n<\/div>\t\t\t\t\t\t\t\t\t\n<div class=\"testimonial wd-carousel-item\">\n\t<div class=\"testimonial-inner\">\n\t\t\n\t\t<div class=\"testimonial-content\">\n\t\t\t<div class=\"testimonial-rating\">\n\t\t\t\t<span class=\"star-rating\">\n\t\t\t\t\t<span style=\"width:100%\"><\/span>\n\t\t\t\t<\/span>\n\t\t\t<\/div>\n\n\t\t\t<p>Very beautiful plush toy, the quality is incredible, the saleswoman is accessible when needed as was the case for me. I encountered a problem during delivery and she was there for me the whole time. Don\u2019t hesitate to order, it\u2019s worth the price!<\/p>\n\t\t\t<footer>\n\t\t\t\t Ana\u00efs\n\t\t\t\t\t\t\t<\/footer>\n\t\t<\/div>\n\t<\/div>\n<\/div>\t\t\t\t\t\t\t\t\t\n<div class=\"testimonial wd-carousel-item\">\n\t<div class=\"testimonial-inner\">\n\t\t\n\t\t<div class=\"testimonial-content\">\n\t\t\t<div class=\"testimonial-rating\">\n\t\t\t\t<span class=\"star-rating\">\n\t\t\t\t\t<span style=\"width:100%\"><\/span>\n\t\t\t\t<\/span>\n\t\t\t<\/div>\n\n\t\t\t<p>Ordered for our first baby and I'm so happy with it! The fabric seems to be very good quality and the \"rattle\" noise is very subtle so we won't have to worry about dropping it and waking baby up. Great customer service too; Oksana replied so quickly to my questions and the order was dispatched the same day and arrived over a week before it was due! Can't wait to introduce baby to it \ud83d\ude42<\/p>\n\t\t\t<footer>\n\t\t\t\tEmma\n\t\t\t\t\t\t\t<\/footer>\n\t\t<\/div>\n\t<\/div>\n<\/div>\t\t\t\t\t\t\t\t\t\n<div class=\"testimonial wd-carousel-item\">\n\t<div class=\"testimonial-inner\">\n\t\t\n\t\t<div class=\"testimonial-content\">\n\t\t\t<div class=\"testimonial-rating\">\n\t\t\t\t<span class=\"star-rating\">\n\t\t\t\t\t<span style=\"width:100%\"><\/span>\n\t\t\t\t<\/span>\n\t\t\t<\/div>\n\n\t\t\t<p>Beautiful dragon baby gift. It is well made and so very soft. Easy and fast communication with the seller and it arrived 3 weeks before the estimate.<\/p><p><a href=\"https:\/\/tinyknit.eu\/wp-content\/uploads\/2024\/08\/iap_300x300.6118835704_pwwi95p6.jpg\"><img loading=\"lazy\" decoding=\"async\" class=\"aligncenter size-full wp-image-22095\" src=\"https:\/\/tinyknit.eu\/wp-content\/uploads\/2024\/08\/iap_300x300.6118835704_pwwi95p6.jpg\" alt=\"\" width=\"300\" height=\"300\" srcset=\"https:\/\/tinyknit.eu\/wp-content\/uploads\/2024\/08\/iap_300x300.6118835704_pwwi95p6.jpg 300w, https:\/\/tinyknit.eu\/wp-content\/uploads\/2024\/08\/iap_300x300.6118835704_pwwi95p6-150x150.jpg 150w\" sizes=\"(max-width: 300px) 100vw, 300px\" \/><\/a><\/p>\n\t\t\t<footer>\n\t\t\t\tCharlotte \n\t\t\t\t\t\t\t<\/footer>\n\t\t<\/div>\n\t<\/div>\n<\/div>\t\t\t\t\t\t\t\t\t\n<div class=\"testimonial wd-carousel-item\">\n\t<div class=\"testimonial-inner\">\n\t\t\n\t\t<div class=\"testimonial-content\">\n\t\t\t<div class=\"testimonial-rating\">\n\t\t\t\t<span class=\"star-rating\">\n\t\t\t\t\t<span style=\"width:100%\"><\/span>\n\t\t\t\t<\/span>\n\t\t\t<\/div>\n\n\t\t\t<div class=\"wt-text-gray\"><p class=\"prose wt-break-word wt-m-xs-0\">This is beautiful! It\u2019s a great size too! I was worried it would be smaller than I expected but it\u2019s perfect. Picture is next to a newborn sized onsie<\/p><p><a href=\"https:\/\/tinyknit.eu\/wp-content\/uploads\/2024\/08\/iap_300x300.5997440079_it7zp1t9.jpg\"><img loading=\"lazy\" decoding=\"async\" class=\"aligncenter size-full wp-image-22104\" src=\"https:\/\/tinyknit.eu\/wp-content\/uploads\/2024\/08\/iap_300x300.5997440079_it7zp1t9.jpg\" alt=\"\" width=\"300\" height=\"300\" srcset=\"https:\/\/tinyknit.eu\/wp-content\/uploads\/2024\/08\/iap_300x300.5997440079_it7zp1t9.jpg 300w, https:\/\/tinyknit.eu\/wp-content\/uploads\/2024\/08\/iap_300x300.5997440079_it7zp1t9-150x150.jpg 150w\" sizes=\"(max-width: 300px) 100vw, 300px\" \/><\/a><\/p><\/div>\n\t\t\t<footer>\n\t\t\t\tMakenzie \n\t\t\t\t\t\t\t<\/footer>\n\t\t<\/div>\n\t<\/div>\n<\/div>\t\t\t\t\t\t\t\t\t\n<div class=\"testimonial wd-carousel-item\">\n\t<div class=\"testimonial-inner\">\n\t\t\n\t\t<div class=\"testimonial-content\">\n\t\t\t<div class=\"testimonial-rating\">\n\t\t\t\t<span class=\"star-rating\">\n\t\t\t\t\t<span style=\"width:100%\"><\/span>\n\t\t\t\t<\/span>\n\t\t\t<\/div>\n\n\t\t\t<p>He is super cute and soft. I wasn't aware it was that big but it's perfect \ud83e\udd70. Regarding delivery, it was delayed due to the post office but the seller was super responsive and everything went well. I recommend Oksana and her work 100%. Many thanks \ud83e\udd70<\/p><p><a href=\"https:\/\/tinyknit.eu\/wp-content\/uploads\/2024\/08\/iap_640x640.6226345029_t49xy4e7.jpg\"><img loading=\"lazy\" decoding=\"async\" class=\"aligncenter size-full wp-image-22122\" src=\"https:\/\/tinyknit.eu\/wp-content\/uploads\/2024\/08\/iap_640x640.6226345029_t49xy4e7.jpg\" alt=\"\" width=\"640\" height=\"640\" srcset=\"https:\/\/tinyknit.eu\/wp-content\/uploads\/2024\/08\/iap_640x640.6226345029_t49xy4e7.jpg 640w, https:\/\/tinyknit.eu\/wp-content\/uploads\/2024\/08\/iap_640x640.6226345029_t49xy4e7-300x300.jpg 300w, https:\/\/tinyknit.eu\/wp-content\/uploads\/2024\/08\/iap_640x640.6226345029_t49xy4e7-150x150.jpg 150w, https:\/\/tinyknit.eu\/wp-content\/uploads\/2024\/08\/iap_640x640.6226345029_t49xy4e7-430x430.jpg 430w\" sizes=\"(max-width: 640px) 100vw, 640px\" \/><\/a><\/p>\n\t\t\t<footer>\n\t\t\t\tStephanie \n\t\t\t\t\t\t\t<\/footer>\n\t\t<\/div>\n\t<\/div>\n<\/div>\t\t\t\t\t\t\t\t\t\n<div class=\"testimonial wd-carousel-item\">\n\t<div class=\"testimonial-inner\">\n\t\t\n\t\t<div class=\"testimonial-content\">\n\t\t\t<div class=\"testimonial-rating\">\n\t\t\t\t<span class=\"star-rating\">\n\t\t\t\t\t<span style=\"width:100%\"><\/span>\n\t\t\t\t<\/span>\n\t\t\t<\/div>\n\n\t\t\t<p>The dragon is beautifully crafted and the yarn is vibrant and super soft! I highly suggest getting one if you're considering it! It took a little longer to arrive than I expected but it was well worth the wait\/\/<\/p><p><a href=\"https:\/\/tinyknit.eu\/wp-content\/uploads\/2024\/08\/iap_300x300.5947136175_42jekt22.jpg\"><img loading=\"lazy\" decoding=\"async\" class=\"aligncenter size-full wp-image-22140\" src=\"https:\/\/tinyknit.eu\/wp-content\/uploads\/2024\/08\/iap_300x300.5947136175_42jekt22.jpg\" alt=\"\" width=\"300\" height=\"300\" srcset=\"https:\/\/tinyknit.eu\/wp-content\/uploads\/2024\/08\/iap_300x300.5947136175_42jekt22.jpg 300w, https:\/\/tinyknit.eu\/wp-content\/uploads\/2024\/08\/iap_300x300.5947136175_42jekt22-150x150.jpg 150w\" sizes=\"(max-width: 300px) 100vw, 300px\" \/><\/a><\/p>\n\t\t\t<footer>\n\t\t\t\t\u03b5M\n\t\t\t\t\t\t\t<\/footer>\n\t\t<\/div>\n\t<\/div>\n<\/div>\t\t\t\t\n\t\t\t\t\t\t\t\t\t<\/div>\n\t\t\t\t\t\t\t<\/div>\n\t\t\t\t\t\t\t\t\t\t\t\t\t\t<div class=\"wd-nav-arrows wd-pos-sep wd-hover-1 wd-icon-1\">\n\t\t\t<div class=\"wd-btn-arrow wd-prev wd-disabled\">\n\t\t\t\t<div class=\"wd-arrow-inner\"><\/div>\n\t\t\t<\/div>\n\t\t\t<div class=\"wd-btn-arrow wd-next\">\n\t\t\t\t<div class=\"wd-arrow-inner\"><\/div>\n\t\t\t<\/div>\n\t\t<\/div>\n\t\t\t\t\t\t\n\t\t\t\t<\/div>\n\n\t\t\t\t\t\t<div class=\"wd-nav-pagin-wrap text-center wd-style-shape wd-hide-md-sm wd-hide-sm\">\n\t\t\t<ul class=\"wd-nav-pagin\"><\/ul>\n\t\t<\/div>\n\t\t\t\t\t\t\t\t\t\t\t<\/div>\n\t\t\t\t\t\t<\/div>\n\t\t\t\t<\/div>\n\t\t\t\t<div class=\"elementor-element elementor-element-29135ea elementor-widget-divider--separator-type-pattern elementor-widget-divider--no-spacing elementor-widget-divider--view-line elementor-widget elementor-widget-divider\" data-id=\"29135ea\" data-element_type=\"widget\" data-widget_type=\"divider.default\">\n\t\t\t\t<div class=\"elementor-widget-container\">\n\t\t\t\t\t\t\t<div class=\"elementor-divider\" style=\"--divider-pattern-url: url(&quot;data:image\/svg+xml,%3Csvg xmlns=&#039;http:\/\/www.w3.org\/2000\/svg&#039; preserveAspectRatio=&#039;xMidYMid meet&#039; overflow=&#039;visible&#039; height=&#039;100%&#039; viewBox=&#039;0 0 123 26&#039; fill=&#039;black&#039; stroke=&#039;none&#039;%3E%3Cpath d=&#039;M6.4,2l4.2,5.7H7.7v2.7l3.8,5.2l-3.8,0v7.8H4.8v-7.8H0l4.8-5.2V7.7H1.1L6.4,2z M25.6,2L31,7.7h-3.7v2.7l4.8,5.2h-4.8v7.8h-2.8v-7.8l-3.8,0l3.8-5.2V7.7h-2.9L25.6,2z M47.5,2l4.2,5.7h-3.3v2.7l3.8,5.2l-3.8,0l0.4,7.8h-2.8v-7.8H41l4.8-5.2V7.7h-3.7L47.5,2z M66.2,2l5.4,5.7h-3.7v2.7l4.8,5.2h-4.8v7.8H65v-7.8l-3.8,0l3.8-5.2V7.7h-2.9L66.2,2zM87.4,2l4.8,5.7h-2.9v3.1l3.8,4.8l-3.8,0v7.8h-2.8v-7.8h-4.8l4.8-4.8V7.7h-3.7L87.4,2z M107.3,2l5.4,5.7h-3.7v2.7l4.8,5.2h-4.8v7.8H106v-7.8l-3.8,0l3.8-5.2V7.7h-2.9L107.3,2z&#039;\/%3E%3C\/svg%3E&quot;);\">\n\t\t\t<span class=\"elementor-divider-separator\">\n\t\t\t\t\t\t<\/span>\n\t\t<\/div>\n\t\t\t\t\t\t<\/div>\n\t\t\t\t<\/div>\n\t\t\t\t<div class=\"elementor-element elementor-element-3650344 wd-width-100 elementor-widget elementor-widget-wd_title\" data-id=\"3650344\" data-element_type=\"widget\" data-widget_type=\"wd_title.default\">\n\t\t\t\t<div class=\"elementor-widget-container\">\n\t\t\t\t\t\t\t<div class=\"title-wrapper wd-set-mb reset-last-child wd-title-color-default wd-title-style-default wd-title-size-default text-center\">\n\n\t\t\t\n\t\t\t<div class=\"liner-continer\">\n\t\t\t\t<h4 class=\"woodmart-title-container title wd-fontsize-l\">Scrivi una recensione<\/h4> \n\t\t\t\t\t\t\t<\/div>\n\n\t\t\t\t\t<\/div>\n\t\t\t\t\t\t<\/div>\n\t\t\t\t<\/div>\n\t\t\t\t<div class=\"elementor-element elementor-element-edfc7d9 wd-cf7 elementor-widget elementor-widget-wd_contact_form_7\" data-id=\"edfc7d9\" data-element_type=\"widget\" data-widget_type=\"wd_contact_form_7.default\">\n\t\t\t\t<div class=\"elementor-widget-container\">\n\t\t\t\t\t\n<div class=\"wpcf7 no-js\" id=\"wpcf7-f10388-o1\" lang=\"en-US\" dir=\"ltr\" data-wpcf7-id=\"10388\">\n<div class=\"screen-reader-response\"><p role=\"status\" aria-live=\"polite\" aria-atomic=\"true\"><\/p> <ul><\/ul><\/div>\n<form action=\"\/it\/wp-json\/wp\/v2\/pages\/31306#wpcf7-f10388-o1\" method=\"post\" class=\"wpcf7-form init\" aria-label=\"Contact form\" novalidate=\"novalidate\" data-status=\"init\">\n<fieldset class=\"hidden-fields-container\"><input type=\"hidden\" name=\"_wpcf7\" value=\"10388\" \/><input type=\"hidden\" name=\"_wpcf7_version\" value=\"6.1.5\" \/><input type=\"hidden\" name=\"_wpcf7_locale\" value=\"en_US\" \/><input type=\"hidden\" name=\"_wpcf7_unit_tag\" value=\"wpcf7-f10388-o1\" \/><input type=\"hidden\" name=\"_wpcf7_container_post\" value=\"0\" \/><input type=\"hidden\" name=\"_wpcf7_posted_data_hash\" value=\"\" \/>\n<\/fieldset>\n<p><label> Your name<br \/>\n<span class=\"wpcf7-form-control-wrap\" data-name=\"your-name\"><input size=\"40\" maxlength=\"400\" class=\"wpcf7-form-control wpcf7-text wpcf7-validates-as-required\" autocomplete=\"name\" aria-required=\"true\" aria-invalid=\"false\" value=\"\" type=\"text\" name=\"your-name\" \/><\/span> <\/label>\n<\/p>\n<p><label> Your email<br \/>\n<span class=\"wpcf7-form-control-wrap\" data-name=\"your-email\"><input size=\"40\" maxlength=\"400\" class=\"wpcf7-form-control wpcf7-email wpcf7-validates-as-required wpcf7-text wpcf7-validates-as-email\" autocomplete=\"email\" aria-required=\"true\" aria-invalid=\"false\" value=\"\" type=\"email\" name=\"your-email\" \/><\/span> <\/label> Your Review<br \/>\n<span class=\"wpcf7-form-control-wrap\" data-name=\"your-message\"><textarea cols=\"40\" rows=\"10\" maxlength=\"2000\" class=\"wpcf7-form-control wpcf7-textarea wpcf7-validates-as-required\" aria-required=\"true\" aria-invalid=\"false\" name=\"your-message\"><\/textarea><\/span>\n<\/p>\n<p><input class=\"wpcf7-form-control wpcf7-submit has-spinner\" type=\"submit\" value=\"Submit\" \/>\n<\/p><div class=\"wpcf7-response-output\" aria-hidden=\"true\"><\/div>\n<\/form>\n<\/div>\n\t\t\t\t<\/div>\n\t\t\t\t<\/div>\n\t\t\t\t\t<\/div>\n\t\t<\/div>\n\t\t\t\t\t<\/div>\n\t\t<\/section>\n\t\t\t\t<\/div>\n\t\t","protected":false},"excerpt":{"rendered":"<p>Recensioni da Etsy Le recensioni sono tratte dal nostro negozio Etsy. Super happy with my order! I\u2019m sure my boy<\/p>\n","protected":false},"author":1,"featured_media":0,"parent":0,"menu_order":0,"comment_status":"closed","ping_status":"closed","template":"","meta":{"footnotes":""},"class_list":["post-31306","page","type-page","status-publish","hentry"],"_links":{"self":[{"href":"https:\/\/tinyknit.eu\/it\/wp-json\/wp\/v2\/pages\/31306","targetHints":{"allow":["GET"]}}],"collection":[{"href":"https:\/\/tinyknit.eu\/it\/wp-json\/wp\/v2\/pages"}],"about":[{"href":"https:\/\/tinyknit.eu\/it\/wp-json\/wp\/v2\/types\/page"}],"author":[{"embeddable":true,"href":"https:\/\/tinyknit.eu\/it\/wp-json\/wp\/v2\/users\/1"}],"replies":[{"embeddable":true,"href":"https:\/\/tinyknit.eu\/it\/wp-json\/wp\/v2\/comments?post=31306"}],"version-history":[{"count":4,"href":"https:\/\/tinyknit.eu\/it\/wp-json\/wp\/v2\/pages\/31306\/revisions"}],"predecessor-version":[{"id":31323,"href":"https:\/\/tinyknit.eu\/it\/wp-json\/wp\/v2\/pages\/31306\/revisions\/31323"}],"wp:attachment":[{"href":"https:\/\/tinyknit.eu\/it\/wp-json\/wp\/v2\/media?parent=31306"}],"curies":[{"name":"wp","href":"https:\/\/api.w.org\/{rel}","templated":true}]}}