{"id":31300,"date":"2024-01-17T18:02:13","date_gmt":"2024-01-17T18:02:13","guid":{"rendered":"https:\/\/tinyknit.eu\/shipping-and-returns\/"},"modified":"2025-07-29T09:47:26","modified_gmt":"2025-07-29T09:47:26","slug":"spedizioni-e-resi","status":"publish","type":"page","link":"https:\/\/tinyknit.eu\/it\/spedizioni-e-resi\/","title":{"rendered":"Spedizioni e Resi"},"content":{"rendered":"<p data-start=\"0\" data-end=\"58\"><strong data-start=\"0\" data-end=\"15\">Spedizioni:<\/strong><br data-start=\"15\" data-end=\"18\" \/>Le spedizioni partono dall\u2019Estonia (UE).<\/p>\n<p data-start=\"60\" data-end=\"516\">Il tempo di lavorazione degli ordini \u00e8 tra i 3 e i 6 giorni lavorativi per gli articoli in pre-ordine e tra 1 e 2 giorni lavorativi per gli articoli disponibili a magazzino. Il tempo di lavorazione non coincide con il tempo di spedizione. Se l\u2019ordine contiene sia articoli in magazzino sia in pre-ordine, la spedizione avverr\u00e0 quando tutti gli articoli saranno disponibili. Se desideri ricevere prima l\u2019ordine, ti consigliamo di effettuare ordini separati.<\/p>\n<p data-start=\"518\" data-end=\"542\"><strong data-start=\"518\" data-end=\"540\">Consegna mondiale:<\/p>\n<p><\/strong>\n<table id=\"tablepress-1\" class=\"tablepress tablepress-id-1\">\n<thead>\n<tr class=\"row-1\">\n\t<th class=\"column-1\">Country<\/th><th class=\"column-2\">Courier Delivery<\/th><th class=\"column-3\">Parcel pickup point (Post office)<\/th><th class=\"column-4\">Delivery time in days (approximately)<\/th>\n<\/tr>\n<\/thead>\n<tbody class=\"row-striping row-hover\">\n<tr class=\"row-2\">\n\t<td class=\"column-1\">Austria<\/td><td class=\"column-2\">15.96<\/td><td class=\"column-3\">9.25<\/td><td class=\"column-4\">5-8<\/td>\n<\/tr>\n<tr class=\"row-3\">\n\t<td class=\"column-1\">Belgium<\/td><td class=\"column-2\">15.38<\/td><td class=\"column-3\">8.22<\/td><td class=\"column-4\">5-9<\/td>\n<\/tr>\n<tr class=\"row-4\">\n\t<td class=\"column-1\">Bulgaria<\/td><td class=\"column-2\">17.06<\/td><td class=\"column-3\">11.23<\/td><td class=\"column-4\">8-13<\/td>\n<\/tr>\n<tr class=\"row-5\">\n\t<td class=\"column-1\">Ireland<\/td><td class=\"column-2\">21.19<\/td><td class=\"column-3\">15.11<\/td><td class=\"column-4\">8-13<\/td>\n<\/tr>\n<tr class=\"row-6\">\n\t<td class=\"column-1\">Germany<\/td><td class=\"column-2\">13.37<\/td><td class=\"column-3\">7.85<\/td><td class=\"column-4\">5-9<\/td>\n<\/tr>\n<tr class=\"row-7\">\n\t<td class=\"column-1\">Greece<\/td><td class=\"column-2\">18.53<\/td><td class=\"column-3\">12.62<\/td><td class=\"column-4\">6-12<\/td>\n<\/tr>\n<tr class=\"row-8\">\n\t<td class=\"column-1\">Spain<\/td><td class=\"column-2\">15.10<\/td><td class=\"column-3\">9.18<\/td><td class=\"column-4\">6-11<\/td>\n<\/tr>\n<tr class=\"row-9\">\n\t<td class=\"column-1\">Italy<\/td><td class=\"column-2\">13.73<\/td><td class=\"column-3\">10.58<\/td><td class=\"column-4\">6-11<\/td>\n<\/tr>\n<tr class=\"row-10\">\n\t<td class=\"column-1\">Luxembourg<\/td><td class=\"column-2\">15.07<\/td><td class=\"column-3\">9.38<\/td><td class=\"column-4\">4-8<\/td>\n<\/tr>\n<tr class=\"row-11\">\n\t<td class=\"column-1\">France<\/td><td class=\"column-2\">21.13<\/td><td class=\"column-3\">8.28<\/td><td class=\"column-4\">5-9<\/td>\n<\/tr>\n<tr class=\"row-12\">\n\t<td class=\"column-1\">Croatia<\/td><td class=\"column-2\">16.31<\/td><td class=\"column-3\">10.54<\/td><td class=\"column-4\">5-9<\/td>\n<\/tr>\n<tr class=\"row-13\">\n\t<td class=\"column-1\">Czech Republic<\/td><td class=\"column-2\">13.23<\/td><td class=\"column-3\">9.25<\/td><td class=\"column-4\">10-14<\/td>\n<\/tr>\n<tr class=\"row-14\">\n\t<td class=\"column-1\">Sweden<\/td><td class=\"column-2\">18.70<\/td><td class=\"column-3\">9.88<\/td><td class=\"column-4\">5-9<\/td>\n<\/tr>\n<tr class=\"row-15\">\n\t<td class=\"column-1\">Australia<\/td><td class=\"column-2\">33.73<\/td><td class=\"column-3\">20.83<\/td><td class=\"column-4\">13-25<\/td>\n<\/tr>\n<tr class=\"row-16\">\n\t<td class=\"column-1\">Argentina<\/td><td class=\"column-2\">35.79<\/td><td class=\"column-3\">20.84<\/td><td class=\"column-4\">11-19<\/td>\n<\/tr>\n<tr class=\"row-17\">\n\t<td class=\"column-1\">United Kingdom<\/td><td class=\"column-2\">21.19<\/td><td class=\"column-3\">15.11<\/td><td class=\"column-4\">4-8<\/td>\n<\/tr>\n<tr class=\"row-18\">\n\t<td class=\"column-1\">Canada<\/td><td class=\"column-2\">32.28<\/td><td class=\"column-3\">24.09<\/td><td class=\"column-4\">6-13<\/td>\n<\/tr>\n<tr class=\"row-19\">\n\t<td class=\"column-1\">South Korea<\/td><td class=\"column-2\">43.90<\/td><td class=\"column-3\">19.45<\/td><td class=\"column-4\">25-34<\/td>\n<\/tr>\n<tr class=\"row-20\">\n\t<td class=\"column-1\">New Zealand<\/td><td class=\"column-2\">33.04<\/td><td class=\"column-3\">25.25<\/td><td class=\"column-4\">11-20<\/td>\n<\/tr>\n<tr class=\"row-21\">\n\t<td class=\"column-1\">Norway<\/td><td class=\"column-2\">-<\/td><td class=\"column-3\">15.54<\/td><td class=\"column-4\">7-13<\/td>\n<\/tr>\n<tr class=\"row-22\">\n\t<td class=\"column-1\">USA<\/td><td class=\"column-2\">43.52<\/td><td class=\"column-3\">20.58<\/td><td class=\"column-4\">7-18<\/td>\n<\/tr>\n<tr class=\"row-23\">\n\t<td class=\"column-1\">Switzerland<\/td><td class=\"column-2\">19.33<\/td><td class=\"column-3\">14.20<\/td><td class=\"column-4\">8-11<\/td>\n<\/tr>\n<tr class=\"row-24\">\n\t<td class=\"column-1\">Japan<\/td><td class=\"column-2\">49.23<\/td><td class=\"column-3\">17.26<\/td><td class=\"column-4\">6-13<\/td>\n<\/tr>\n<\/tbody>\n<\/table>\n<!-- #tablepress-1 from cache --><strong data-start=\"518\" data-end=\"540\"><br \/>\n<\/strong><\/p>\n<p data-start=\"544\" data-end=\"921\">I prezzi sono in euro. Il costo finale della spedizione viene calcolato nella pagina di checkout. La tabella indicata si riferisce a pacchi fino a 250 grammi. I tempi di consegna possono subire ritardi durante le festivit\u00e0. Per spedizioni fuori dall\u2019Unione Europea, potrebbero essere applicate tasse doganali aggiuntive: verifica le informazioni con il servizio postale locale.<\/p>\n<hr data-start=\"923\" data-end=\"926\" \/>\n<p data-start=\"928\" data-end=\"1131\"><strong data-start=\"928\" data-end=\"937\">Resi:<\/strong><br data-start=\"937\" data-end=\"940\" \/>Dopo aver ricevuto l\u2019ordine, l\u2019acquirente ha 14 giorni per recedere dal contratto con il negozio online. Non \u00e8 possibile restituire articoli realizzati o acquistati su ordinazione speciale.<\/p>\n<p data-start=\"1133\" data-end=\"1408\">L\u2019articolo restituito deve essere nella confezione originale e non deve essere stato usato. Per esercitare il diritto di recesso, l\u2019uso del prodotto deve essere limitato a quanto necessario per verificarne natura, caratteristiche e funzionamento, come in un negozio fisico.<\/p>\n<p data-start=\"1410\" data-end=\"1615\">Le spese di restituzione sono a carico dell\u2019acquirente, salvo che il reso sia dovuto a un errore o difetto del prodotto. Dopo aver ricevuto e controllato l\u2019articolo, verr\u00e0 rimborsato il costo dello stesso.<\/p>\n<hr data-start=\"1617\" data-end=\"1620\" \/>\n<p data-start=\"1622\" data-end=\"1646\"><strong data-start=\"1622\" data-end=\"1644\">Domande frequenti:<\/strong><\/p>\n<p data-start=\"1648\" data-end=\"1810\"><strong data-start=\"1648\" data-end=\"1719\">Cosa succede se non ritiro il pacco e viene restituito al mittente?<\/strong><br data-start=\"1719\" data-end=\"1722\" \/>Se il pacco torna indietro perch\u00e9 non lo hai ritirato, il rimborso non verr\u00e0 effettuato.<\/p>\n<p data-start=\"1812\" data-end=\"1910\"><strong data-start=\"1812\" data-end=\"1873\">I dazi doganali, tasse e imposte sono inclusi nel prezzo?<\/strong><br data-start=\"1873\" data-end=\"1876\" \/>No, sono a carico dell\u2019acquirente.<\/p>\n<p data-start=\"1912\" data-end=\"2253\"><strong data-start=\"1912\" data-end=\"1939\">Accettate resi e cambi?<\/strong><br data-start=\"1939\" data-end=\"1942\" \/>Hai 14 giorni per richiedere resi o cambi e devi informarmi entro 3 giorni dalla decisione. Le spese di spedizione per il reso sono a tuo carico, cos\u00ec come eventuali perdite di valore se l\u2019articolo non \u00e8 restituito nelle condizioni originali. Rimborser\u00f2 il costo dell\u2019articolo dopo averlo ricevuto e verificato.<\/p>\n<p data-start=\"2255\" data-end=\"2569\"><strong data-start=\"2255\" data-end=\"2294\">Cosa fare se il pacco \u00e8 in ritardo?<\/strong><br data-start=\"2294\" data-end=\"2297\" \/>Le Poste hanno un periodo di 30-90 giorni per rintracciare o dichiarare smarrito il pacco. Se dichiarato smarrito, riceverai il rimborso completo. I tempi sono approssimativi e dipendono dal servizio postale. Se il pacco arriva con ritardo, non sar\u00e0 emesso alcun rimborso.<\/p>\n<p data-start=\"2571\" data-end=\"2725\"><strong data-start=\"2571\" data-end=\"2611\">Qual \u00e8 la politica di cancellazione?<\/strong><br data-start=\"2611\" data-end=\"2614\" \/>Puoi cancellare l\u2019ordine entro 2 ore dall\u2019acquisto. Non si accettano cancellazioni per prodotti personalizzati.<\/p>\n<p data-start=\"2727\" data-end=\"2914\"><strong data-start=\"2727\" data-end=\"2775\">Cosa fare se il prodotto arriva danneggiato?<\/strong><br data-start=\"2775\" data-end=\"2778\" \/>Se il prodotto \u00e8 danneggiato, inviaci una foto entro 3 giorni dalla ricezione. Provvederemo a inviare un nuovo prodotto o a rimborsarti.<\/p>\n<p data-start=\"2916\" data-end=\"3035\"><strong data-start=\"2916\" data-end=\"2946\">Offrite confezioni regalo?<\/strong><br data-start=\"2946\" data-end=\"2949\" \/>S\u00ec, \u00e8 disponibile un\u2019opzione regalo a pagamento. Contattaci per maggiori informazioni.<\/p>\n<p data-start=\"3037\" data-end=\"3254\"><strong data-start=\"3037\" data-end=\"3075\">Cos\u2019\u00e8 un &#8220;punto di ritiro pacchi&#8221;?<\/strong><br data-start=\"3075\" data-end=\"3078\" \/>\u00c8 l\u2019ufficio postale pi\u00f9 vicino nel tuo paese. In alcuni casi la consegna pu\u00f2 avvenire in cassetta postale o tramite corriere. In caso di smarrimento, la compensazione \u00e8 minima.<\/p>\n<p data-start=\"3256\" data-end=\"3404\" data-is-last-node=\"\" data-is-only-node=\"\"><strong data-start=\"3256\" data-end=\"3293\">Cos\u2019\u00e8 la &#8220;consegna con corriere&#8221;?<\/strong><br data-start=\"3293\" data-end=\"3296\" \/>Consegna a domicilio o in ufficio con corriere. In caso di smarrimento, \u00e8 prevista la massima compensazione.<\/p>\n","protected":false},"excerpt":{"rendered":"<p>Spedizioni:Le spedizioni partono dall\u2019Estonia (UE). Il tempo di lavorazione degli ordini \u00e8 tra i 3 e i 6 giorni lavorativi<\/p>\n","protected":false},"author":1,"featured_media":0,"parent":0,"menu_order":0,"comment_status":"closed","ping_status":"closed","template":"","meta":{"footnotes":""},"class_list":["post-31300","page","type-page","status-publish","hentry"],"_links":{"self":[{"href":"https:\/\/tinyknit.eu\/it\/wp-json\/wp\/v2\/pages\/31300","targetHints":{"allow":["GET"]}}],"collection":[{"href":"https:\/\/tinyknit.eu\/it\/wp-json\/wp\/v2\/pages"}],"about":[{"href":"https:\/\/tinyknit.eu\/it\/wp-json\/wp\/v2\/types\/page"}],"author":[{"embeddable":true,"href":"https:\/\/tinyknit.eu\/it\/wp-json\/wp\/v2\/users\/1"}],"replies":[{"embeddable":true,"href":"https:\/\/tinyknit.eu\/it\/wp-json\/wp\/v2\/comments?post=31300"}],"version-history":[{"count":3,"href":"https:\/\/tinyknit.eu\/it\/wp-json\/wp\/v2\/pages\/31300\/revisions"}],"predecessor-version":[{"id":31381,"href":"https:\/\/tinyknit.eu\/it\/wp-json\/wp\/v2\/pages\/31300\/revisions\/31381"}],"wp:attachment":[{"href":"https:\/\/tinyknit.eu\/it\/wp-json\/wp\/v2\/media?parent=31300"}],"curies":[{"name":"wp","href":"https:\/\/api.w.org\/{rel}","templated":true}]}}