{"id":49295,"date":"2026-04-14T13:05:35","date_gmt":"2026-04-14T13:05:35","guid":{"rendered":"https:\/\/tinyknit.eu\/?post_type=product&#038;p=49295"},"modified":"2026-04-14T13:08:46","modified_gmt":"2026-04-14T13:08:46","slug":"jouet-en-peluche-crochete-ours-7","status":"publish","type":"product","link":"https:\/\/tinyknit.eu\/fr\/product\/jouets\/jouet-en-peluche-crochete-ours-7\/","title":{"rendered":"Jouet en peluche crochet\u00e9 \u2013 Ours"},"content":{"rendered":"<p>Le jouet en peluche au crochet est un jouet en peluche fait main, fabriqu\u00e9 \u00e0 partir d&rsquo;un fil doux et durable. Son design crochet\u00e9 complexe et ses couleurs vives en font un ajout unique et charmant \u00e0 toute collection de jouets. Parfait pour c\u00e2liner ou comme pi\u00e8ce d\u00e9corative, cette peluche est s\u00fbre d&rsquo;apporter joie et confort aux personnes de tous \u00e2ges.<\/p>\n<p><strong>Caract\u00e9ristiques :<\/strong><br \/>\n\u2022 Le jouet en peluche peut enrichir les sensations tactiles car il combine diff\u00e9rents fils textur\u00e9s, ce qui sera int\u00e9ressant pour l&rsquo;enfant et l&rsquo;aidera \u00e0 d\u00e9couvrir le monde qui l&rsquo;entoure.<br \/>\n\u2022 Tous les jouets sont fabriqu\u00e9s \u00e0 partir de mat\u00e9riaux hypoallerg\u00e9niques, les rendant s\u00fbrs pour l&rsquo;enfant.<br \/>\n\u2022 Un jouet peut devenir un ajout int\u00e9ressant \u00e0 l&rsquo;int\u00e9rieur de la chambre de tout enfant.<\/p>\n<p><strong>Hauteur :<\/strong> environ 35 cm (13,78\u2033)<br \/>\n<strong>Mat\u00e9riau :<\/strong> Cet article est tricot\u00e9 \u00e0 la main en utilisant du fil hypoallerg\u00e9nique, peluche et coton. Il est rempli de holofibre et fabriqu\u00e9 dans une maison sans fum\u00e9e ni animaux domestiques.<\/p>\n<p><strong>Fabriqu\u00e9 en Estonie, Union europ\u00e9enne.<\/strong><\/p>\n<p><strong>Ensemble contient :<\/strong><br \/>\n\u2022 1x Jouet en peluche<\/p>\n<p><strong>Le cadeau parfait pour b\u00e9b\u00e9 !<\/strong><br \/>\nEmballage pr\u00eat \u00e0 offrir pour toute f\u00eate de naissance, liste de naissance ou c\u00e9l\u00e9bration d&rsquo;anniversaire.<\/p>\n<p><strong>Recommandations d&rsquo;entretien :<\/strong><br \/>\n\u2022 Pour \u00e9viter les r\u00e9actions allergiques, utilisez des d\u00e9tergents liquides et hypoallerg\u00e9niques.<br \/>\n\u2022 Utilisez le cycle d\u00e9licat de la machine \u00e0 laver et r\u00e9glez la temp\u00e9rature \u00e0 30 degr\u00e9s pendant 30 minutes.<br \/>\n\u2022 Apr\u00e8s le lavage, \u00e9tendez le jouet \u00e0 plat pour le faire s\u00e9cher.<\/p>\n","protected":false},"excerpt":{"rendered":"<p>Le jouet en peluche au crochet est un jouet en peluche fait main, fabriqu\u00e9 \u00e0 partir d&rsquo;un fil doux et durable. Son design crochet\u00e9 complexe et ses couleurs vives en font un ajout unique et charmant \u00e0 toute collection de jouets. Parfait pour c\u00e2liner ou comme pi\u00e8ce d\u00e9corative, cette peluche est s\u00fbre d&rsquo;apporter joie et confort aux personnes de tous \u00e2ges.<\/p>\n","protected":false},"featured_media":49301,"comment_status":"open","ping_status":"closed","template":"","meta":[],"product_brand":[],"product_cat":[343,338],"product_tag":[],"class_list":{"0":"post-49295","1":"product","2":"type-product","3":"status-publish","4":"has-post-thumbnail","6":"product_cat-jouets","7":"product_cat-fabrique-sur-commande","9":"first","10":"onbackorder","11":"taxable","12":"shipping-taxable","13":"purchasable","14":"product-type-simple"},"_links":{"self":[{"href":"https:\/\/tinyknit.eu\/fr\/wp-json\/wp\/v2\/product\/49295","targetHints":{"allow":["GET"]}}],"collection":[{"href":"https:\/\/tinyknit.eu\/fr\/wp-json\/wp\/v2\/product"}],"about":[{"href":"https:\/\/tinyknit.eu\/fr\/wp-json\/wp\/v2\/types\/product"}],"replies":[{"embeddable":true,"href":"https:\/\/tinyknit.eu\/fr\/wp-json\/wp\/v2\/comments?post=49295"}],"version-history":[{"count":1,"href":"https:\/\/tinyknit.eu\/fr\/wp-json\/wp\/v2\/product\/49295\/revisions"}],"predecessor-version":[{"id":49317,"href":"https:\/\/tinyknit.eu\/fr\/wp-json\/wp\/v2\/product\/49295\/revisions\/49317"}],"wp:featuredmedia":[{"embeddable":true,"href":"https:\/\/tinyknit.eu\/fr\/wp-json\/wp\/v2\/media\/49301"}],"wp:attachment":[{"href":"https:\/\/tinyknit.eu\/fr\/wp-json\/wp\/v2\/media?parent=49295"}],"wp:term":[{"taxonomy":"product_brand","embeddable":true,"href":"https:\/\/tinyknit.eu\/fr\/wp-json\/wp\/v2\/product_brand?post=49295"},{"taxonomy":"product_cat","embeddable":true,"href":"https:\/\/tinyknit.eu\/fr\/wp-json\/wp\/v2\/product_cat?post=49295"},{"taxonomy":"product_tag","embeddable":true,"href":"https:\/\/tinyknit.eu\/fr\/wp-json\/wp\/v2\/product_tag?post=49295"}],"curies":[{"name":"wp","href":"https:\/\/api.w.org\/{rel}","templated":true}]}}