{"id":47917,"date":"2026-04-05T18:43:49","date_gmt":"2026-04-05T18:43:49","guid":{"rendered":"https:\/\/tinyknit.eu\/?post_type=product&#038;p=47917"},"modified":"2026-04-05T18:58:27","modified_gmt":"2026-04-05T18:58:27","slug":"jouet-en-peluche-pour-dormir-doudou-pegase","status":"publish","type":"product","link":"https:\/\/tinyknit.eu\/fr\/product\/fabrique-sur-commande\/jouet-en-peluche-pour-dormir-doudou-pegase\/","title":{"rendered":"Jouet en peluche pour dormir, doudou &#8211; P\u00e9gase"},"content":{"rendered":"<p data-start=\"281\" data-end=\"548\"><strong data-start=\"281\" data-end=\"357\">Vous cherchez un compagnon de sommeil unique et c\u00e2lin pour votre petit ?<\/strong><br data-start=\"357\" data-end=\"360\" \/>Ne cherchez plus ! Ce mignon jouet crochet\u00e9 Pegasus est parfait pour les c\u00e2lins au coucher et les jeux pendant la journ\u00e9e, id\u00e9al pour offrir \u00e0 tout b\u00e9b\u00e9 ou enfant, quel que soit son \u00e2ge.<\/p>\n<p data-start=\"550\" data-end=\"1152\"><strong data-start=\"550\" data-end=\"572\">Caract\u00e9ristiques :<\/strong><br data-start=\"572\" data-end=\"575\" \/>\u2022 <strong data-start=\"577\" data-end=\"604\">Lien avec les parents :<\/strong> absorbe l\u2019odeur de maman ou papa lorsqu\u2019il est plac\u00e9 \u00e0 proximit\u00e9 lors de l\u2019allaitement ou du bercement, offrant au b\u00e9b\u00e9 un sentiment de r\u00e9confort m\u00eame en votre absence.<br data-start=\"773\" data-end=\"776\" \/>\u2022 <strong data-start=\"778\" data-end=\"795\">Exploration :<\/strong> offre une riche exp\u00e9rience tactile, stimulant la curiosit\u00e9 et l\u2019exploration du monde par l\u2019enfant.<br data-start=\"894\" data-end=\"897\" \/>\u2022 <strong data-start=\"899\" data-end=\"923\">Moments m\u00e9morables :<\/strong> peut servir de accessoire pour la photographie des nouveau-n\u00e9s.<br data-start=\"987\" data-end=\"990\" \/>\u2022 <strong data-start=\"992\" data-end=\"1012\">Effet apaisant :<\/strong> procure confort et s\u00e9curit\u00e9, de jour comme de nuit.<br data-start=\"1064\" data-end=\"1067\" \/>\u2022 <strong data-start=\"1069\" data-end=\"1090\">Ailes amovibles :<\/strong> le set comprend deux paires d\u2019ailes facilement d\u00e9tachables.<\/p>\n<p data-start=\"1154\" data-end=\"1355\"><strong data-start=\"1154\" data-end=\"1172\">Parfait pour :<\/strong><br data-start=\"1172\" data-end=\"1175\" \/>\u2022 Baby showers, listes de naissance, anniversaires, No\u00ebl ou toute autre occasion sp\u00e9ciale.<br data-start=\"1265\" data-end=\"1268\" \/>\u2022 Jouets uniques qui ajoutent aussi du charme \u00e0 la d\u00e9coration de la chambre d\u2019enfant.<\/p>\n<p data-start=\"1357\" data-end=\"1669\"><strong data-start=\"1357\" data-end=\"1370\">D\u00e9tails :<\/strong><br data-start=\"1370\" data-end=\"1373\" \/>\u2022 <strong data-start=\"1375\" data-end=\"1387\">Taille :<\/strong> env. 45 cm<br data-start=\"1398\" data-end=\"1401\" \/>\u2022 <strong data-start=\"1403\" data-end=\"1416\">Mati\u00e8re :<\/strong> 100 % micropolyester (standard Oeko-Tex 100) et 100 % fausse fourrure en polyester. Hypoallerg\u00e9nique, tr\u00e8s doux et s\u00fbr pour les enfants.<br data-start=\"1553\" data-end=\"1556\" \/>\u2022 <strong data-start=\"1558\" data-end=\"1575\">Remplissage :<\/strong> Holofiber<br data-start=\"1585\" data-end=\"1588\" \/>\u2022 Fabriqu\u00e9 dans un foyer sans fum\u00e9e et sans animaux domestiques en Estonie, UE.<\/p>\n<p data-start=\"1671\" data-end=\"1718\"><strong data-start=\"1671\" data-end=\"1692\">Le set contient :<\/strong><br data-start=\"1692\" data-end=\"1695\" \/>\u2022 1x Pegasus crochet\u00e9<\/p>\n<p data-start=\"1720\" data-end=\"1782\"><strong data-start=\"1720\" data-end=\"1780\">Emballage pr\u00eat \u00e0 offrir pour toute c\u00e9l\u00e9bration de b\u00e9b\u00e9 !<\/strong><\/p>\n<p data-start=\"1784\" data-end=\"1994\"><strong data-start=\"1784\" data-end=\"1810\">Conseils d\u2019entretien :<\/strong><br data-start=\"1810\" data-end=\"1813\" \/>\u2022 Utiliser des d\u00e9tergents liquides hypoallerg\u00e9niques pour \u00e9viter les r\u00e9actions allergiques.<br data-start=\"1904\" data-end=\"1907\" \/>\u2022 Laver \u00e0 30 \u00b0C sur cycle d\u00e9licat pendant 30 minutes.<br data-start=\"1960\" data-end=\"1963\" \/>\u2022 S\u00e9cher \u00e0 plat apr\u00e8s lavage.<\/p>\n","protected":false},"excerpt":{"rendered":"<p>\u00cates-vous \u00e0 la recherche d&rsquo;un ami de sommeil unique et confortable pour votre petit(e) ? Vous n&rsquo;avez pas besoin de chercher plus loin, car ce mignon jouet crochet\u00e9 est exactement ce qu&rsquo;il vous faut ! Il est parfait pour les c\u00e2lins au coucher et les jeux amusants pendant la journ\u00e9e, ce qui en fait un cadeau id\u00e9al pour tout b\u00e9b\u00e9 ou enfant, quel que soit son \u00e2ge.<\/p>\n","protected":false},"featured_media":47923,"comment_status":"open","ping_status":"closed","template":"","meta":[],"product_brand":[],"product_cat":[338,342],"product_tag":[],"class_list":{"0":"post-47917","1":"product","2":"type-product","3":"status-publish","4":"has-post-thumbnail","6":"product_cat-fabrique-sur-commande","7":"product_cat-jouets-calins","9":"first","10":"onbackorder","11":"taxable","12":"shipping-taxable","13":"purchasable","14":"product-type-simple"},"_links":{"self":[{"href":"https:\/\/tinyknit.eu\/fr\/wp-json\/wp\/v2\/product\/47917","targetHints":{"allow":["GET"]}}],"collection":[{"href":"https:\/\/tinyknit.eu\/fr\/wp-json\/wp\/v2\/product"}],"about":[{"href":"https:\/\/tinyknit.eu\/fr\/wp-json\/wp\/v2\/types\/product"}],"replies":[{"embeddable":true,"href":"https:\/\/tinyknit.eu\/fr\/wp-json\/wp\/v2\/comments?post=47917"}],"version-history":[{"count":1,"href":"https:\/\/tinyknit.eu\/fr\/wp-json\/wp\/v2\/product\/47917\/revisions"}],"predecessor-version":[{"id":47965,"href":"https:\/\/tinyknit.eu\/fr\/wp-json\/wp\/v2\/product\/47917\/revisions\/47965"}],"wp:featuredmedia":[{"embeddable":true,"href":"https:\/\/tinyknit.eu\/fr\/wp-json\/wp\/v2\/media\/47923"}],"wp:attachment":[{"href":"https:\/\/tinyknit.eu\/fr\/wp-json\/wp\/v2\/media?parent=47917"}],"wp:term":[{"taxonomy":"product_brand","embeddable":true,"href":"https:\/\/tinyknit.eu\/fr\/wp-json\/wp\/v2\/product_brand?post=47917"},{"taxonomy":"product_cat","embeddable":true,"href":"https:\/\/tinyknit.eu\/fr\/wp-json\/wp\/v2\/product_cat?post=47917"},{"taxonomy":"product_tag","embeddable":true,"href":"https:\/\/tinyknit.eu\/fr\/wp-json\/wp\/v2\/product_tag?post=47917"}],"curies":[{"name":"wp","href":"https:\/\/api.w.org\/{rel}","templated":true}]}}