{"id":38929,"date":"2025-12-06T15:08:39","date_gmt":"2025-12-06T15:08:39","guid":{"rendered":"https:\/\/tinyknit.eu\/?post_type=product&#038;p=38929"},"modified":"2026-01-14T18:00:55","modified_gmt":"2026-01-14T18:00:55","slug":"jouet-en-peluche-pour-dormir-doudou-fennec","status":"publish","type":"product","link":"https:\/\/tinyknit.eu\/fr\/product\/jouets\/jouet-en-peluche-pour-dormir-doudou-fennec\/","title":{"rendered":"Jouet en peluche pour dormir, doudou &#8211; Fennec"},"content":{"rendered":"<p data-start=\"4237\" data-end=\"4538\">Vous cherchez un compagnon de sommeil unique et tout doux pour votre petit ? Ne cherchez plus ! Ce mignon jouet crochet\u00e9 est exactement ce qu\u2019il vous faut ! Parfait pour les c\u00e2lins au coucher et les jeux pendant la journ\u00e9e, c\u2019est un cadeau id\u00e9al pour tous les b\u00e9b\u00e9s et enfants, quel que soit leur \u00e2ge.<\/p>\n<p data-start=\"4540\" data-end=\"5129\"><strong data-start=\"4540\" data-end=\"4562\">Caract\u00e9ristiques :<\/strong><br data-start=\"4562\" data-end=\"4565\" \/>\u2022\u00a0<strong data-start=\"3228\" data-end=\"3254\">Lien avec les parents.<\/strong>\u00a0Capacit\u00e9 \u00e0 conserver l\u2019odeur de maman ou papa. Placez le doudou pr\u00e8s de votre b\u00e9b\u00e9 pendant la t\u00e9t\u00e9e ou le bercement : il s\u2019impr\u00e8gnera de votre parfum. Ainsi, b\u00e9b\u00e9 peut sentir votre proximit\u00e9 m\u00eame lorsque vous n\u2019\u00eates pas l\u00e0.<br data-start=\"4785\" data-end=\"4788\" \/>\u2022\u00a0<strong data-start=\"3483\" data-end=\"3499\">Exploration.<\/strong>\u00a0Le jouet au crochet offre une exp\u00e9rience tactile riche qui capte l\u2019attention de l\u2019enfant et l\u2019aide \u00e0 explorer le monde qui l\u2019entoure.<br data-start=\"4936\" data-end=\"4939\" \/>\u2022\u00a0<strong data-start=\"3638\" data-end=\"3667\">De merveilleux souvenirs.<\/strong>\u00a0Nos jouets peuvent servir d\u2019accessoires pour la photographie de nouveau-n\u00e9s.<br data-start=\"5029\" data-end=\"5032\" \/>\u2022\u00a0<strong data-start=\"3749\" data-end=\"3772\">R\u00e9confort apaisant.<\/strong>\u00a0Un doudou au crochet peut procurer \u00e0 b\u00e9b\u00e9 une sensation de confort et de s\u00e9curit\u00e9, de jour comme de nuit.<\/p>\n<p data-start=\"5131\" data-end=\"5328\"><strong data-start=\"5131\" data-end=\"5147\">Id\u00e9al pour :<\/strong><br data-start=\"5147\" data-end=\"5150\" \/>\u2022 Cadeau parfait pour une baby shower, une liste de naissance, un anniversaire, No\u00ebl ou toute autre occasion.<br data-start=\"5259\" data-end=\"5262\" \/>\u2022 Jouet unique pouvant aussi d\u00e9corer joliment la chambre d\u2019enfant.<\/p>\n<p data-start=\"5330\" data-end=\"5541\"><strong data-start=\"5330\" data-end=\"5342\">Taille :<\/strong><br \/>\n\u2022 Doudou fennec env. 19 cm (7,4\u201d)<br \/>\n\u2022 Peluche fennec env. 17 cm (6,6\u201d)<br data-start=\"5361\" data-end=\"5364\" \/><strong data-start=\"5364\" data-end=\"5373\">Fil :<\/strong> 100 % micro-polyester (Oeko-Tex 100 Standard) et 100 % fausse fourrure polyester. Hypoallerg\u00e9nique, tr\u00e8s doux et s\u00fbr pour les enfants.<br data-start=\"5508\" data-end=\"5511\" \/><strong data-start=\"5511\" data-end=\"5528\">Rembourrage :<\/strong> Holofibre.<\/p>\n<p data-start=\"5543\" data-end=\"5631\">Fabriqu\u00e9 dans un foyer sans fum\u00e9e ni animaux.<br data-start=\"5588\" data-end=\"5591\" \/>Fabriqu\u00e9 en Estonie, Union europ\u00e9enne.<\/p>\n<p data-start=\"5876\" data-end=\"5939\"><strong data-start=\"5876\" data-end=\"5896\">Contenu du set :<\/strong><br data-start=\"5896\" data-end=\"5899\" \/>\u2022 1x doudou au crochet ou peluche<\/p>\n<p data-start=\"5941\" data-end=\"6056\"><strong data-start=\"5941\" data-end=\"5974\">Le cadeau parfait pour b\u00e9b\u00e9 !<\/strong><br data-start=\"5974\" data-end=\"5977\" \/>Emballage pr\u00eat \u00e0 offrir pour baby shower, liste de naissance ou anniversaire.<\/p>\n<p data-start=\"6058\" data-end=\"6206\"><strong data-start=\"6058\" data-end=\"6084\">Conseils d\u2019entretien :<\/strong><br data-start=\"6084\" data-end=\"6087\" \/>\u2022 Utilisez des lessives liquides et hypoallerg\u00e9niques.<br data-start=\"6141\" data-end=\"6144\" \/>\u2022 Cycle d\u00e9licat \u00e0 30 \u00b0C pendant 30 minutes.<br data-start=\"6187\" data-end=\"6190\" \/>\u2022 S\u00e9cher \u00e0 plat.<\/p>\n","protected":false},"excerpt":{"rendered":"<p>\u00cates-vous \u00e0 la recherche d&rsquo;un ami de sommeil unique et confortable pour votre petit(e) ? Vous n&rsquo;avez pas besoin de chercher plus loin, car ce mignon jouet crochet\u00e9 est exactement ce qu&rsquo;il vous faut ! Il est parfait pour les c\u00e2lins au coucher et les jeux amusants pendant la journ\u00e9e, ce qui en fait un cadeau id\u00e9al pour tout b\u00e9b\u00e9 ou enfant, quel que soit son \u00e2ge.<\/p>\n<p><iframe title=\"YouTube video player\" src=\"https:\/\/www.youtube.com\/embed\/SspC4RRsSYI?si=Ap1aaDQ0HsE_0cA-\" width=\"560\" height=\"315\" frameborder=\"0\" allowfullscreen=\"allowfullscreen\"><\/iframe><\/p>\n","protected":false},"featured_media":39001,"comment_status":"open","ping_status":"closed","template":"","meta":[],"product_brand":[],"product_cat":[343,338,342],"product_tag":[],"class_list":{"0":"post-38929","1":"product","2":"type-product","3":"status-publish","4":"has-post-thumbnail","6":"product_cat-jouets","7":"product_cat-fabrique-sur-commande","8":"product_cat-jouets-calins","10":"first","11":"onbackorder","12":"taxable","13":"shipping-taxable","14":"purchasable","15":"product-type-variable"},"_links":{"self":[{"href":"https:\/\/tinyknit.eu\/fr\/wp-json\/wp\/v2\/product\/38929","targetHints":{"allow":["GET"]}}],"collection":[{"href":"https:\/\/tinyknit.eu\/fr\/wp-json\/wp\/v2\/product"}],"about":[{"href":"https:\/\/tinyknit.eu\/fr\/wp-json\/wp\/v2\/types\/product"}],"replies":[{"embeddable":true,"href":"https:\/\/tinyknit.eu\/fr\/wp-json\/wp\/v2\/comments?post=38929"}],"version-history":[{"count":2,"href":"https:\/\/tinyknit.eu\/fr\/wp-json\/wp\/v2\/product\/38929\/revisions"}],"predecessor-version":[{"id":41680,"href":"https:\/\/tinyknit.eu\/fr\/wp-json\/wp\/v2\/product\/38929\/revisions\/41680"}],"wp:featuredmedia":[{"embeddable":true,"href":"https:\/\/tinyknit.eu\/fr\/wp-json\/wp\/v2\/media\/39001"}],"wp:attachment":[{"href":"https:\/\/tinyknit.eu\/fr\/wp-json\/wp\/v2\/media?parent=38929"}],"wp:term":[{"taxonomy":"product_brand","embeddable":true,"href":"https:\/\/tinyknit.eu\/fr\/wp-json\/wp\/v2\/product_brand?post=38929"},{"taxonomy":"product_cat","embeddable":true,"href":"https:\/\/tinyknit.eu\/fr\/wp-json\/wp\/v2\/product_cat?post=38929"},{"taxonomy":"product_tag","embeddable":true,"href":"https:\/\/tinyknit.eu\/fr\/wp-json\/wp\/v2\/product_tag?post=38929"}],"curies":[{"name":"wp","href":"https:\/\/api.w.org\/{rel}","templated":true}]}}