{"id":38803,"date":"2025-12-06T13:58:59","date_gmt":"2025-12-06T13:58:59","guid":{"rendered":"https:\/\/tinyknit.eu\/?post_type=product&#038;p=38803"},"modified":"2025-12-06T14:14:03","modified_gmt":"2025-12-06T14:14:03","slug":"decoration-de-fete-decoration-de-noel-chaussette-de-noel","status":"publish","type":"product","link":"https:\/\/tinyknit.eu\/fr\/product\/decoration-interieure\/decoration-de-fete-decoration-de-noel-chaussette-de-noel\/","title":{"rendered":"D\u00e9coration de f\u00eate, d\u00e9coration de No\u00ebl \u2013 Chaussette de No\u00ebl"},"content":{"rendered":"<p data-start=\"5905\" data-end=\"6130\">Apportez chaleur et esprit festif \u00e0 votre maison avec notre chaussette de No\u00ebl douillette ! Parfaite pour la chemin\u00e9e, un coin festif ou une s\u00e9ance photo saisonni\u00e8re, elle ajoute une touche magique \u00e0 votre d\u00e9coration de No\u00ebl.<\/p>\n<p data-start=\"6132\" data-end=\"6355\">Fabriqu\u00e9e avec des mat\u00e9riaux de haute qualit\u00e9, soigneusement crochet\u00e9e et con\u00e7ue dans un style classique. Elle garde magnifiquement sa forme et deviendra un \u00e9l\u00e9ment appr\u00e9ci\u00e9 de votre d\u00e9coration pendant de nombreuses ann\u00e9es.<\/p>\n<p data-start=\"6357\" data-end=\"6603\"><strong data-start=\"6357\" data-end=\"6379\">Caract\u00e9ristiques :<\/strong><br data-start=\"6379\" data-end=\"6382\" \/>\u2022 Parfaite pour de petits cadeaux et surprises<br data-start=\"6428\" data-end=\"6431\" \/>\u2022 Palette de couleurs chaleureuse et festive<br data-start=\"6475\" data-end=\"6478\" \/>\u2022 Id\u00e9ale pour chemin\u00e9es, murs, \u00e9tag\u00e8res ou chambres d\u2019enfants<br data-start=\"6539\" data-end=\"6542\" \/>\u2022 Un merveilleux cadeau de No\u00ebl pour la famille et les amis<\/p>\n<p data-start=\"6605\" data-end=\"6803\"><strong data-start=\"6605\" data-end=\"6617\">Taille :<\/strong> env. 40 \u00d7 15 cm (15,7\u201d \u00d7 5,9\u201d)<br data-start=\"6648\" data-end=\"6651\" \/><strong data-start=\"6651\" data-end=\"6665\">Mat\u00e9riau :<\/strong> tricot\u00e9e \u00e0 la main en fil hypoallerg\u00e9nique peluche et coton, rembourr\u00e9e de holofibre. Fabriqu\u00e9e dans un foyer sans fum\u00e9e et sans animaux.<\/p>\n<p data-start=\"6805\" data-end=\"6843\">Fabriqu\u00e9 en Estonie, Union europ\u00e9enne.<\/p>\n<p data-start=\"6845\" data-end=\"6893\"><strong data-start=\"6845\" data-end=\"6865\">Contenu du set :<\/strong><br data-start=\"6865\" data-end=\"6868\" \/>\u2022 1\u00d7 d\u00e9coration de f\u00eate<\/p>\n<p data-start=\"6895\" data-end=\"7100\"><strong data-start=\"6895\" data-end=\"6921\">Conseils d\u2019entretien :<\/strong><br data-start=\"6921\" data-end=\"6924\" \/>\u2022 Utiliser le programme d\u00e9licat \u00e0 30 \u00b0C pendant 30 minutes.<br data-start=\"6983\" data-end=\"6986\" \/>\u2022 Utiliser un sac de lavage pour \u00e9viter les dommages.<br data-start=\"7039\" data-end=\"7042\" \/>\u2022 S\u00e9cher \u00e0 plat.<br data-start=\"7058\" data-end=\"7061\" \/>\u2022 Ne pas suspendre, tordre ou repasser.<\/p>\n","protected":false},"excerpt":{"rendered":"<p>Apportez chaleur et esprit festif \u00e0 votre maison avec notre chaussette de No\u00ebl douillette ! Parfaite pour la chemin\u00e9e, un coin festif ou une s\u00e9ance photo saisonni\u00e8re, elle ajoute une touche magique \u00e0 votre d\u00e9coration de No\u00ebl.<\/p>\n","protected":false},"featured_media":38857,"comment_status":"open","ping_status":"closed","template":"","meta":[],"product_brand":[],"product_cat":[336,338],"product_tag":[],"class_list":{"0":"post-38803","1":"product","2":"type-product","3":"status-publish","4":"has-post-thumbnail","6":"product_cat-decoration-interieure","7":"product_cat-fabrique-sur-commande","9":"first","10":"onbackorder","11":"taxable","12":"shipping-taxable","13":"purchasable","14":"product-type-variable"},"_links":{"self":[{"href":"https:\/\/tinyknit.eu\/fr\/wp-json\/wp\/v2\/product\/38803","targetHints":{"allow":["GET"]}}],"collection":[{"href":"https:\/\/tinyknit.eu\/fr\/wp-json\/wp\/v2\/product"}],"about":[{"href":"https:\/\/tinyknit.eu\/fr\/wp-json\/wp\/v2\/types\/product"}],"replies":[{"embeddable":true,"href":"https:\/\/tinyknit.eu\/fr\/wp-json\/wp\/v2\/comments?post=38803"}],"version-history":[{"count":1,"href":"https:\/\/tinyknit.eu\/fr\/wp-json\/wp\/v2\/product\/38803\/revisions"}],"predecessor-version":[{"id":38889,"href":"https:\/\/tinyknit.eu\/fr\/wp-json\/wp\/v2\/product\/38803\/revisions\/38889"}],"wp:featuredmedia":[{"embeddable":true,"href":"https:\/\/tinyknit.eu\/fr\/wp-json\/wp\/v2\/media\/38857"}],"wp:attachment":[{"href":"https:\/\/tinyknit.eu\/fr\/wp-json\/wp\/v2\/media?parent=38803"}],"wp:term":[{"taxonomy":"product_brand","embeddable":true,"href":"https:\/\/tinyknit.eu\/fr\/wp-json\/wp\/v2\/product_brand?post=38803"},{"taxonomy":"product_cat","embeddable":true,"href":"https:\/\/tinyknit.eu\/fr\/wp-json\/wp\/v2\/product_cat?post=38803"},{"taxonomy":"product_tag","embeddable":true,"href":"https:\/\/tinyknit.eu\/fr\/wp-json\/wp\/v2\/product_tag?post=38803"}],"curies":[{"name":"wp","href":"https:\/\/api.w.org\/{rel}","templated":true}]}}