{"id":36594,"date":"2025-11-23T19:55:05","date_gmt":"2025-11-23T19:55:05","guid":{"rendered":"https:\/\/tinyknit.eu\/?post_type=product&#038;p=36594"},"modified":"2025-11-23T20:18:51","modified_gmt":"2025-11-23T20:18:51","slug":"peluche-en-crochet-jouet-doux-jouet-a-caliner-lutins-de-noel-lot-de-2-pieces","status":"publish","type":"product","link":"https:\/\/tinyknit.eu\/fr\/product\/decoration-interieure\/peluche-en-crochet-jouet-doux-jouet-a-caliner-lutins-de-noel-lot-de-2-pieces\/","title":{"rendered":"Peluche en Crochet, Jouet Doux, Jouet \u00e0 C\u00e2liner \u2013 Lutins de No\u00ebl (lot de 2 pi\u00e8ces)"},"content":{"rendered":"<div class=\"woocommerce-tabs wc-tabs-wrapper tabs-layout-tabs\" data-state=\"first\" data-layout=\"tabs\">\n<div class=\"wd-accordion-item\">\n<div id=\"tab-description\" class=\"entry-content woocommerce-Tabs-panel woocommerce-Tabs-panel--description wd-active panel wc-tab\" role=\"tabpanel\" aria-labelledby=\"tab-title-description\" data-accordion-index=\"description\">\n<div class=\"wc-tab-inner\">\n<p data-start=\"7885\" data-end=\"8136\">Apportez une touche de magie de No\u00ebl chaleureuse \u00e0 votre maison avec ces adorables lutins au crochet faits main ! Chaque lutin est r\u00e9alis\u00e9 en technique amigurumi avec un fil doux et pelucheux, ce qui les rend moelleux, textur\u00e9s et pleins de caract\u00e8re.<\/p>\n<p data-start=\"8138\" data-end=\"8355\"><strong>Caract\u00e9ristiques :<\/strong><br data-start=\"8156\" data-end=\"8159\" \/>\u2022 Enti\u00e8rement fait main \u2014 crochet\u00e9 avec amour et soin.<br data-start=\"8213\" data-end=\"8216\" \/>\u2022 Fil doux et de haute qualit\u00e9 \u2014 s\u00fbr, durable et agr\u00e9able au toucher.<br data-start=\"8285\" data-end=\"8288\" \/>\u2022 Style scandinave \u2014 id\u00e9al pour la d\u00e9coration hivernale et de No\u00ebl.<\/p>\n<p data-start=\"8357\" data-end=\"8413\"><strong>Dimensions :<\/strong><br data-start=\"8369\" data-end=\"8372\" \/>Petit lutin : 24 cm<br data-start=\"8391\" data-end=\"8394\" \/>Grand lutin : 30 cm<\/p>\n<p data-start=\"8415\" data-end=\"8590\"><strong>Mat\u00e9riaux :<\/strong> Article tricot\u00e9 \u00e0 la main avec un fil hypoallerg\u00e9nique, pelucheux et contenant du coton. Rembourr\u00e9 de holofibre. Fabriqu\u00e9 dans un foyer non-fumeur et sans animaux.<\/p>\n<p data-start=\"8592\" data-end=\"8630\"><strong>Fabriqu\u00e9 en Estonie, Union Europ\u00e9enne.<\/strong><\/p>\n<p data-start=\"8632\" data-end=\"8689\"><strong>Le set contient :<\/strong><br data-start=\"8649\" data-end=\"8652\" \/>\u2022 1\u00d7 Lutins de No\u00ebl (lot de 2 pi\u00e8ces)<\/p>\n<p data-start=\"8691\" data-end=\"9076\"><strong>Parfait pour :<\/strong><br data-start=\"8705\" data-end=\"8708\" \/>\u2022 D\u00e9corer le salon, une \u00e9tag\u00e8re, la chemin\u00e9e, une chambre d\u2019enfant ou un bureau.<br data-start=\"8788\" data-end=\"8791\" \/>\u2022 Apporter une ambiance chaleureuse et festive \u00e0 votre int\u00e9rieur.<br data-start=\"8856\" data-end=\"8859\" \/>\u2022 Un cadeau de No\u00ebl attentionn\u00e9 pour la famille, les amis ou coll\u00e8gues.<br data-start=\"8930\" data-end=\"8933\" \/>\u2022 Les collectionneurs d\u2019objets faits main ou de style scandinave.<br data-start=\"8998\" data-end=\"9001\" \/>Nos jouets sont fabriqu\u00e9s dans un environnement non-fumeur et sans animaux.<\/p>\n<p data-start=\"9078\" data-end=\"9513\"><strong>Recommandations d\u2019entretien :<\/strong><br data-start=\"9107\" data-end=\"9110\" \/>Pour la s\u00e9curit\u00e9 des enfants, nous n\u2019utilisons aucun produit chimique avant l\u2019envoi. Vous pouvez laver l\u2019article avec un d\u00e9tergent adapt\u00e9. Le traitement vapeur est \u00e9galement possible sans produits chimiques.<br data-start=\"9317\" data-end=\"9320\" \/>\u2022 Utilisez des d\u00e9tergents liquides et hypoallerg\u00e9niques.<br data-start=\"9376\" data-end=\"9379\" \/>\u2022 Programme d\u00e9licat \u00e0 30\u00b0C pendant 30 minutes.<br data-start=\"9425\" data-end=\"9428\" \/>\u2022 Utilisez un sac de lavage pour \u00e9viter les dommages.<br data-start=\"9481\" data-end=\"9484\" \/>\u2022 S\u00e9cher \u00e0 plat apr\u00e8s lavage.<\/p>\n<\/div>\n<\/div>\n<\/div>\n<\/div>\n","protected":false},"excerpt":{"rendered":"<p>Apportez une touche de magie de No\u00ebl chaleureuse \u00e0 votre maison avec ces adorables lutins au crochet faits main ! Chaque lutin est r\u00e9alis\u00e9 en technique amigurumi avec un fil doux et pelucheux, ce qui les rend moelleux, textur\u00e9s et pleins de caract\u00e8re.<\/p>\n<p><iframe title=\"YouTube video player\" src=\"https:\/\/www.youtube.com\/embed\/kdKQTc8hWAE?si=tR1h8f48rPcVOMxP\" width=\"560\" height=\"315\" frameborder=\"0\" allowfullscreen=\"allowfullscreen\"><\/iframe><\/p>\n","protected":false},"featured_media":36623,"comment_status":"open","ping_status":"closed","template":"","meta":[],"product_brand":[],"product_cat":[336,343,338],"product_tag":[],"class_list":{"0":"post-36594","1":"product","2":"type-product","3":"status-publish","4":"has-post-thumbnail","6":"product_cat-decoration-interieure","7":"product_cat-jouets","8":"product_cat-fabrique-sur-commande","10":"first","11":"onbackorder","12":"taxable","13":"shipping-taxable","14":"purchasable","15":"product-type-variable"},"_links":{"self":[{"href":"https:\/\/tinyknit.eu\/fr\/wp-json\/wp\/v2\/product\/36594","targetHints":{"allow":["GET"]}}],"collection":[{"href":"https:\/\/tinyknit.eu\/fr\/wp-json\/wp\/v2\/product"}],"about":[{"href":"https:\/\/tinyknit.eu\/fr\/wp-json\/wp\/v2\/types\/product"}],"replies":[{"embeddable":true,"href":"https:\/\/tinyknit.eu\/fr\/wp-json\/wp\/v2\/comments?post=36594"}],"version-history":[{"count":1,"href":"https:\/\/tinyknit.eu\/fr\/wp-json\/wp\/v2\/product\/36594\/revisions"}],"predecessor-version":[{"id":36752,"href":"https:\/\/tinyknit.eu\/fr\/wp-json\/wp\/v2\/product\/36594\/revisions\/36752"}],"wp:featuredmedia":[{"embeddable":true,"href":"https:\/\/tinyknit.eu\/fr\/wp-json\/wp\/v2\/media\/36623"}],"wp:attachment":[{"href":"https:\/\/tinyknit.eu\/fr\/wp-json\/wp\/v2\/media?parent=36594"}],"wp:term":[{"taxonomy":"product_brand","embeddable":true,"href":"https:\/\/tinyknit.eu\/fr\/wp-json\/wp\/v2\/product_brand?post=36594"},{"taxonomy":"product_cat","embeddable":true,"href":"https:\/\/tinyknit.eu\/fr\/wp-json\/wp\/v2\/product_cat?post=36594"},{"taxonomy":"product_tag","embeddable":true,"href":"https:\/\/tinyknit.eu\/fr\/wp-json\/wp\/v2\/product_tag?post=36594"}],"curies":[{"name":"wp","href":"https:\/\/api.w.org\/{rel}","templated":true}]}}