{"id":34429,"date":"2025-10-26T19:40:19","date_gmt":"2025-10-26T19:40:19","guid":{"rendered":"https:\/\/tinyknit.eu\/?post_type=product&#038;p=34429"},"modified":"2025-10-26T19:54:58","modified_gmt":"2025-10-26T19:54:58","slug":"jouet-en-peluche-pour-dormir-doudou-hedwig-chouette","status":"publish","type":"product","link":"https:\/\/tinyknit.eu\/fr\/product\/fabrique-sur-commande\/jouet-en-peluche-pour-dormir-doudou-hedwig-chouette\/","title":{"rendered":"Jouet en peluche pour dormir, doudou &#8211; Hedwig (Chouette)"},"content":{"rendered":"<p data-start=\"4237\" data-end=\"4538\">Vous cherchez un compagnon de sommeil unique et tout doux pour votre petit ? Ne cherchez plus ! Ce mignon jouet crochet\u00e9 est exactement ce qu\u2019il vous faut ! Parfait pour les c\u00e2lins au coucher et les jeux pendant la journ\u00e9e, c\u2019est un cadeau id\u00e9al pour tous les b\u00e9b\u00e9s et enfants, quel que soit leur \u00e2ge.<\/p>\n<p data-start=\"4540\" data-end=\"5129\"><strong data-start=\"4540\" data-end=\"4562\">Caract\u00e9ristiques :<\/strong><br data-start=\"4562\" data-end=\"4565\" \/>\u2022 <strong data-start=\"4567\" data-end=\"4593\">Lien avec les parents.<\/strong> Capacit\u00e9 \u00e0 conserver l\u2019odeur de maman ou papa. Placez le jouet pr\u00e8s du b\u00e9b\u00e9 pendant l\u2019allaitement ou le bercement, il absorbera votre odeur pour que l\u2019enfant se sente toujours proche de vous.<br data-start=\"4785\" data-end=\"4788\" \/>\u2022 <strong data-start=\"4790\" data-end=\"4806\">Exploration.<\/strong> Le jouet Hedwig crochet\u00e9 offre une exp\u00e9rience tactile riche qui capte l\u2019attention de l\u2019enfant et favorise sa d\u00e9couverte du monde.<br data-start=\"4936\" data-end=\"4939\" \/>\u2022 <strong data-start=\"4941\" data-end=\"4955\">Souvenirs.<\/strong> Nos jouets peuvent servir d\u2019accessoire photo pour les s\u00e9ances nouveau-n\u00e9.<br data-start=\"5029\" data-end=\"5032\" \/>\u2022 <strong data-start=\"5034\" data-end=\"5053\">Effet apaisant.<\/strong> Le doudou Hedwig crochet\u00e9 procure confort et s\u00e9curit\u00e9 au b\u00e9b\u00e9 jour et nuit.<\/p>\n<p data-start=\"5131\" data-end=\"5328\"><strong data-start=\"5131\" data-end=\"5147\">Id\u00e9al pour :<\/strong><br data-start=\"5147\" data-end=\"5150\" \/>\u2022 Cadeau parfait pour une baby shower, une liste de naissance, un anniversaire, No\u00ebl ou toute autre occasion.<br data-start=\"5259\" data-end=\"5262\" \/>\u2022 Jouet unique pouvant aussi d\u00e9corer joliment la chambre d\u2019enfant.<\/p>\n<p data-start=\"5330\" data-end=\"5541\"><strong data-start=\"5330\" data-end=\"5342\">Taille :<\/strong> env. 35 cm (13,7\u201d)<br data-start=\"5361\" data-end=\"5364\" \/><strong data-start=\"5364\" data-end=\"5373\">Fil :<\/strong> 100 % micro-polyester (Oeko-Tex 100 Standard) et 100 % fausse fourrure polyester. Hypoallerg\u00e9nique, tr\u00e8s doux et s\u00fbr pour les enfants.<br data-start=\"5508\" data-end=\"5511\" \/><strong data-start=\"5511\" data-end=\"5528\">Rembourrage :<\/strong> Holofibre.<\/p>\n<p data-start=\"5543\" data-end=\"5631\">Fabriqu\u00e9 dans un foyer sans fum\u00e9e ni animaux.<br data-start=\"5588\" data-end=\"5591\" \/>Fabriqu\u00e9 en Estonie, Union europ\u00e9enne.<\/p>\n<p data-start=\"5633\" data-end=\"5678\">Trois styles disponibles \u2013 voir les photos.<\/p>\n<p data-start=\"5680\" data-end=\"5874\"><strong data-start=\"5680\" data-end=\"5692\">Style #1<\/strong> \u2013 Corps gris froid avec \u00e9charpe assortie<br data-start=\"5733\" data-end=\"5736\" \/><strong data-start=\"5736\" data-end=\"5748\">Style #2<\/strong> \u2013 Corps blanc, bec et pattes gris froid, \u00e9charpe color\u00e9e<br data-start=\"5805\" data-end=\"5808\" \/><strong data-start=\"5808\" data-end=\"5820\">Style #3<\/strong> \u2013 Corps blanc, bec et pattes bruns, \u00e9charpe color\u00e9e<\/p>\n<p data-start=\"5876\" data-end=\"5939\"><strong data-start=\"5876\" data-end=\"5896\">Contenu du set :<\/strong><br data-start=\"5896\" data-end=\"5899\" \/>\u2022 1x Doudou Hedwig en peluche crochet\u00e9<\/p>\n<p data-start=\"5941\" data-end=\"6056\"><strong data-start=\"5941\" data-end=\"5974\">Le cadeau parfait pour b\u00e9b\u00e9 !<\/strong><br data-start=\"5974\" data-end=\"5977\" \/>Emballage pr\u00eat \u00e0 offrir pour baby shower, liste de naissance ou anniversaire.<\/p>\n<p data-start=\"6058\" data-end=\"6206\"><strong data-start=\"6058\" data-end=\"6084\">Conseils d\u2019entretien :<\/strong><br data-start=\"6084\" data-end=\"6087\" \/>\u2022 Utilisez des lessives liquides et hypoallerg\u00e9niques.<br data-start=\"6141\" data-end=\"6144\" \/>\u2022 Cycle d\u00e9licat \u00e0 30 \u00b0C pendant 30 minutes.<br data-start=\"6187\" data-end=\"6190\" \/>\u2022 S\u00e9cher \u00e0 plat.<\/p>\n","protected":false},"excerpt":{"rendered":"<p>\u00cates-vous \u00e0 la recherche d&rsquo;un ami de sommeil unique et confortable pour votre petit(e) ? Vous n&rsquo;avez pas besoin de chercher plus loin, car ce mignon jouet crochet\u00e9 est exactement ce qu&rsquo;il vous faut ! Il est parfait pour les c\u00e2lins au coucher et les jeux amusants pendant la journ\u00e9e, ce qui en fait un cadeau id\u00e9al pour tout b\u00e9b\u00e9 ou enfant, quel que soit son \u00e2ge.<\/p>\n<p><iframe title=\"YouTube video player\" src=\"https:\/\/www.youtube.com\/embed\/6J_-fvB8jiU?si=Fe8wKpvAN9gsrWAX\" width=\"560\" height=\"315\" frameborder=\"0\" allowfullscreen=\"allowfullscreen\"><\/iframe><\/p>\n","protected":false},"featured_media":34435,"comment_status":"open","ping_status":"closed","template":"","meta":[],"product_brand":[],"product_cat":[338,342],"product_tag":[],"class_list":{"0":"post-34429","1":"product","2":"type-product","3":"status-publish","4":"has-post-thumbnail","6":"product_cat-fabrique-sur-commande","7":"product_cat-jouets-calins","9":"first","10":"onbackorder","11":"taxable","12":"shipping-taxable","13":"purchasable","14":"product-type-variable"},"_links":{"self":[{"href":"https:\/\/tinyknit.eu\/fr\/wp-json\/wp\/v2\/product\/34429","targetHints":{"allow":["GET"]}}],"collection":[{"href":"https:\/\/tinyknit.eu\/fr\/wp-json\/wp\/v2\/product"}],"about":[{"href":"https:\/\/tinyknit.eu\/fr\/wp-json\/wp\/v2\/types\/product"}],"replies":[{"embeddable":true,"href":"https:\/\/tinyknit.eu\/fr\/wp-json\/wp\/v2\/comments?post=34429"}],"version-history":[{"count":1,"href":"https:\/\/tinyknit.eu\/fr\/wp-json\/wp\/v2\/product\/34429\/revisions"}],"predecessor-version":[{"id":34558,"href":"https:\/\/tinyknit.eu\/fr\/wp-json\/wp\/v2\/product\/34429\/revisions\/34558"}],"wp:featuredmedia":[{"embeddable":true,"href":"https:\/\/tinyknit.eu\/fr\/wp-json\/wp\/v2\/media\/34435"}],"wp:attachment":[{"href":"https:\/\/tinyknit.eu\/fr\/wp-json\/wp\/v2\/media?parent=34429"}],"wp:term":[{"taxonomy":"product_brand","embeddable":true,"href":"https:\/\/tinyknit.eu\/fr\/wp-json\/wp\/v2\/product_brand?post=34429"},{"taxonomy":"product_cat","embeddable":true,"href":"https:\/\/tinyknit.eu\/fr\/wp-json\/wp\/v2\/product_cat?post=34429"},{"taxonomy":"product_tag","embeddable":true,"href":"https:\/\/tinyknit.eu\/fr\/wp-json\/wp\/v2\/product_tag?post=34429"}],"curies":[{"name":"wp","href":"https:\/\/api.w.org\/{rel}","templated":true}]}}