{"id":27548,"date":"2025-04-05T19:37:46","date_gmt":"2025-04-05T19:37:46","guid":{"rendered":"https:\/\/tinyknit.eu\/?post_type=product&#038;p=27548"},"modified":"2025-04-05T19:41:51","modified_gmt":"2025-04-05T19:41:51","slug":"lot-de-3-mouchoirs-en-coton-mousseline","status":"publish","type":"product","link":"https:\/\/tinyknit.eu\/fr\/product\/mouchoirs-en-coton-mousseline\/lot-de-3-mouchoirs-en-coton-mousseline\/","title":{"rendered":"Lot de 3 mouchoirs en coton mousseline"},"content":{"rendered":"<p class=\"\" data-start=\"872\" data-end=\"1145\">Notre mouchoir en coton mousseline est d\u00e9licat pour la peau de b\u00e9b\u00e9. Il offre une texture agr\u00e9able et une haute qualit\u00e9 gr\u00e2ce \u00e0 son tissu 100 % coton mousseline. Les mouchoirs en gaze sont souvent utilis\u00e9s pour les nouveau-n\u00e9s, notamment pour la salive et la transpiration.<\/p>\n<p class=\"\" data-start=\"1147\" data-end=\"1361\"><strong data-start=\"1147\" data-end=\"1169\">Caract\u00e9ristiques :<\/strong><br data-start=\"1169\" data-end=\"1172\" \/>\u2022 Naturellement antibact\u00e9rien<br data-start=\"1201\" data-end=\"1204\" \/>\u2022 Ultra-doux et respirant<br data-start=\"1229\" data-end=\"1232\" \/>\u2022 Tr\u00e8s absorbant \u2013 absorbe l\u2019humidit\u00e9 de la peau<br data-start=\"1280\" data-end=\"1283\" \/>\u2022 Sans danger si b\u00e9b\u00e9 le met \u00e0 la bouche<br data-start=\"1323\" data-end=\"1326\" \/>\u2022 Devient plus doux \u00e0 chaque lavage<\/p>\n<p class=\"\" data-start=\"1363\" data-end=\"1417\"><strong data-start=\"1363\" data-end=\"1375\">Taille :<\/strong> ~27 x 27 cm<br data-start=\"1387\" data-end=\"1390\" \/><strong data-start=\"1390\" data-end=\"1405\">Mat\u00e9riaux :<\/strong> 100 % coton<\/p>\n<p class=\"\" data-start=\"1419\" data-end=\"1477\"><strong data-start=\"1419\" data-end=\"1440\">Le lot comprend :<\/strong><br data-start=\"1440\" data-end=\"1443\" \/>\u2022 3x Mouchoirs en coton mousseline<\/p>\n","protected":false},"excerpt":{"rendered":"<p>Notre mouchoir en coton mousseline est d\u00e9licat pour la peau de b\u00e9b\u00e9. Il offre une texture agr\u00e9able et une haute qualit\u00e9 gr\u00e2ce \u00e0 son tissu 100 % coton mousseline. Les mouchoirs en gaze sont souvent utilis\u00e9s pour les nouveau-n\u00e9s, notamment pour la salive et la transpiration.<\/p>\n","protected":false},"featured_media":27537,"comment_status":"open","ping_status":"closed","template":"","meta":[],"product_brand":[],"product_cat":[656],"product_tag":[],"class_list":{"0":"post-27548","1":"product","2":"type-product","3":"status-publish","4":"has-post-thumbnail","6":"product_cat-mouchoirs-en-coton-mousseline","8":"first","9":"outofstock","10":"taxable","11":"shipping-taxable","12":"purchasable","13":"product-type-simple"},"_links":{"self":[{"href":"https:\/\/tinyknit.eu\/fr\/wp-json\/wp\/v2\/product\/27548","targetHints":{"allow":["GET"]}}],"collection":[{"href":"https:\/\/tinyknit.eu\/fr\/wp-json\/wp\/v2\/product"}],"about":[{"href":"https:\/\/tinyknit.eu\/fr\/wp-json\/wp\/v2\/types\/product"}],"replies":[{"embeddable":true,"href":"https:\/\/tinyknit.eu\/fr\/wp-json\/wp\/v2\/comments?post=27548"}],"version-history":[{"count":1,"href":"https:\/\/tinyknit.eu\/fr\/wp-json\/wp\/v2\/product\/27548\/revisions"}],"predecessor-version":[{"id":27549,"href":"https:\/\/tinyknit.eu\/fr\/wp-json\/wp\/v2\/product\/27548\/revisions\/27549"}],"wp:featuredmedia":[{"embeddable":true,"href":"https:\/\/tinyknit.eu\/fr\/wp-json\/wp\/v2\/media\/27537"}],"wp:attachment":[{"href":"https:\/\/tinyknit.eu\/fr\/wp-json\/wp\/v2\/media?parent=27548"}],"wp:term":[{"taxonomy":"product_brand","embeddable":true,"href":"https:\/\/tinyknit.eu\/fr\/wp-json\/wp\/v2\/product_brand?post=27548"},{"taxonomy":"product_cat","embeddable":true,"href":"https:\/\/tinyknit.eu\/fr\/wp-json\/wp\/v2\/product_cat?post=27548"},{"taxonomy":"product_tag","embeddable":true,"href":"https:\/\/tinyknit.eu\/fr\/wp-json\/wp\/v2\/product_tag?post=27548"}],"curies":[{"name":"wp","href":"https:\/\/api.w.org\/{rel}","templated":true}]}}