{"id":26919,"date":"2025-03-01T19:57:18","date_gmt":"2025-03-01T19:57:18","guid":{"rendered":"https:\/\/tinyknit.eu\/?post_type=product&#038;p=26919"},"modified":"2025-03-01T19:59:18","modified_gmt":"2025-03-01T19:59:18","slug":"decoration-murale-suspendue-en-crochet-pour-chambre-de-bebe-girafe-3","status":"publish","type":"product","link":"https:\/\/tinyknit.eu\/fr\/product\/decoration-de-la-nurserie\/decoration-murale-suspendue-en-crochet-pour-chambre-de-bebe-girafe-3\/","title":{"rendered":"D\u00e9coration murale suspendue en crochet pour chambre de b\u00e9b\u00e9 \u2013 Girafe"},"content":{"rendered":"<p data-start=\"1403\" data-end=\"1716\">D\u00e9corer une chambre de b\u00e9b\u00e9 est une t\u00e2che tr\u00e8s importante et responsable \u00e0 laquelle tous les parents accordent une attention particuli\u00e8re. Notre d\u00e9coration murale est un merveilleux \u00e9l\u00e9ment d\u00e9coratif qui rendra la chambre de votre enfant plus unique et color\u00e9e. Elle peut \u00eatre accroch\u00e9e \u00e0 une porte ou \u00e0 un mur.<\/p>\n<p data-start=\"1718\" data-end=\"1827\">Ajoutez une touche artisanale \u00e0 l\u2019espace de votre petit avec cette d\u00e9coration murale en crochet suspendue !<\/p>\n<p data-start=\"1829\" data-end=\"1930\"><strong data-start=\"1829\" data-end=\"1841\">Taille :<\/strong> env. 30 x 25 cm<br data-start=\"1857\" data-end=\"1860\" \/><strong data-start=\"1860\" data-end=\"1874\">Mat\u00e9riau :<\/strong> 55 % coton, 45 % acrylique et b\u00e2ton en bois de h\u00eatre.<\/p>\n<p data-start=\"1932\" data-end=\"2022\"><strong data-start=\"1932\" data-end=\"1953\">Le set contient :<\/strong><br data-start=\"1953\" data-end=\"1956\" \/>\u2022 1x D\u00e9coration murale suspendue en crochet pour chambre de b\u00e9b\u00e9<\/p>\n<p data-start=\"2024\" data-end=\"2157\"><strong data-start=\"2024\" data-end=\"2057\">Recommandations d\u2019entretien :<\/strong> Lavage \u00e0 la main \u00e0 30\u00b0C avec du savon pour b\u00e9b\u00e9. S\u00e9chage \u00e0 l\u2019air libre. Ne pas s\u00e9cher en machine.<\/p>\n","protected":false},"excerpt":{"rendered":"<p>D\u00e9corer une chambre de b\u00e9b\u00e9 est une t\u00e2che tr\u00e8s importante et responsable \u00e0 laquelle tous les parents accordent une attention particuli\u00e8re. Notre d\u00e9coration murale est un merveilleux \u00e9l\u00e9ment d\u00e9coratif qui rendra la chambre de votre enfant plus unique et color\u00e9e. Elle peut \u00eatre accroch\u00e9e \u00e0 une porte ou \u00e0 un mur.<\/p>\n","protected":false},"featured_media":26933,"comment_status":"open","ping_status":"closed","template":"","meta":[],"product_brand":[],"product_cat":[558,341],"product_tag":[],"class_list":{"0":"post-26919","1":"product","2":"type-product","3":"status-publish","4":"has-post-thumbnail","6":"product_cat-decoration-de-la-nurserie","7":"product_cat-pret-a-expedier","9":"first","10":"instock","11":"taxable","12":"shipping-taxable","13":"purchasable","14":"product-type-simple"},"_links":{"self":[{"href":"https:\/\/tinyknit.eu\/fr\/wp-json\/wp\/v2\/product\/26919","targetHints":{"allow":["GET"]}}],"collection":[{"href":"https:\/\/tinyknit.eu\/fr\/wp-json\/wp\/v2\/product"}],"about":[{"href":"https:\/\/tinyknit.eu\/fr\/wp-json\/wp\/v2\/types\/product"}],"replies":[{"embeddable":true,"href":"https:\/\/tinyknit.eu\/fr\/wp-json\/wp\/v2\/comments?post=26919"}],"version-history":[{"count":1,"href":"https:\/\/tinyknit.eu\/fr\/wp-json\/wp\/v2\/product\/26919\/revisions"}],"predecessor-version":[{"id":26940,"href":"https:\/\/tinyknit.eu\/fr\/wp-json\/wp\/v2\/product\/26919\/revisions\/26940"}],"wp:featuredmedia":[{"embeddable":true,"href":"https:\/\/tinyknit.eu\/fr\/wp-json\/wp\/v2\/media\/26933"}],"wp:attachment":[{"href":"https:\/\/tinyknit.eu\/fr\/wp-json\/wp\/v2\/media?parent=26919"}],"wp:term":[{"taxonomy":"product_brand","embeddable":true,"href":"https:\/\/tinyknit.eu\/fr\/wp-json\/wp\/v2\/product_brand?post=26919"},{"taxonomy":"product_cat","embeddable":true,"href":"https:\/\/tinyknit.eu\/fr\/wp-json\/wp\/v2\/product_cat?post=26919"},{"taxonomy":"product_tag","embeddable":true,"href":"https:\/\/tinyknit.eu\/fr\/wp-json\/wp\/v2\/product_tag?post=26919"}],"curies":[{"name":"wp","href":"https:\/\/api.w.org\/{rel}","templated":true}]}}