{"id":24988,"date":"2025-01-20T16:29:46","date_gmt":"2025-01-20T16:29:46","guid":{"rendered":"https:\/\/tinyknit.eu\/?post_type=product&#038;p=24988"},"modified":"2025-01-21T19:44:03","modified_gmt":"2025-01-21T19:44:03","slug":"doudou-bebe-lapin-17","status":"publish","type":"product","link":"https:\/\/tinyknit.eu\/fr\/product\/doudous\/doudou-bebe-lapin-17\/","title":{"rendered":"Doudou b\u00e9b\u00e9 &#8211; Lapin"},"content":{"rendered":"<p>Notre doudou b\u00e9b\u00e9 est utilis\u00e9 pour aider \u00e0 endormir b\u00e9b\u00e9. Plat, il est l\u00e9ger et facile \u00e0 c\u00e2liner pour les tout-petits. Les parents utilisent g\u00e9n\u00e9ralement le doudou pour aider \u00e0 se d\u00e9tacher du co-dodo. Leur odeur maternelle aide vraiment \u00e0 les apaiser.<\/p>\n<p>Fabriqu\u00e9 en <strong>coton premium<\/strong> d&rsquo;un c\u00f4t\u00e9 et en tissu pelucheux de l&rsquo;autre, sa texture bi-mat\u00e9riau aidera les b\u00e9b\u00e9s \u00e0 d\u00e9velopper leur sens du toucher.<\/p>\n<p><strong>Convient d\u00e8s la naissance.<\/strong><br \/>\nTaille: environ 25 x 25 cm<\/p>\n<p><strong>Contenu de l&rsquo;ensemble:<\/strong><br \/>\n\u2022 1x Doudou b\u00e9b\u00e9<\/p>\n<p><strong>Recommandations d&rsquo;entretien:<\/strong> Laver \u00e0 la main \u00e0 30\u00b0C avec du savon pour b\u00e9b\u00e9. S\u00e9cher \u00e0 l&rsquo;air libre. Ne pas s\u00e9cher en machine.<\/p>\n","protected":false},"excerpt":{"rendered":"<p>Notre doudou b\u00e9b\u00e9 est utilis\u00e9 pour aider \u00e0 endormir b\u00e9b\u00e9. Plat, il est l\u00e9ger et facile \u00e0 c\u00e2liner pour les tout-petits. Les parents utilisent g\u00e9n\u00e9ralement le doudou pour aider \u00e0 se d\u00e9tacher du co-dodo. Leur odeur maternelle aide vraiment \u00e0 les apaiser.<\/p>\n<p><iframe title=\"YouTube video player\" src=\"https:\/\/www.youtube.com\/embed\/onrjk2LgiLE?si=nK9C0hLYgCoJGhnp\" width=\"560\" height=\"315\" frameborder=\"0\" allowfullscreen=\"allowfullscreen\"><\/iframe><\/p>\n","protected":false},"featured_media":25000,"comment_status":"open","ping_status":"closed","template":"","meta":[],"product_brand":[],"product_cat":[333,341],"product_tag":[],"class_list":{"0":"post-24988","1":"product","2":"type-product","3":"status-publish","4":"has-post-thumbnail","6":"product_cat-doudous","7":"product_cat-pret-a-expedier","9":"first","10":"instock","11":"sale","12":"taxable","13":"shipping-taxable","14":"purchasable","15":"product-type-simple"},"_links":{"self":[{"href":"https:\/\/tinyknit.eu\/fr\/wp-json\/wp\/v2\/product\/24988","targetHints":{"allow":["GET"]}}],"collection":[{"href":"https:\/\/tinyknit.eu\/fr\/wp-json\/wp\/v2\/product"}],"about":[{"href":"https:\/\/tinyknit.eu\/fr\/wp-json\/wp\/v2\/types\/product"}],"replies":[{"embeddable":true,"href":"https:\/\/tinyknit.eu\/fr\/wp-json\/wp\/v2\/comments?post=24988"}],"version-history":[{"count":2,"href":"https:\/\/tinyknit.eu\/fr\/wp-json\/wp\/v2\/product\/24988\/revisions"}],"predecessor-version":[{"id":25335,"href":"https:\/\/tinyknit.eu\/fr\/wp-json\/wp\/v2\/product\/24988\/revisions\/25335"}],"wp:featuredmedia":[{"embeddable":true,"href":"https:\/\/tinyknit.eu\/fr\/wp-json\/wp\/v2\/media\/25000"}],"wp:attachment":[{"href":"https:\/\/tinyknit.eu\/fr\/wp-json\/wp\/v2\/media?parent=24988"}],"wp:term":[{"taxonomy":"product_brand","embeddable":true,"href":"https:\/\/tinyknit.eu\/fr\/wp-json\/wp\/v2\/product_brand?post=24988"},{"taxonomy":"product_cat","embeddable":true,"href":"https:\/\/tinyknit.eu\/fr\/wp-json\/wp\/v2\/product_cat?post=24988"},{"taxonomy":"product_tag","embeddable":true,"href":"https:\/\/tinyknit.eu\/fr\/wp-json\/wp\/v2\/product_tag?post=24988"}],"curies":[{"name":"wp","href":"https:\/\/api.w.org\/{rel}","templated":true}]}}