{"id":22663,"date":"2024-11-02T15:08:19","date_gmt":"2024-11-02T15:08:19","guid":{"rendered":"https:\/\/tinyknit.eu\/?post_type=product&#038;p=22663"},"modified":"2024-11-02T15:12:00","modified_gmt":"2024-11-02T15:12:00","slug":"jouet-en-peluche-pour-dormir-doudou-ane","status":"publish","type":"product","link":"https:\/\/tinyknit.eu\/fr\/product\/fabrique-sur-commande\/jouet-en-peluche-pour-dormir-doudou-ane\/","title":{"rendered":"Jouet en peluche pour dormir, doudou &#8211; \u00e2ne"},"content":{"rendered":"<p>\u00cates-vous \u00e0 la recherche d&rsquo;un ami de sommeil unique et confortable pour votre petit(e) ? Vous n&rsquo;avez pas besoin de chercher plus loin, car ce mignon jouet crochet\u00e9 est exactement ce qu&rsquo;il vous faut ! Il est parfait pour les c\u00e2lins au coucher et les jeux amusants pendant la journ\u00e9e, ce qui en fait un cadeau id\u00e9al pour tout b\u00e9b\u00e9 ou enfant, quel que soit son \u00e2ge.<\/p>\n<p><strong>Caract\u00e9ristiques :<\/strong><br \/>\n\u2022 Le jouet pour dormir peut enrichir les sensations tactiles car il combine diff\u00e9rents fils textur\u00e9s, ce qui sera int\u00e9ressant pour l&rsquo;enfant et l&rsquo;aidera \u00e0 d\u00e9couvrir le monde qui l&rsquo;entoure.<br \/>\n\u2022 Tous les jouets sont fabriqu\u00e9s \u00e0 partir de mat\u00e9riaux hypoallerg\u00e9niques, les rendant s\u00fbrs pour l&rsquo;enfant.<br \/>\n\u2022 Un jouet peut devenir un ajout int\u00e9ressant \u00e0 l&rsquo;int\u00e9rieur de la chambre de tout enfant.<\/p>\n<p><strong>Hauteur :<\/strong> environ 40 cm (15,7\u201d)<br \/>\n<strong>Mat\u00e9riau :<\/strong> Cet article est tricot\u00e9 \u00e0 la main en utilisant du fil hypoallerg\u00e9nique, peluche et coton. Il est rempli de holofibre et fabriqu\u00e9 dans une maison sans fum\u00e9e ni animaux domestiques.<\/p>\n<p><strong>Fabriqu\u00e9 en Estonie, Union europ\u00e9enne.<\/strong><\/p>\n<p><strong>Ensemble contient :<\/strong><br \/>\n\u2022 1x Jouet pour dormir<\/p>\n<p><strong>Le cadeau parfait pour b\u00e9b\u00e9 !<\/strong><br \/>\nEmballage pr\u00eat \u00e0 offrir pour toute f\u00eate de naissance, liste de naissance ou c\u00e9l\u00e9bration d&rsquo;anniversaire.<\/p>\n<p><strong>Recommandations d&rsquo;entretien :<\/strong><br \/>\n\u2022 Pour \u00e9viter les r\u00e9actions allergiques, utilisez des d\u00e9tergents liquides et hypoallerg\u00e9niques.<br \/>\n\u2022 Utilisez le cycle d\u00e9licat de la machine \u00e0 laver et r\u00e9glez la temp\u00e9rature \u00e0 30 degr\u00e9s pendant 30 minutes.<br \/>\n\u2022 Apr\u00e8s le lavage, \u00e9tendez le jouet \u00e0 plat pour le faire s\u00e9cher.<\/p>\n","protected":false},"excerpt":{"rendered":"<p>\u00cates-vous \u00e0 la recherche d&rsquo;un ami de sommeil unique et confortable pour votre petit(e) ? Vous n&rsquo;avez pas besoin de chercher plus loin, car ce mignon jouet crochet\u00e9 est exactement ce qu&rsquo;il vous faut ! Il est parfait pour les c\u00e2lins au coucher et les jeux amusants pendant la journ\u00e9e, ce qui en fait un cadeau id\u00e9al pour tout b\u00e9b\u00e9 ou enfant, quel que soit son \u00e2ge.<\/p>\n","protected":false},"featured_media":34387,"comment_status":"open","ping_status":"closed","template":"","meta":[],"product_brand":[],"product_cat":[338,342],"product_tag":[],"class_list":{"0":"post-22663","1":"product","2":"type-product","3":"status-publish","4":"has-post-thumbnail","6":"product_cat-fabrique-sur-commande","7":"product_cat-jouets-calins","9":"first","10":"onbackorder","11":"taxable","12":"shipping-taxable","13":"purchasable","14":"product-type-simple"},"_links":{"self":[{"href":"https:\/\/tinyknit.eu\/fr\/wp-json\/wp\/v2\/product\/22663","targetHints":{"allow":["GET"]}}],"collection":[{"href":"https:\/\/tinyknit.eu\/fr\/wp-json\/wp\/v2\/product"}],"about":[{"href":"https:\/\/tinyknit.eu\/fr\/wp-json\/wp\/v2\/types\/product"}],"replies":[{"embeddable":true,"href":"https:\/\/tinyknit.eu\/fr\/wp-json\/wp\/v2\/comments?post=22663"}],"version-history":[{"count":1,"href":"https:\/\/tinyknit.eu\/fr\/wp-json\/wp\/v2\/product\/22663\/revisions"}],"predecessor-version":[{"id":22679,"href":"https:\/\/tinyknit.eu\/fr\/wp-json\/wp\/v2\/product\/22663\/revisions\/22679"}],"wp:featuredmedia":[{"embeddable":true,"href":"https:\/\/tinyknit.eu\/fr\/wp-json\/wp\/v2\/media\/34387"}],"wp:attachment":[{"href":"https:\/\/tinyknit.eu\/fr\/wp-json\/wp\/v2\/media?parent=22663"}],"wp:term":[{"taxonomy":"product_brand","embeddable":true,"href":"https:\/\/tinyknit.eu\/fr\/wp-json\/wp\/v2\/product_brand?post=22663"},{"taxonomy":"product_cat","embeddable":true,"href":"https:\/\/tinyknit.eu\/fr\/wp-json\/wp\/v2\/product_cat?post=22663"},{"taxonomy":"product_tag","embeddable":true,"href":"https:\/\/tinyknit.eu\/fr\/wp-json\/wp\/v2\/product_tag?post=22663"}],"curies":[{"name":"wp","href":"https:\/\/api.w.org\/{rel}","templated":true}]}}