{"id":22322,"date":"2024-10-27T16:56:05","date_gmt":"2024-10-27T16:56:05","guid":{"rendered":"https:\/\/tinyknit.eu\/?post_type=product&#038;p=22322"},"modified":"2024-10-27T18:39:13","modified_gmt":"2024-10-27T18:39:13","slug":"peluche-en-crochet-jouet-doux-jouet-a-caliner-escargot","status":"publish","type":"product","link":"https:\/\/tinyknit.eu\/fr\/product\/jouets\/jouet-a-caliner-escargot\/peluche-en-crochet-jouet-doux-jouet-a-caliner-escargot\/","title":{"rendered":"Peluche en Crochet, Jouet Doux, Jouet \u00e0 C\u00e2liner \u2013 Escargot"},"content":{"rendered":"<p>\u00c0 la recherche d&rsquo;un compagnon unique et r\u00e9confortant que votre enfant adorera ? Ne cherchez plus, ce mignon Escargot en Crochet est id\u00e9al ! Parfait pour les c\u00e2lins au coucher, il offrira \u00e9galement des heures de divertissement pendant la journ\u00e9e, ce qui en fait un cadeau id\u00e9al pour tout b\u00e9b\u00e9 ou tout-petit, quel que soit son \u00e2ge (m\u00eame les adultes l&rsquo;adoreront \u2764\ufe0f).<\/p>\n<p><strong>Caract\u00e9ristiques :<\/strong><br \/>\n\u2022\u2022 <strong>Communication avec les parents.<\/strong> La capacit\u00e9 de retenir l\u2019odeur de maman ou papa. Placez le jouet \u00e0 c\u00f4t\u00e9 de votre b\u00e9b\u00e9 pendant l\u2019allaitement ou le bercement, et il absorbera votre parfum, permettant \u00e0 votre enfant de sentir votre pr\u00e9sence m\u00eame en votre absence.<br \/>\n\u2022\u2022 <strong>Exploration.<\/strong> L&rsquo;Escargot en Crochet offre une exp\u00e9rience tactile riche, captivant l&rsquo;int\u00e9r\u00eat de l&rsquo;enfant et l&rsquo;aidant \u00e0 explorer le monde qui l&rsquo;entoure.<br \/>\n\u2022\u2022 <strong>Souvenirs m\u00e9morables.<\/strong> Nos jouets peuvent \u00e9galement servir d\u2019accessoires photo pour les s\u00e9ances de photographie de nouveau-n\u00e9s.<br \/>\n\u2022\u2022 <strong>Effet apaisant.<\/strong> Le jouet Escargot cr\u00e9e un environnement de confort et de s\u00e9curit\u00e9 pour l\u2019enfant, de jour comme de nuit.<\/p>\n<p><strong>Id\u00e9al pour :<\/strong><br \/>\n\u2022\u2022 Un merveilleux cadeau pour une baby shower, une liste de naissance, un anniversaire, No\u00ebl ou toute autre occasion sp\u00e9ciale.<br \/>\n\u2022\u2022 Des jouets uniques qui peuvent \u00e9galement ajouter une touche charmante \u00e0 la d\u00e9coration de la chambre d&rsquo;enfant.<\/p>\n<p><strong>Taille :<\/strong><br \/>\n\u2022\u2022 <strong>Petit :<\/strong> environ 13 x 15 cm<br \/>\n\u2022\u2022 <strong>Grand :<\/strong> environ 18 x 26 cm<\/p>\n<p><strong>Mat\u00e9riau :<\/strong><br \/>\n\u2022\u2022 <strong>Fil :<\/strong> 100 % micropolyester (Norme Oeko-Tex 100). Fil hypoallerg\u00e9nique, tr\u00e8s doux, c\u00e2lin et s\u00fbr pour les enfants.<br \/>\n\u2022\u2022 <strong>Remplissage :<\/strong> Holofibre. Fabriqu\u00e9 dans une maison sans fum\u00e9e et sans animaux.<\/p>\n<p><strong>Emballage :<\/strong><br \/>\n\u2022\u2022 L\u2019article est emball\u00e9 dans un sac de notre marque et exp\u00e9di\u00e9 dans une bo\u00eete en carton.<\/p>\n<p>Fabriqu\u00e9 en Estonie, Union Europ\u00e9enne.<\/p>\n<p><strong>Le Set Comprend :<\/strong><br \/>\n\u2022 1x Peluche Douce<\/p>\n<p><strong>Conseils d&rsquo;entretien :<\/strong><br \/>\nPour la s\u00e9curit\u00e9 de vos enfants, nous ne traitons pas nos jouets avec des produits chimiques avant l&rsquo;exp\u00e9dition. Vous pouvez le laver vous-m\u00eame avec un d\u00e9tergent adapt\u00e9 ou effectuer un traitement \u00e0 la vapeur sans utiliser de produits chimiques.<\/p>\n<p>\u2022 Pour \u00e9viter les r\u00e9actions allergiques, utilisez des d\u00e9tergents liquides hypoallerg\u00e9niques.<br \/>\n\u2022 Utilisez le cycle d\u00e9licat de la machine \u00e0 laver et r\u00e9glez la temp\u00e9rature \u00e0 30 degr\u00e9s pour 30 minutes.<br \/>\n\u2022 Pour \u00e9viter d\u2019endommager l\u2019article, nous recommandons d\u2019utiliser un sac de lavage.<br \/>\n\u2022 Apr\u00e8s le lavage, laissez l\u2019article s\u00e9cher \u00e0 plat.<br \/>\n\u2022 Ne pas suspendre, essorer ou repasser.<\/p>\n","protected":false},"excerpt":{"rendered":"<p>\u00c0 la recherche d&rsquo;un compagnon unique et r\u00e9confortant que votre enfant adorera ? Ne cherchez plus, ce mignon Escargot en Crochet est id\u00e9al ! Parfait pour les c\u00e2lins au coucher, il offrira \u00e9galement des heures de divertissement pendant la journ\u00e9e, ce qui en fait un cadeau id\u00e9al pour tout b\u00e9b\u00e9 ou tout-petit, quel que soit son \u00e2ge (m\u00eame les adultes l&rsquo;adoreront \u2764\ufe0f).<\/p>\n","protected":false},"featured_media":34778,"comment_status":"open","ping_status":"closed","template":"","meta":[],"product_brand":[],"product_cat":[343,405],"product_tag":[],"class_list":{"0":"post-22322","1":"product","2":"type-product","3":"status-publish","4":"has-post-thumbnail","6":"product_cat-jouets","7":"product_cat-jouet-a-caliner-escargot","9":"first","10":"onbackorder","11":"taxable","12":"shipping-taxable","13":"purchasable","14":"product-type-simple"},"_links":{"self":[{"href":"https:\/\/tinyknit.eu\/fr\/wp-json\/wp\/v2\/product\/22322","targetHints":{"allow":["GET"]}}],"collection":[{"href":"https:\/\/tinyknit.eu\/fr\/wp-json\/wp\/v2\/product"}],"about":[{"href":"https:\/\/tinyknit.eu\/fr\/wp-json\/wp\/v2\/types\/product"}],"replies":[{"embeddable":true,"href":"https:\/\/tinyknit.eu\/fr\/wp-json\/wp\/v2\/comments?post=22322"}],"version-history":[{"count":1,"href":"https:\/\/tinyknit.eu\/fr\/wp-json\/wp\/v2\/product\/22322\/revisions"}],"predecessor-version":[{"id":22323,"href":"https:\/\/tinyknit.eu\/fr\/wp-json\/wp\/v2\/product\/22322\/revisions\/22323"}],"wp:featuredmedia":[{"embeddable":true,"href":"https:\/\/tinyknit.eu\/fr\/wp-json\/wp\/v2\/media\/34778"}],"wp:attachment":[{"href":"https:\/\/tinyknit.eu\/fr\/wp-json\/wp\/v2\/media?parent=22322"}],"wp:term":[{"taxonomy":"product_brand","embeddable":true,"href":"https:\/\/tinyknit.eu\/fr\/wp-json\/wp\/v2\/product_brand?post=22322"},{"taxonomy":"product_cat","embeddable":true,"href":"https:\/\/tinyknit.eu\/fr\/wp-json\/wp\/v2\/product_cat?post=22322"},{"taxonomy":"product_tag","embeddable":true,"href":"https:\/\/tinyknit.eu\/fr\/wp-json\/wp\/v2\/product_tag?post=22322"}],"curies":[{"name":"wp","href":"https:\/\/api.w.org\/{rel}","templated":true}]}}