{"id":21937,"date":"2024-08-18T11:32:54","date_gmt":"2024-08-18T11:32:54","guid":{"rendered":"https:\/\/tinyknit.eu\/?post_type=product&#038;p=21937"},"modified":"2026-04-14T13:35:05","modified_gmt":"2026-04-14T13:35:05","slug":"jouet-en-peluche-pour-dormir-doudou-papillon-de-nuit","status":"publish","type":"product","link":"https:\/\/tinyknit.eu\/fr\/product\/jouets-calins\/jouet-en-peluche-pour-dormir-doudou-papillon-de-nuit\/","title":{"rendered":"Jouet en peluche pour dormir, doudou &#8211; Papillon de nuit"},"content":{"rendered":"<p>Vous cherchez un compagnon de sommeil unique et douillet pour votre petit? Ne cherchez plus, ce mignon jouet en crochet est exactement ce qu&rsquo;il vous faut! Il est parfait pour les c\u00e2lins au coucher et les moments de jeu pendant la journ\u00e9e, ce qui en fait un cadeau id\u00e9al pour tout b\u00e9b\u00e9 ou enfant, quel que soit son \u00e2ge.<\/p>\n<p><strong>Caract\u00e9ristiques:<\/strong><\/p>\n<ul>\n<li>Communication avec les parents. La capacit\u00e9 de conserver l&rsquo;odeur de maman ou papa. Placez le jouet \u00e0 c\u00f4t\u00e9 de votre b\u00e9b\u00e9 pendant que vous le nourrissez ou le bercez, et il absorbera votre odeur. Ainsi, le b\u00e9b\u00e9 ressentira toujours votre proximit\u00e9, m\u00eame lorsque vous n&rsquo;\u00eates pas l\u00e0.<\/li>\n<li>Exploration. Le jouet papillon en crochet offre une riche exp\u00e9rience tactile, captivant l&rsquo;int\u00e9r\u00eat de l&rsquo;enfant et l&rsquo;aidant \u00e0 explorer le monde qui l&rsquo;entoure.<\/li>\n<li>Peut cr\u00e9er des souvenirs incroyables. Nos jouets peuvent \u00eatre utilis\u00e9s comme accessoires pour la photographie de nouveau-n\u00e9s.<\/li>\n<li>Effets apaisants. Le jouet papillon en crochet cr\u00e9e confort et s\u00e9curit\u00e9 pour le b\u00e9b\u00e9, de jour comme de nuit.<\/li>\n<li>Le set comprend deux paires d&rsquo;ailes facilement amovibles.<\/li>\n<\/ul>\n<p><strong>Id\u00e9al pour:<\/strong><\/p>\n<ul>\n<li>C&rsquo;est un merveilleux cadeau pour une baby shower, une liste de naissance, un anniversaire, No\u00ebl ou toute autre occasion.<\/li>\n<li>Des jouets uniques qui peuvent \u00e9galement \u00eatre un charmant ajout \u00e0 la d\u00e9coration de la chambre d&rsquo;enfant.<\/li>\n<\/ul>\n<p><strong>Taille compl\u00e8te:<\/strong> env. 34 cm (13,3\u201c)<br \/>\n<strong>Fil:<\/strong> 100% Micropolyester (Oeko-Tex 100 Standard) et 100% Polyester Fausse Fourrure. Fil hypoallerg\u00e9nique, pelucheux. Tr\u00e8s doux, c\u00e2lin et s\u00fbr pour les enfants.<br \/>\n<strong>Remplissage:<\/strong> Holofiber.<\/p>\n<p>Nos jouets sont fabriqu\u00e9s dans une maison sans fum\u00e9e et sans animaux domestiques. <strong>Fabriqu\u00e9 en Estonie, Union Europ\u00e9enne.<\/strong><\/p>\n<p><strong>Contenu du set:<\/strong><\/p>\n<ul>\n<li>1x Jouet papillon en crochet avec ailes attach\u00e9es<\/li>\n<\/ul>\n<p><strong>Le cadeau parfait pour b\u00e9b\u00e9!<\/strong><\/p>\n<p>Emballage pr\u00eat \u00e0 offrir pour toute baby shower, liste de naissance ou f\u00eate d&rsquo;anniversaire.<\/p>\n<p><strong>Recommandations d&rsquo;entretien:<\/strong><\/p>\n<ul>\n<li>Pour \u00e9viter les r\u00e9actions allergiques, utilisez des d\u00e9tergents liquides et hypoallerg\u00e9niques.<\/li>\n<li>Utilisez le cycle d\u00e9licat de la machine \u00e0 laver et r\u00e9glez la temp\u00e9rature \u00e0 30 degr\u00e9s pour 30 minutes.<\/li>\n<li>Apr\u00e8s le lavage, laissez le jouet s\u00e9cher \u00e0 plat.<\/li>\n<\/ul>\n","protected":false},"excerpt":{"rendered":"<p>\u00cates-vous \u00e0 la recherche d&rsquo;un ami de sommeil unique et confortable pour votre petit(e) ? Vous n&rsquo;avez pas besoin de chercher plus loin, car ce mignon jouet crochet\u00e9 est exactement ce qu&rsquo;il vous faut ! Il est parfait pour les c\u00e2lins au coucher et les jeux amusants pendant la journ\u00e9e, ce qui en fait un cadeau id\u00e9al pour tout b\u00e9b\u00e9 ou enfant, quel que soit son \u00e2ge.<\/p>\n","protected":false},"featured_media":21996,"comment_status":"open","ping_status":"closed","template":"","meta":[],"product_brand":[],"product_cat":[342,341],"product_tag":[],"class_list":{"0":"post-21937","1":"product","2":"type-product","3":"status-publish","4":"has-post-thumbnail","6":"product_cat-jouets-calins","7":"product_cat-pret-a-expedier","9":"first","10":"instock","11":"taxable","12":"shipping-taxable","13":"purchasable","14":"product-type-variable"},"_links":{"self":[{"href":"https:\/\/tinyknit.eu\/fr\/wp-json\/wp\/v2\/product\/21937","targetHints":{"allow":["GET"]}}],"collection":[{"href":"https:\/\/tinyknit.eu\/fr\/wp-json\/wp\/v2\/product"}],"about":[{"href":"https:\/\/tinyknit.eu\/fr\/wp-json\/wp\/v2\/types\/product"}],"replies":[{"embeddable":true,"href":"https:\/\/tinyknit.eu\/fr\/wp-json\/wp\/v2\/comments?post=21937"}],"version-history":[{"count":1,"href":"https:\/\/tinyknit.eu\/fr\/wp-json\/wp\/v2\/product\/21937\/revisions"}],"predecessor-version":[{"id":22073,"href":"https:\/\/tinyknit.eu\/fr\/wp-json\/wp\/v2\/product\/21937\/revisions\/22073"}],"wp:featuredmedia":[{"embeddable":true,"href":"https:\/\/tinyknit.eu\/fr\/wp-json\/wp\/v2\/media\/21996"}],"wp:attachment":[{"href":"https:\/\/tinyknit.eu\/fr\/wp-json\/wp\/v2\/media?parent=21937"}],"wp:term":[{"taxonomy":"product_brand","embeddable":true,"href":"https:\/\/tinyknit.eu\/fr\/wp-json\/wp\/v2\/product_brand?post=21937"},{"taxonomy":"product_cat","embeddable":true,"href":"https:\/\/tinyknit.eu\/fr\/wp-json\/wp\/v2\/product_cat?post=21937"},{"taxonomy":"product_tag","embeddable":true,"href":"https:\/\/tinyknit.eu\/fr\/wp-json\/wp\/v2\/product_tag?post=21937"}],"curies":[{"name":"wp","href":"https:\/\/api.w.org\/{rel}","templated":true}]}}