{"id":20091,"date":"2024-03-24T08:33:53","date_gmt":"2024-03-24T08:33:53","guid":{"rendered":"https:\/\/tinyknit.eu\/product\/non%20class\u00e9\/crinkle-toy-mustard-rainbow\/"},"modified":"2024-03-27T09:42:24","modified_gmt":"2024-03-27T09:42:24","slug":"jouet-froisse-arc-en-ciel-moutarde","status":"publish","type":"product","link":"https:\/\/tinyknit.eu\/fr\/product\/jouets-froisses\/jouet-froisse-arc-en-ciel-moutarde\/","title":{"rendered":"Jouet froiss\u00e9 &#8211; Arc-en-ciel moutarde"},"content":{"rendered":"<p>Le jouet froiss\u00e9 est un excellent cadeau pour la d\u00e9couverte joyeuse de votre b\u00e9b\u00e9 et d\u00e9veloppe les comp\u00e9tences motrices fines de l&rsquo;enfant. Le jouet tient confortablement dans la main du b\u00e9b\u00e9. Il est totalement s\u00fbr pour le b\u00e9b\u00e9 et n&rsquo;irrite pas la peau de b\u00e9b\u00e9. Le jouet froiss\u00e9 a une texture douce et l\u00e9g\u00e8re parfaite pour la stimulation tactile.<br \/>\nLe cordon vous permet d&rsquo;attacher le jouet n&rsquo;importe o\u00f9 &#8211; par exemple, \u00e0 un berceau de b\u00e9b\u00e9 ou \u00e0 une sucette.<\/p>\n<p><strong>Mat\u00e9riau:<\/strong> 100% tissu de coton premium avec un mat\u00e9riau froiss\u00e9 sensoriel entre les tissus<br \/>\n<strong>Taille:<\/strong> ~11 x 10 cm<br \/>\n<strong>Longueur du cordon:<\/strong> ~16 cm<br \/>\n<strong>Poids:<\/strong> ~10g<br \/>\n<strong>Convient d\u00e8s la naissance.<\/strong><br \/>\nAttention ! La sucette n&rsquo;est pas incluse dans l&rsquo;ensemble !<\/p>\n<p><strong>Contenu de l&rsquo;ensemble:<\/strong><br \/>\n\u2022 1x Jouet froiss\u00e9<\/p>\n<p><strong>Recommandations d&rsquo;entretien:<\/strong> Nettoyez avec de l&rsquo;eau ti\u00e8de savonneuse et laissez s\u00e9cher \u00e0 l&rsquo;air.<\/p>\n","protected":false},"excerpt":{"rendered":"<p>Le jouet froiss\u00e9 est un excellent cadeau pour la d\u00e9couverte joyeuse de votre b\u00e9b\u00e9 et d\u00e9veloppe les comp\u00e9tences motrices fines de l&rsquo;enfant. Le jouet tient confortablement dans la main du b\u00e9b\u00e9. Il est totalement s\u00fbr pour le b\u00e9b\u00e9 et n&rsquo;irrite pas la peau de b\u00e9b\u00e9. Le jouet froiss\u00e9 a une texture douce et l\u00e9g\u00e8re parfaite pour la stimulation tactile.<\/p>\n<p><iframe title=\"YouTube video player\" src=\"https:\/\/www.youtube.com\/embed\/TkjbhF3XnFs?si=sAn3hNkNNVQnd4NN\" width=\"560\" height=\"315\" frameborder=\"0\" allowfullscreen=\"allowfullscreen\"><\/iframe><\/p>\n","protected":false},"featured_media":19398,"comment_status":"open","ping_status":"closed","template":"","meta":[],"product_brand":[],"product_cat":[350,341],"product_tag":[],"class_list":{"0":"post-20091","1":"product","2":"type-product","3":"status-publish","4":"has-post-thumbnail","6":"product_cat-jouets-froisses","7":"product_cat-pret-a-expedier","9":"first","10":"instock","11":"taxable","12":"shipping-taxable","13":"purchasable","14":"product-type-simple"},"_links":{"self":[{"href":"https:\/\/tinyknit.eu\/fr\/wp-json\/wp\/v2\/product\/20091","targetHints":{"allow":["GET"]}}],"collection":[{"href":"https:\/\/tinyknit.eu\/fr\/wp-json\/wp\/v2\/product"}],"about":[{"href":"https:\/\/tinyknit.eu\/fr\/wp-json\/wp\/v2\/types\/product"}],"replies":[{"embeddable":true,"href":"https:\/\/tinyknit.eu\/fr\/wp-json\/wp\/v2\/comments?post=20091"}],"version-history":[{"count":1,"href":"https:\/\/tinyknit.eu\/fr\/wp-json\/wp\/v2\/product\/20091\/revisions"}],"predecessor-version":[{"id":20095,"href":"https:\/\/tinyknit.eu\/fr\/wp-json\/wp\/v2\/product\/20091\/revisions\/20095"}],"wp:featuredmedia":[{"embeddable":true,"href":"https:\/\/tinyknit.eu\/fr\/wp-json\/wp\/v2\/media\/19398"}],"wp:attachment":[{"href":"https:\/\/tinyknit.eu\/fr\/wp-json\/wp\/v2\/media?parent=20091"}],"wp:term":[{"taxonomy":"product_brand","embeddable":true,"href":"https:\/\/tinyknit.eu\/fr\/wp-json\/wp\/v2\/product_brand?post=20091"},{"taxonomy":"product_cat","embeddable":true,"href":"https:\/\/tinyknit.eu\/fr\/wp-json\/wp\/v2\/product_cat?post=20091"},{"taxonomy":"product_tag","embeddable":true,"href":"https:\/\/tinyknit.eu\/fr\/wp-json\/wp\/v2\/product_tag?post=20091"}],"curies":[{"name":"wp","href":"https:\/\/api.w.org\/{rel}","templated":true}]}}