{"id":20018,"date":"2024-03-24T06:31:47","date_gmt":"2024-03-24T06:31:47","guid":{"rendered":"https:\/\/tinyknit.eu\/?post_type=product&#038;p=20018"},"modified":"2024-03-27T07:36:51","modified_gmt":"2024-03-27T07:36:51","slug":"hochet-en-tissu-lune-beige","status":"publish","type":"product","link":"https:\/\/tinyknit.eu\/fr\/product\/hochet-tissu\/hochet-en-tissu-lune-beige\/","title":{"rendered":"Hochet en tissu &#8211; Lune beige"},"content":{"rendered":"<p>Le hochet en tissu est un excellent cadeau pour la d\u00e9couverte joyeuse de votre b\u00e9b\u00e9 et d\u00e9veloppe les comp\u00e9tences motrices fines de l&rsquo;enfant. Le jouet tient confortablement dans la main du b\u00e9b\u00e9. Il est totalement s\u00fbr pour le b\u00e9b\u00e9 et n&rsquo;irrite pas la peau de b\u00e9b\u00e9. Le hochet en tissu a une texture douce et l\u00e9g\u00e8re parfaite pour la stimulation tactile.<br \/>\nLe cordon vous permet d&rsquo;attacher le jouet n&rsquo;importe o\u00f9 &#8211; par exemple, \u00e0 un berceau de b\u00e9b\u00e9 ou \u00e0 une sucette.<\/p>\n<p><strong>Mat\u00e9riau:<\/strong> 100% polyester<br \/>\n<strong>Rembourrage:<\/strong> 100% holofibre (rembourrage hypoallerg\u00e9nique)<br \/>\n<strong>Taille:<\/strong> ~10 x 9 cm<br \/>\n<strong>Longueur du cordon<\/strong>: ~13 cm<br \/>\n<strong>Poids:<\/strong> ~30g<br \/>\n<strong>Convient d\u00e8s la naissance.<\/strong><br \/>\nIl contient une clochette \u00e0 l&rsquo;int\u00e9rieur. Toutes les pi\u00e8ces sont solidement cousues \u00e0 la main.<br \/>\nAttention ! La sucette n&rsquo;est pas incluse dans l&rsquo;ensemble !<\/p>\n<p><strong>Contenu de l&rsquo;ensemble:<\/strong><br \/>\n\u2022 1x Hochet en tissu<\/p>\n<p><strong>Recommandations d&rsquo;entretien:<\/strong> Nettoyez avec de l&rsquo;eau ti\u00e8de savonneuse et laissez s\u00e9cher \u00e0 l&rsquo;air.<\/p>\n","protected":false},"excerpt":{"rendered":"<p>Le hochet en tissu est un excellent cadeau pour la d\u00e9couverte joyeuse de votre b\u00e9b\u00e9 et d\u00e9veloppe les comp\u00e9tences motrices fines de l&rsquo;enfant. Le jouet tient confortablement dans la main du b\u00e9b\u00e9. Il est totalement s\u00fbr pour le b\u00e9b\u00e9 et n&rsquo;irrite pas la peau de b\u00e9b\u00e9. Le hochet en tissu a une texture douce et l\u00e9g\u00e8re parfaite pour la stimulation tactile.<\/p>\n","protected":false},"featured_media":19166,"comment_status":"open","ping_status":"closed","template":"","meta":[],"product_brand":[],"product_cat":[335,341],"product_tag":[],"class_list":{"0":"post-20018","1":"product","2":"type-product","3":"status-publish","4":"has-post-thumbnail","6":"product_cat-hochet-tissu","7":"product_cat-pret-a-expedier","9":"first","10":"instock","11":"taxable","12":"shipping-taxable","13":"purchasable","14":"product-type-simple"},"_links":{"self":[{"href":"https:\/\/tinyknit.eu\/fr\/wp-json\/wp\/v2\/product\/20018","targetHints":{"allow":["GET"]}}],"collection":[{"href":"https:\/\/tinyknit.eu\/fr\/wp-json\/wp\/v2\/product"}],"about":[{"href":"https:\/\/tinyknit.eu\/fr\/wp-json\/wp\/v2\/types\/product"}],"replies":[{"embeddable":true,"href":"https:\/\/tinyknit.eu\/fr\/wp-json\/wp\/v2\/comments?post=20018"}],"version-history":[{"count":1,"href":"https:\/\/tinyknit.eu\/fr\/wp-json\/wp\/v2\/product\/20018\/revisions"}],"predecessor-version":[{"id":20019,"href":"https:\/\/tinyknit.eu\/fr\/wp-json\/wp\/v2\/product\/20018\/revisions\/20019"}],"wp:featuredmedia":[{"embeddable":true,"href":"https:\/\/tinyknit.eu\/fr\/wp-json\/wp\/v2\/media\/19166"}],"wp:attachment":[{"href":"https:\/\/tinyknit.eu\/fr\/wp-json\/wp\/v2\/media?parent=20018"}],"wp:term":[{"taxonomy":"product_brand","embeddable":true,"href":"https:\/\/tinyknit.eu\/fr\/wp-json\/wp\/v2\/product_brand?post=20018"},{"taxonomy":"product_cat","embeddable":true,"href":"https:\/\/tinyknit.eu\/fr\/wp-json\/wp\/v2\/product_cat?post=20018"},{"taxonomy":"product_tag","embeddable":true,"href":"https:\/\/tinyknit.eu\/fr\/wp-json\/wp\/v2\/product_tag?post=20018"}],"curies":[{"name":"wp","href":"https:\/\/api.w.org\/{rel}","templated":true}]}}