{"id":20008,"date":"2024-01-13T15:15:24","date_gmt":"2024-01-13T15:15:24","guid":{"rendered":"https:\/\/tinyknit.eu\/?post_type=product&#038;p=20008"},"modified":"2024-03-26T13:51:43","modified_gmt":"2024-03-26T13:51:43","slug":"decoration-de-chambre-denfant-jouet-peluche-chien-ballon-au-crochet","status":"publish","type":"product","link":"https:\/\/tinyknit.eu\/fr\/product\/decoration-interieure\/decoration-de-chambre-denfant-jouet-peluche-chien-ballon-au-crochet\/","title":{"rendered":"D\u00e9coration de chambre d&rsquo;enfant, jouet peluche &#8211; Chien ballon au crochet"},"content":{"rendered":"<p>Le chien ballon au crochet est un choix parfait pour d\u00e9corer la chambre de votre enfant. Les belles couleurs naturelles infuseront votre maison d&rsquo;une ambiance chaleureuse et accueillante. De plus, le chien ballon peut faire un cadeau merveilleux et unique.<\/p>\n<p><strong>Caract\u00e9ristiques :<\/strong><br \/>\n\u2022 Tous les jouets sont fabriqu\u00e9s \u00e0 partir de mat\u00e9riaux hypoallerg\u00e9niques, les rendant s\u00fbrs pour l&rsquo;enfant.<br \/>\n\u2022 Un jouet peut devenir un ajout int\u00e9ressant \u00e0 l&rsquo;int\u00e9rieur de la chambre de n&rsquo;importe quel enfant.<\/p>\n<p><strong>Taille :<\/strong> environ 20 x 11 cm<br \/>\n<strong>Mat\u00e9riau :<\/strong> Cet article est tricot\u00e9 \u00e0 la main avec des fils hypoallerg\u00e9niques, pelucheux et en coton. Il est rempli de holofibre et fabriqu\u00e9 dans un environnement sans fum\u00e9e et sans animaux domestiques.<\/p>\n<p><strong>Fabriqu\u00e9 en Estonie, Union europ\u00e9enne.<\/strong><\/p>\n<p><strong>Contenu de l&rsquo;ensemble :<\/strong><br \/>\n\u2022 1x Chien ballon<\/p>\n<p><strong>Recommandations d&rsquo;entretien :<\/strong><br \/>\n\u2022 Pour \u00e9viter les r\u00e9actions allergiques, utilisez des d\u00e9tergents liquides et hypoallerg\u00e9niques.<br \/>\n\u2022 Utilisez le cycle d\u00e9licat de la machine \u00e0 laver et r\u00e9glez la temp\u00e9rature \u00e0 30 degr\u00e9s pendant 30 minutes.<br \/>\n\u2022 Apr\u00e8s le lavage, posez le jouet \u00e0 plat pour s\u00e9cher.<\/p>\n","protected":false},"excerpt":{"rendered":"<p>Le chien ballon au crochet est un choix parfait pour d\u00e9corer la chambre de votre enfant. Les belles couleurs naturelles infuseront votre maison d&rsquo;une ambiance chaleureuse et accueillante. De plus, le chien ballon peut faire un cadeau merveilleux et unique.<\/p>\n","protected":false},"featured_media":20012,"comment_status":"open","ping_status":"closed","template":"","meta":[],"product_brand":[],"product_cat":[336,341,665],"product_tag":[],"class_list":{"0":"post-20008","1":"product","2":"type-product","3":"status-publish","4":"has-post-thumbnail","6":"product_cat-decoration-interieure","7":"product_cat-pret-a-expedier","8":"product_cat-promotions","10":"first","11":"instock","12":"sale","13":"taxable","14":"shipping-taxable","15":"purchasable","16":"product-type-simple"},"_links":{"self":[{"href":"https:\/\/tinyknit.eu\/fr\/wp-json\/wp\/v2\/product\/20008","targetHints":{"allow":["GET"]}}],"collection":[{"href":"https:\/\/tinyknit.eu\/fr\/wp-json\/wp\/v2\/product"}],"about":[{"href":"https:\/\/tinyknit.eu\/fr\/wp-json\/wp\/v2\/types\/product"}],"replies":[{"embeddable":true,"href":"https:\/\/tinyknit.eu\/fr\/wp-json\/wp\/v2\/comments?post=20008"}],"version-history":[{"count":1,"href":"https:\/\/tinyknit.eu\/fr\/wp-json\/wp\/v2\/product\/20008\/revisions"}],"predecessor-version":[{"id":20013,"href":"https:\/\/tinyknit.eu\/fr\/wp-json\/wp\/v2\/product\/20008\/revisions\/20013"}],"wp:featuredmedia":[{"embeddable":true,"href":"https:\/\/tinyknit.eu\/fr\/wp-json\/wp\/v2\/media\/20012"}],"wp:attachment":[{"href":"https:\/\/tinyknit.eu\/fr\/wp-json\/wp\/v2\/media?parent=20008"}],"wp:term":[{"taxonomy":"product_brand","embeddable":true,"href":"https:\/\/tinyknit.eu\/fr\/wp-json\/wp\/v2\/product_brand?post=20008"},{"taxonomy":"product_cat","embeddable":true,"href":"https:\/\/tinyknit.eu\/fr\/wp-json\/wp\/v2\/product_cat?post=20008"},{"taxonomy":"product_tag","embeddable":true,"href":"https:\/\/tinyknit.eu\/fr\/wp-json\/wp\/v2\/product_tag?post=20008"}],"curies":[{"name":"wp","href":"https:\/\/api.w.org\/{rel}","templated":true}]}}